{"id":12540,"date":"2017-01-10T12:43:16","date_gmt":"2017-01-10T12:43:16","guid":{"rendered":"http:\/\/liceofrancestenerife.es\/nuevaweb\/notas-del-director\/"},"modified":"2017-01-10T12:49:20","modified_gmt":"2017-01-10T12:49:20","slug":"notes-du-directeur","status":"publish","type":"page","link":"https:\/\/liceofrancestenerife.es\/fr\/notes-du-directeur\/","title":{"rendered":"Notes du directeur"},"content":{"rendered":"<div class=\"fusion-fullwidth fullwidth-box fusion-builder-row-1 nonhundred-percent-fullwidth non-hundred-percent-height-scrolling\" style=\"background-color: rgba(255,255,255,0);background-position: center center;background-repeat: no-repeat;padding-top:20px;padding-right:0px;padding-bottom:20px;padding-left:0px;margin-bottom: 0px;margin-top: 0px;border-width: 0px 0px 0px 0px;border-color:#eae9e9;border-style:solid;\" ><div class=\"fusion-builder-row fusion-row\"><div class=\"fusion-layout-column fusion_builder_column fusion-builder-column-0 fusion_builder_column_1_1 1_1 fusion-one-full fusion-column-first fusion-column-last\" style=\"margin-top:0px;margin-bottom:20px;\"><div class=\"fusion-column-wrapper fusion-flex-column-wrapper-legacy\" style=\"background-position:left top;background-repeat:no-repeat;-webkit-background-size:cover;-moz-background-size:cover;-o-background-size:cover;background-size:cover;padding: 0px 0px 0px 0px;\"><div class=\"fusion-blog-shortcode fusion-blog-shortcode-1 fusion-blog-archive fusion-blog-layout-grid-wrapper fusion-blog-pagination\"><style type=\"text\/css\">.fusion-blog-shortcode-1 .fusion-blog-layout-grid .fusion-post-grid{padding:20px;}.fusion-blog-shortcode-1 .fusion-posts-container{margin-left: -20px !important; margin-right:-20px !important;}<\/style><div class=\"fusion-posts-container fusion-posts-container-pagination fusion-blog-rollover fusion-blog-layout-grid fusion-blog-layout-grid-2 isotope\" data-pages=\"4\" data-grid-col-space=\"40\" style=\"margin: -20px -20px 0;min-height:500px;\"><article id=\"blog-1-post-26277\" class=\"fusion-post-grid post-26277 post type-post status-publish format-standard has-post-thumbnail hentry category-notes-du-directeur\">\n<div class=\"fusion-post-wrapper\" style=\"background-color:rgba(255,255,255,0);border:1px solid #ebeaea;border-bottom-width:3px;\">\n\n\t\t\t<div class=\"fusion-flexslider flexslider fusion-flexslider-loading fusion-post-slideshow\" style=\"border-color:#ebeaea;\">\n\t\t<ul class=\"slides\">\n\t\t\t\n\t\t\t\t\t\t\t\t\t\t\t\t\t\t<li>\n\n<div  class=\"fusion-image-wrapper\" aria-haspopup=\"true\">\n\t\n\t\n\t\n\t\t\n\t\t\t\t\t<img decoding=\"async\" width=\"794\" height=\"1123\" src=\"https:\/\/liceofrancestenerife.es\/nuevaweb\/wp-content\/uploads\/2019\/03\/Renouvellement-dinscription_es.jpg\" class=\"attachment-full size-full lazyload wp-post-image\" alt=\"\" srcset=\"data:image\/svg+xml,%3Csvg%20xmlns%3D%27http%3A%2F%2Fwww.w3.org%2F2000%2Fsvg%27%20width%3D%27794%27%20height%3D%271123%27%20viewBox%3D%270%200%20794%201123%27%3E%3Crect%20width%3D%27794%27%20height%3D%271123%27%20fill-opacity%3D%220%22%2F%3E%3C%2Fsvg%3E\" data-orig-src=\"https:\/\/liceofrancestenerife.es\/nuevaweb\/wp-content\/uploads\/2019\/03\/Renouvellement-dinscription_es.jpg\" data-srcset=\"https:\/\/liceofrancestenerife.es\/nuevaweb\/wp-content\/uploads\/2019\/03\/Renouvellement-dinscription_es-200x283.jpg 200w, https:\/\/liceofrancestenerife.es\/nuevaweb\/wp-content\/uploads\/2019\/03\/Renouvellement-dinscription_es-400x566.jpg 400w, https:\/\/liceofrancestenerife.es\/nuevaweb\/wp-content\/uploads\/2019\/03\/Renouvellement-dinscription_es-600x849.jpg 600w, https:\/\/liceofrancestenerife.es\/nuevaweb\/wp-content\/uploads\/2019\/03\/Renouvellement-dinscription_es.jpg 794w\" data-sizes=\"auto\" \/>\n\t\n\n\t\t<div class=\"fusion-rollover\">\n\t<div class=\"fusion-rollover-content\">\n\n\t\t\t\t\t\t\t\t\t\t\t\t\t\t<a class=\"fusion-rollover-link\" href=\"https:\/\/liceofrancestenerife.es\/fr\/renovacion-de-matricula-2019-2020-mensaje-del-director\/\">R\u00e9inscription 2019\/2020: message du proviseur<\/a>\n\t\t\t\n\t\t\t\t\t\t\t\t\t\t\t\t\t\t\n\t\t\t\t\t\t\t\t\n\t\t\t\t\t\t\t\t\t\t\t\t\t<div class=\"fusion-rollover-sep\"><\/div>\n\t\t\t\t\n\t\t\t\t\t\t\t\t\t\t\t\t\t\t\t\t\t\t<a class=\"fusion-rollover-gallery\" href=\"https:\/\/liceofrancestenerife.es\/nuevaweb\/wp-content\/uploads\/2019\/03\/Renouvellement-dinscription_es.jpg\" data-id=\"26277\" data-rel=\"iLightbox[gallery]\" data-title=\"Renouvellement d&#039;inscription_es\" data-caption=\"\">\n\t\t\t\t\t\tGallery\t\t\t\t\t<\/a>\n\t\t\t\t\t\t\t\t\t\t\t\t\t\t\n\t\t\n\t\t\t\t\t\t\t\t\t\t\t\t<h4 class=\"fusion-rollover-title\">\n\t\t\t\t\t<a class=\"fusion-rollover-title-link\" href=\"https:\/\/liceofrancestenerife.es\/fr\/renovacion-de-matricula-2019-2020-mensaje-del-director\/\">\n\t\t\t\t\t\tR\u00e9inscription 2019\/2020: message du proviseur\t\t\t\t\t<\/a>\n\t\t\t\t<\/h4>\n\t\t\t\n\t\t\t\t\t\t\t\t\t\t<div class=\"fusion-rollover-categories\"><a href=\"https:\/\/liceofrancestenerife.es\/fr\/category\/notes-du-directeur\/\" rel=\"tag\">Notes du directeur<\/a><\/div>\t\t\t\t\t\n\t\t\n\t\t\t\t\t\t<a class=\"fusion-link-wrapper\" href=\"https:\/\/liceofrancestenerife.es\/fr\/renovacion-de-matricula-2019-2020-mensaje-del-director\/\" aria-label=\"R\u00e9inscription 2019\/2020: message du proviseur\"><\/a>\n\t<\/div>\n<\/div>\n\n\t\n<\/div>\n<\/li>\n\t\t\t\n\t\t\t\n\t\t\t\t\t\t\t\t\t\t\t\t\t\t\t\t\t\t\t\t\t\t\t\t\t\t\t\t\t\t\t\t\t\t\t\t\t\t\t\t\t\t\t\t\t\t\t\t\t\t\t\t\t\t\t\t\t\t\t\t\t\t\t\t\t\t\t\t<\/ul>\n\t<\/div>\n\t<div class=\"fusion-post-content-wrapper\" style=\"padding:30px 25px 20px 25px;\"><div class=\"fusion-post-content post-content\"><h2 class=\"blog-shortcode-post-title entry-title\"><a href=\"https:\/\/liceofrancestenerife.es\/fr\/renovacion-de-matricula-2019-2020-mensaje-del-director\/\">R\u00e9inscription 2019\/2020: message du proviseur<\/a><\/h2><p class=\"fusion-single-line-meta\">By <span class=\"vcard\"><span class=\"fn\"><a href=\"https:\/\/liceofrancestenerife.es\/fr\/author\/charles-lambert\/\" title=\"Articles par charles-lambert\" rel=\"author\">charles-lambert<\/a><\/span><\/span><span class=\"fusion-inline-sep\">|<\/span><span class=\"updated\" style=\"display:none;\">2019-03-22T14:16:30+00:00<\/span><span>Mar 22, 2019<\/span><span class=\"fusion-inline-sep\">|<\/span>Categories: <a href=\"https:\/\/liceofrancestenerife.es\/fr\/category\/notes-du-directeur\/\" rel=\"category tag\">Notes du directeur<\/a><span class=\"fusion-inline-sep\">|<\/span><\/p><div class=\"fusion-content-sep sep-double sep-solid\" style=\"border-color:#ebeaea;\"><\/div><div class=\"fusion-post-content-container\"><p>    <\/p><\/div><\/div><div class=\"fusion-meta-info\"><div class=\"fusion-alignleft\"><a class=\"fusion-read-more\" href=\"https:\/\/liceofrancestenerife.es\/fr\/renovacion-de-matricula-2019-2020-mensaje-del-director\/\" aria-label=\"More on R\u00e9inscription 2019\/2020: message du proviseur\">Read More<\/a><\/div><div class=\"fusion-alignright\"><span>Commentaires ferm\u00e9s<span class=\"screen-reader-text\"> sur R\u00e9inscription 2019\/2020: message du proviseur<\/span><\/span><\/div><\/div><\/div><div class=\"fusion-clearfix\"><\/div><\/div>\n<\/article>\n<article id=\"blog-1-post-23730\" class=\"fusion-post-grid post-23730 post type-post status-publish format-standard has-post-thumbnail hentry category-notes-du-directeur\">\n<div class=\"fusion-post-wrapper\" style=\"background-color:rgba(255,255,255,0);border:1px solid #ebeaea;border-bottom-width:3px;\">\n\n\t\t\t<div class=\"fusion-flexslider flexslider fusion-flexslider-loading fusion-post-slideshow\" style=\"border-color:#ebeaea;\">\n\t\t<ul class=\"slides\">\n\t\t\t\n\t\t\t\t\t\t\t\t\t\t\t\t\t\t<li>\n\n<div  class=\"fusion-image-wrapper\" aria-haspopup=\"true\">\n\t\n\t\n\t\n\t\t\n\t\t\t\t\t<img decoding=\"async\" width=\"996\" height=\"620\" src=\"https:\/\/liceofrancestenerife.es\/nuevaweb\/wp-content\/uploads\/2018\/09\/Capture-du-2018-09-04-14-58-26.png\" class=\"attachment-full size-full lazyload wp-post-image\" alt=\"\" srcset=\"data:image\/svg+xml,%3Csvg%20xmlns%3D%27http%3A%2F%2Fwww.w3.org%2F2000%2Fsvg%27%20width%3D%27996%27%20height%3D%27620%27%20viewBox%3D%270%200%20996%20620%27%3E%3Crect%20width%3D%27996%27%20height%3D%27620%27%20fill-opacity%3D%220%22%2F%3E%3C%2Fsvg%3E\" data-orig-src=\"https:\/\/liceofrancestenerife.es\/nuevaweb\/wp-content\/uploads\/2018\/09\/Capture-du-2018-09-04-14-58-26.png\" data-srcset=\"https:\/\/liceofrancestenerife.es\/nuevaweb\/wp-content\/uploads\/2018\/09\/Capture-du-2018-09-04-14-58-26-200x124.png 200w, https:\/\/liceofrancestenerife.es\/nuevaweb\/wp-content\/uploads\/2018\/09\/Capture-du-2018-09-04-14-58-26-400x249.png 400w, https:\/\/liceofrancestenerife.es\/nuevaweb\/wp-content\/uploads\/2018\/09\/Capture-du-2018-09-04-14-58-26-600x373.png 600w, https:\/\/liceofrancestenerife.es\/nuevaweb\/wp-content\/uploads\/2018\/09\/Capture-du-2018-09-04-14-58-26-800x498.png 800w, https:\/\/liceofrancestenerife.es\/nuevaweb\/wp-content\/uploads\/2018\/09\/Capture-du-2018-09-04-14-58-26.png 996w\" data-sizes=\"auto\" \/>\n\t\n\n\t\t<div class=\"fusion-rollover\">\n\t<div class=\"fusion-rollover-content\">\n\n\t\t\t\t\t\t\t\t\t\t\t\t\t\t<a class=\"fusion-rollover-link\" href=\"https:\/\/liceofrancestenerife.es\/fr\/palabras-de-nuestro-director-para-empezar-el-curso\/\">Quelques mots de notre proviseur pour commencer cette ann\u00e9e<\/a>\n\t\t\t\n\t\t\t\t\t\t\t\t\t\t\t\t\t\t\n\t\t\t\t\t\t\t\t\n\t\t\t\t\t\t\t\t\t\t\t\t\t<div class=\"fusion-rollover-sep\"><\/div>\n\t\t\t\t\n\t\t\t\t\t\t\t\t\t\t\t\t\t\t\t\t\t\t<a class=\"fusion-rollover-gallery\" href=\"https:\/\/liceofrancestenerife.es\/nuevaweb\/wp-content\/uploads\/2018\/09\/Capture-du-2018-09-04-14-58-26.png\" data-id=\"23730\" data-rel=\"iLightbox[gallery]\" data-title=\"Capture du 2018-09-04 14-58-26\" data-caption=\"\">\n\t\t\t\t\t\tGallery\t\t\t\t\t<\/a>\n\t\t\t\t\t\t\t\t\t\t\t\t\t\t\n\t\t\n\t\t\t\t\t\t\t\t\t\t\t\t<h4 class=\"fusion-rollover-title\">\n\t\t\t\t\t<a class=\"fusion-rollover-title-link\" href=\"https:\/\/liceofrancestenerife.es\/fr\/palabras-de-nuestro-director-para-empezar-el-curso\/\">\n\t\t\t\t\t\tQuelques mots de notre proviseur pour commencer cette ann\u00e9e\t\t\t\t\t<\/a>\n\t\t\t\t<\/h4>\n\t\t\t\n\t\t\t\t\t\t\t\t\t\t<div class=\"fusion-rollover-categories\"><a href=\"https:\/\/liceofrancestenerife.es\/fr\/category\/notes-du-directeur\/\" rel=\"tag\">Notes du directeur<\/a><\/div>\t\t\t\t\t\n\t\t\n\t\t\t\t\t\t<a class=\"fusion-link-wrapper\" href=\"https:\/\/liceofrancestenerife.es\/fr\/palabras-de-nuestro-director-para-empezar-el-curso\/\" aria-label=\"Quelques mots de notre proviseur pour commencer cette ann\u00e9e\"><\/a>\n\t<\/div>\n<\/div>\n\n\t\n<\/div>\n<\/li>\n\t\t\t\n\t\t\t\n\t\t\t\t\t\t\t\t\t\t\t\t\t\t\t\t\t\t\t\t\t\t\t\t\t\t\t\t\t\t\t\t\t\t\t\t\t\t\t\t\t\t\t\t\t\t\t\t\t\t\t\t\t\t\t\t\t\t\t\t\t\t\t\t\t\t\t\t<\/ul>\n\t<\/div>\n\t<div class=\"fusion-post-content-wrapper\" style=\"padding:30px 25px 20px 25px;\"><div class=\"fusion-post-content post-content\"><h2 class=\"blog-shortcode-post-title entry-title\"><a href=\"https:\/\/liceofrancestenerife.es\/fr\/palabras-de-nuestro-director-para-empezar-el-curso\/\">Quelques mots de notre proviseur pour commencer cette ann\u00e9e<\/a><\/h2><p class=\"fusion-single-line-meta\">By <span class=\"vcard\"><span class=\"fn\"><a href=\"https:\/\/liceofrancestenerife.es\/fr\/author\/charles-lambert\/\" title=\"Articles par charles-lambert\" rel=\"author\">charles-lambert<\/a><\/span><\/span><span class=\"fusion-inline-sep\">|<\/span><span class=\"updated\" style=\"display:none;\">2018-09-04T15:03:28+01:00<\/span><span>Sep 4, 2018<\/span><span class=\"fusion-inline-sep\">|<\/span>Categories: <a href=\"https:\/\/liceofrancestenerife.es\/fr\/category\/notes-du-directeur\/\" rel=\"category tag\">Notes du directeur<\/a><span class=\"fusion-inline-sep\">|<\/span><\/p><div class=\"fusion-content-sep sep-double sep-solid\" style=\"border-color:#ebeaea;\"><\/div><div class=\"fusion-post-content-container\"><p> <\/p><\/div><\/div><div class=\"fusion-meta-info\"><div class=\"fusion-alignleft\"><a class=\"fusion-read-more\" href=\"https:\/\/liceofrancestenerife.es\/fr\/palabras-de-nuestro-director-para-empezar-el-curso\/\" aria-label=\"More on Quelques mots de notre proviseur pour commencer cette ann\u00e9e\">Read More<\/a><\/div><div class=\"fusion-alignright\"><span>Commentaires ferm\u00e9s<span class=\"screen-reader-text\"> sur Quelques mots de notre proviseur pour commencer cette ann\u00e9e<\/span><\/span><\/div><\/div><\/div><div class=\"fusion-clearfix\"><\/div><\/div>\n<\/article>\n<article id=\"blog-1-post-18382\" class=\"fusion-post-grid post-18382 post type-post status-publish format-standard has-post-thumbnail hentry category-bachibac category-elementaire category-liens-pour-parents category-maternelle category-notes-du-directeur category-secondaire category-visites-reunions tag-vuelta-al-cole-fr\">\n<div class=\"fusion-post-wrapper\" style=\"background-color:rgba(255,255,255,0);border:1px solid #ebeaea;border-bottom-width:3px;\">\n\n\t\t\t<div class=\"fusion-flexslider flexslider fusion-flexslider-loading fusion-post-slideshow\" style=\"border-color:#ebeaea;\">\n\t\t<ul class=\"slides\">\n\t\t\t\n\t\t\t\t\t\t\t\t\t\t\t\t\t\t<li>\n\n<div  class=\"fusion-image-wrapper\" aria-haspopup=\"true\">\n\t\n\t\n\t\n\t\t\n\t\t\t\t\t<img decoding=\"async\" width=\"797\" height=\"598\" src=\"https:\/\/liceofrancestenerife.es\/nuevaweb\/wp-content\/uploads\/2017\/09\/Liceo-vuelta-cole.png\" class=\"attachment-full size-full lazyload wp-post-image\" alt=\"Lycee Fra\u00e7ais Rentree scolaire\" srcset=\"data:image\/svg+xml,%3Csvg%20xmlns%3D%27http%3A%2F%2Fwww.w3.org%2F2000%2Fsvg%27%20width%3D%27797%27%20height%3D%27598%27%20viewBox%3D%270%200%20797%20598%27%3E%3Crect%20width%3D%27797%27%20height%3D%27598%27%20fill-opacity%3D%220%22%2F%3E%3C%2Fsvg%3E\" data-orig-src=\"https:\/\/liceofrancestenerife.es\/nuevaweb\/wp-content\/uploads\/2017\/09\/Liceo-vuelta-cole.png\" data-srcset=\"https:\/\/liceofrancestenerife.es\/nuevaweb\/wp-content\/uploads\/2017\/09\/Liceo-vuelta-cole-200x150.png 200w, https:\/\/liceofrancestenerife.es\/nuevaweb\/wp-content\/uploads\/2017\/09\/Liceo-vuelta-cole-400x300.png 400w, https:\/\/liceofrancestenerife.es\/nuevaweb\/wp-content\/uploads\/2017\/09\/Liceo-vuelta-cole-600x450.png 600w, https:\/\/liceofrancestenerife.es\/nuevaweb\/wp-content\/uploads\/2017\/09\/Liceo-vuelta-cole.png 797w\" data-sizes=\"auto\" \/>\n\t\n\n\t\t<div class=\"fusion-rollover\">\n\t<div class=\"fusion-rollover-content\">\n\n\t\t\t\t\t\t\t\t\t\t\t\t\t\t<a class=\"fusion-rollover-link\" href=\"https:\/\/liceofrancestenerife.es\/fr\/une-nouvelle-annee-scolaire-commence\/\">Une nouvelle ann\u00e9e scolaire commence !<\/a>\n\t\t\t\n\t\t\t\t\t\t\t\t\t\t\t\t\t\t\n\t\t\t\t\t\t\t\t\n\t\t\t\t\t\t\t\t\t\t\t\t\t<div class=\"fusion-rollover-sep\"><\/div>\n\t\t\t\t\n\t\t\t\t\t\t\t\t\t\t\t\t\t\t\t\t\t\t<a class=\"fusion-rollover-gallery\" href=\"https:\/\/liceofrancestenerife.es\/nuevaweb\/wp-content\/uploads\/2017\/09\/Liceo-vuelta-cole.png\" data-id=\"18382\" data-rel=\"iLightbox[gallery]\" data-title=\"Lycee Fra\u00e7ais Rentree scolaire\" data-caption=\"\">\n\t\t\t\t\t\tGallery\t\t\t\t\t<\/a>\n\t\t\t\t\t\t\t\t\t\t\t\t\t\t\n\t\t\n\t\t\t\t\t\t\t\t\t\t\t\t<h4 class=\"fusion-rollover-title\">\n\t\t\t\t\t<a class=\"fusion-rollover-title-link\" href=\"https:\/\/liceofrancestenerife.es\/fr\/une-nouvelle-annee-scolaire-commence\/\">\n\t\t\t\t\t\tUne nouvelle ann\u00e9e scolaire commence !\t\t\t\t\t<\/a>\n\t\t\t\t<\/h4>\n\t\t\t\n\t\t\t\t\t\t\t\t\t\t<div class=\"fusion-rollover-categories\"><a href=\"https:\/\/liceofrancestenerife.es\/fr\/category\/bachibac\/\" rel=\"tag\">Bachibac<\/a>, <a href=\"https:\/\/liceofrancestenerife.es\/fr\/category\/elementaire\/\" rel=\"tag\">\u00c9l\u00e9mentaire<\/a>, <a href=\"https:\/\/liceofrancestenerife.es\/fr\/category\/liens-pour-parents\/\" rel=\"tag\">Liens pour parents<\/a>, <a href=\"https:\/\/liceofrancestenerife.es\/fr\/category\/maternelle\/\" rel=\"tag\">Maternelle<\/a>, <a href=\"https:\/\/liceofrancestenerife.es\/fr\/category\/notes-du-directeur\/\" rel=\"tag\">Notes du directeur<\/a>, <a href=\"https:\/\/liceofrancestenerife.es\/fr\/category\/secondaire\/\" rel=\"tag\">Secondaire<\/a>, <a href=\"https:\/\/liceofrancestenerife.es\/fr\/category\/visites-reunions\/\" rel=\"tag\">Visites \/ r\u00e9unions<\/a><\/div>\t\t\t\t\t\n\t\t\n\t\t\t\t\t\t<a class=\"fusion-link-wrapper\" href=\"https:\/\/liceofrancestenerife.es\/fr\/une-nouvelle-annee-scolaire-commence\/\" aria-label=\"Une nouvelle ann\u00e9e scolaire commence !\"><\/a>\n\t<\/div>\n<\/div>\n\n\t\n<\/div>\n<\/li>\n\t\t\t\n\t\t\t\n\t\t\t\t\t\t\t\t\t\t\t\t\t\t\t\t\t\t\t\t\t\t\t\t\t\t\t\t\t\t\t\t\t\t\t\t\t\t\t\t\t\t\t\t\t\t\t\t\t\t\t\t\t\t\t\t\t\t\t\t\t\t\t\t\t\t\t\t<\/ul>\n\t<\/div>\n\t<div class=\"fusion-post-content-wrapper\" style=\"padding:30px 25px 20px 25px;\"><div class=\"fusion-post-content post-content\"><h2 class=\"blog-shortcode-post-title entry-title\"><a href=\"https:\/\/liceofrancestenerife.es\/fr\/une-nouvelle-annee-scolaire-commence\/\">Une nouvelle ann\u00e9e scolaire commence !<\/a><\/h2><p class=\"fusion-single-line-meta\">By <span class=\"vcard\"><span class=\"fn\"><a href=\"https:\/\/liceofrancestenerife.es\/fr\/author\/adminnex\/\" title=\"Articles par Liceo Franc\u00e9s de Tenerife\" rel=\"author\">Liceo Franc\u00e9s de Tenerife<\/a><\/span><\/span><span class=\"fusion-inline-sep\">|<\/span><span class=\"updated\" style=\"display:none;\">2017-09-05T13:31:37+01:00<\/span><span>Sep 1, 2017<\/span><span class=\"fusion-inline-sep\">|<\/span>Categories: <a href=\"https:\/\/liceofrancestenerife.es\/fr\/category\/bachibac\/\" rel=\"category tag\">Bachibac<\/a>, <a href=\"https:\/\/liceofrancestenerife.es\/fr\/category\/elementaire\/\" rel=\"category tag\">\u00c9l\u00e9mentaire<\/a>, <a href=\"https:\/\/liceofrancestenerife.es\/fr\/category\/liens-pour-parents\/\" rel=\"category tag\">Liens pour parents<\/a>, <a href=\"https:\/\/liceofrancestenerife.es\/fr\/category\/maternelle\/\" rel=\"category tag\">Maternelle<\/a>, <a href=\"https:\/\/liceofrancestenerife.es\/fr\/category\/notes-du-directeur\/\" rel=\"category tag\">Notes du directeur<\/a>, <a href=\"https:\/\/liceofrancestenerife.es\/fr\/category\/secondaire\/\" rel=\"category tag\">Secondaire<\/a>, <a href=\"https:\/\/liceofrancestenerife.es\/fr\/category\/visites-reunions\/\" rel=\"category tag\">Visites \/ r\u00e9unions<\/a><span class=\"fusion-inline-sep\">|<\/span><span class=\"meta-tags\">Tags: <a href=\"https:\/\/liceofrancestenerife.es\/fr\/tag\/vuelta-al-cole-fr\/\" rel=\"tag\">Vuelta al cole<\/a><\/span><span class=\"fusion-inline-sep\">|<\/span><\/p><div class=\"fusion-content-sep sep-double sep-solid\" style=\"border-color:#ebeaea;\"><\/div><div class=\"fusion-post-content-container\"><p>LYCEE FRAN\u00c7AIS JULES VERNE Herv\u00e9 SAINT MEZARD Proviseur \/ Director Santa Cruz de Tenerife, le 01\/09\/17 Chers parents, Une nouvelle ann\u00e9e scolaire commence, pleine de projets et d\u2019enthousiasme\u00a0! L\u2019excellence de nos r\u00e9sultats reste une constante\u2026 [...]<\/p><\/div><\/div><div class=\"fusion-meta-info\"><div class=\"fusion-alignleft\"><a class=\"fusion-read-more\" href=\"https:\/\/liceofrancestenerife.es\/fr\/une-nouvelle-annee-scolaire-commence\/\" aria-label=\"More on Une nouvelle ann\u00e9e scolaire commence !\">Read More<\/a><\/div><div class=\"fusion-alignright\"><span>Commentaires ferm\u00e9s<span class=\"screen-reader-text\"> sur Une nouvelle ann\u00e9e scolaire commence !<\/span><\/span><\/div><\/div><\/div><div class=\"fusion-clearfix\"><\/div><\/div>\n<\/article>\n<article id=\"blog-1-post-11067\" class=\"fusion-post-grid post-11067 post type-post status-publish format-standard has-post-thumbnail hentry category-bachibac category-notes-du-directeur category-visites-reunions\">\n<div class=\"fusion-post-wrapper\" style=\"background-color:rgba(255,255,255,0);border:1px solid #ebeaea;border-bottom-width:3px;\">\n\n\t\t\t<div class=\"fusion-flexslider flexslider fusion-flexslider-loading fusion-post-slideshow\" style=\"border-color:#ebeaea;\">\n\t\t<ul class=\"slides\">\n\t\t\t\n\t\t\t\t\t\t\t\t\t\t\t\t\t\t<li>\n\n<div  class=\"fusion-image-wrapper\" aria-haspopup=\"true\">\n\t\n\t\n\t\n\t\t\n\t\t\t\t\t<img decoding=\"async\" width=\"1080\" height=\"955\" src=\"https:\/\/liceofrancestenerife.es\/nuevaweb\/wp-content\/uploads\/2016\/12\/Liceo-visita-1-2.png\" class=\"attachment-full size-full lazyload wp-post-image\" alt=\"\" srcset=\"data:image\/svg+xml,%3Csvg%20xmlns%3D%27http%3A%2F%2Fwww.w3.org%2F2000%2Fsvg%27%20width%3D%271080%27%20height%3D%27955%27%20viewBox%3D%270%200%201080%20955%27%3E%3Crect%20width%3D%271080%27%20height%3D%27955%27%20fill-opacity%3D%220%22%2F%3E%3C%2Fsvg%3E\" data-orig-src=\"https:\/\/liceofrancestenerife.es\/nuevaweb\/wp-content\/uploads\/2016\/12\/Liceo-visita-1-2.png\" data-srcset=\"https:\/\/liceofrancestenerife.es\/nuevaweb\/wp-content\/uploads\/2016\/12\/Liceo-visita-1-2-200x177.png 200w, https:\/\/liceofrancestenerife.es\/nuevaweb\/wp-content\/uploads\/2016\/12\/Liceo-visita-1-2-400x354.png 400w, https:\/\/liceofrancestenerife.es\/nuevaweb\/wp-content\/uploads\/2016\/12\/Liceo-visita-1-2-600x531.png 600w, https:\/\/liceofrancestenerife.es\/nuevaweb\/wp-content\/uploads\/2016\/12\/Liceo-visita-1-2-800x707.png 800w, https:\/\/liceofrancestenerife.es\/nuevaweb\/wp-content\/uploads\/2016\/12\/Liceo-visita-1-2.png 1080w\" data-sizes=\"auto\" \/>\n\t\n\n\t\t<div class=\"fusion-rollover\">\n\t<div class=\"fusion-rollover-content\">\n\n\t\t\t\t\t\t\t\t\t\t\t\t\t\t<a class=\"fusion-rollover-link\" href=\"https:\/\/liceofrancestenerife.es\/fr\/visite-de-gabriel-ancien-eleve-lycee\/\">Visites d&#8217;anciens \u00e9l\u00e8ves du Lyc\u00e9e<\/a>\n\t\t\t\n\t\t\t\t\t\t\t\t\t\t\t\t\t\t\n\t\t\t\t\t\t\t\t\n\t\t\t\t\t\t\t\t\t\t\t\t\t<div class=\"fusion-rollover-sep\"><\/div>\n\t\t\t\t\n\t\t\t\t\t\t\t\t\t\t\t\t\t\t\t\t\t\t<a class=\"fusion-rollover-gallery\" href=\"https:\/\/liceofrancestenerife.es\/nuevaweb\/wp-content\/uploads\/2016\/12\/Liceo-visita-1-2.png\" data-id=\"11067\" data-rel=\"iLightbox[gallery]\" data-title=\"Liceo-visita-1\" data-caption=\"\">\n\t\t\t\t\t\tGallery\t\t\t\t\t<\/a>\n\t\t\t\t\t\t\t\t\t\t\t\t\t\t\n\t\t\n\t\t\t\t\t\t\t\t\t\t\t\t<h4 class=\"fusion-rollover-title\">\n\t\t\t\t\t<a class=\"fusion-rollover-title-link\" href=\"https:\/\/liceofrancestenerife.es\/fr\/visite-de-gabriel-ancien-eleve-lycee\/\">\n\t\t\t\t\t\tVisites d&#8217;anciens \u00e9l\u00e8ves du Lyc\u00e9e\t\t\t\t\t<\/a>\n\t\t\t\t<\/h4>\n\t\t\t\n\t\t\t\t\t\t\t\t\t\t<div class=\"fusion-rollover-categories\"><a href=\"https:\/\/liceofrancestenerife.es\/fr\/category\/bachibac\/\" rel=\"tag\">Bachibac<\/a>, <a href=\"https:\/\/liceofrancestenerife.es\/fr\/category\/notes-du-directeur\/\" rel=\"tag\">Notes du directeur<\/a>, <a href=\"https:\/\/liceofrancestenerife.es\/fr\/category\/visites-reunions\/\" rel=\"tag\">Visites \/ r\u00e9unions<\/a><\/div>\t\t\t\t\t\n\t\t\n\t\t\t\t\t\t<a class=\"fusion-link-wrapper\" href=\"https:\/\/liceofrancestenerife.es\/fr\/visite-de-gabriel-ancien-eleve-lycee\/\" aria-label=\"Visites d&#8217;anciens \u00e9l\u00e8ves du Lyc\u00e9e\"><\/a>\n\t<\/div>\n<\/div>\n\n\t\n<\/div>\n<\/li>\n\t\t\t\n\t\t\t\n\t\t\t\t\t\t\t\t\t\t\t\t\t\t\t\t\t\t\t\t\t\t\t\t\t\t\t\t\t\t\t\t\t\t\t\t\t\t\t\t\t\t\t\t\t\t\t\t\t\t\t\t\t\t\t\t\t\t\t\t\t\t\t\t\t\t\t\t<\/ul>\n\t<\/div>\n\t<div class=\"fusion-post-content-wrapper\" style=\"padding:30px 25px 20px 25px;\"><div class=\"fusion-post-content post-content\"><h2 class=\"blog-shortcode-post-title entry-title\"><a href=\"https:\/\/liceofrancestenerife.es\/fr\/visite-de-gabriel-ancien-eleve-lycee\/\">Visites d&#8217;anciens \u00e9l\u00e8ves du Lyc\u00e9e<\/a><\/h2><p class=\"fusion-single-line-meta\">By <span class=\"vcard\"><span class=\"fn\"><a href=\"https:\/\/liceofrancestenerife.es\/fr\/author\/adminnex\/\" title=\"Articles par Liceo Franc\u00e9s de Tenerife\" rel=\"author\">Liceo Franc\u00e9s de Tenerife<\/a><\/span><\/span><span class=\"fusion-inline-sep\">|<\/span><span class=\"updated\" style=\"display:none;\">2017-01-05T10:25:23+00:00<\/span><span>D\u00e9c 20, 2016<\/span><span class=\"fusion-inline-sep\">|<\/span>Categories: <a href=\"https:\/\/liceofrancestenerife.es\/fr\/category\/bachibac\/\" rel=\"category tag\">Bachibac<\/a>, <a href=\"https:\/\/liceofrancestenerife.es\/fr\/category\/notes-du-directeur\/\" rel=\"category tag\">Notes du directeur<\/a>, <a href=\"https:\/\/liceofrancestenerife.es\/fr\/category\/visites-reunions\/\" rel=\"category tag\">Visites \/ r\u00e9unions<\/a><span class=\"fusion-inline-sep\">|<\/span><\/p><div class=\"fusion-content-sep sep-double sep-solid\" style=\"border-color:#ebeaea;\"><\/div><div class=\"fusion-post-content-container\"><p>Visite de Javier et Manuel anciens \u00e9l\u00e8ves actuellement \u00e9tudiants \u00e0 Madrid en sciences politiques. Un plasir de retrouver ces jeunes souriant! \u00a0 \u00a0 Visite de Juan Pedro ancien \u00e9leve actuellement \u00e9tudiant aux \u00c9tats-Unis en \u00e9cole [...]<\/p><\/div><\/div><div class=\"fusion-meta-info\"><div class=\"fusion-alignleft\"><a class=\"fusion-read-more\" href=\"https:\/\/liceofrancestenerife.es\/fr\/visite-de-gabriel-ancien-eleve-lycee\/\" aria-label=\"More on Visites d&#8217;anciens \u00e9l\u00e8ves du Lyc\u00e9e\">Read More<\/a><\/div><div class=\"fusion-alignright\"><span>Commentaires ferm\u00e9s<span class=\"screen-reader-text\"> sur Visites d&#8217;anciens \u00e9l\u00e8ves du Lyc\u00e9e<\/span><\/span><\/div><\/div><\/div><div class=\"fusion-clearfix\"><\/div><\/div>\n<\/article>\n<div class=\"fusion-clearfix\"><\/div><\/div><div class=\"pagination clearfix\"><span class=\"current\">1<\/span><a href=\"https:\/\/liceofrancestenerife.es\/fr\/wp-json\/wp\/v2\/pages\/12540\/page\/2\/\" class=\"inactive\">2<\/a><a class=\"pagination-next\" rel=\"next\" href=\"https:\/\/liceofrancestenerife.es\/fr\/wp-json\/wp\/v2\/pages\/12540\/page\/2\/\"><span class=\"page-text\">Prochaine<\/span><span class=\"page-next\"><\/span><\/a><\/div><div class=\"fusion-clearfix\"><\/div><\/div><div class=\"fusion-clearfix\"><\/div><\/div><\/div><\/div><\/div>\n","protected":false},"excerpt":{"rendered":"","protected":false},"author":1,"featured_media":0,"parent":0,"menu_order":0,"comment_status":"closed","ping_status":"closed","template":"","meta":{"footnotes":""},"class_list":["post-12540","page","type-page","status-publish","hentry"],"_links":{"self":[{"href":"https:\/\/liceofrancestenerife.es\/fr\/wp-json\/wp\/v2\/pages\/12540","targetHints":{"allow":["GET"]}}],"collection":[{"href":"https:\/\/liceofrancestenerife.es\/fr\/wp-json\/wp\/v2\/pages"}],"about":[{"href":"https:\/\/liceofrancestenerife.es\/fr\/wp-json\/wp\/v2\/types\/page"}],"author":[{"embeddable":true,"href":"https:\/\/liceofrancestenerife.es\/fr\/wp-json\/wp\/v2\/users\/1"}],"replies":[{"embeddable":true,"href":"https:\/\/liceofrancestenerife.es\/fr\/wp-json\/wp\/v2\/comments?post=12540"}],"version-history":[{"count":1,"href":"https:\/\/liceofrancestenerife.es\/fr\/wp-json\/wp\/v2\/pages\/12540\/revisions"}],"predecessor-version":[{"id":12541,"href":"https:\/\/liceofrancestenerife.es\/fr\/wp-json\/wp\/v2\/pages\/12540\/revisions\/12541"}],"wp:attachment":[{"href":"https:\/\/liceofrancestenerife.es\/fr\/wp-json\/wp\/v2\/media?parent=12540"}],"curies":[{"name":"wp","href":"https:\/\/api.w.org\/{rel}","templated":true}]}}