{"id":12592,"date":"2017-01-10T14:22:59","date_gmt":"2017-01-10T14:22:59","guid":{"rendered":"http:\/\/liceofrancestenerife.es\/nuevaweb\/?page_id=12592\/"},"modified":"2024-06-14T13:52:49","modified_gmt":"2024-06-14T12:52:49","slug":"mediatheque","status":"publish","type":"page","link":"https:\/\/liceofrancestenerife.es\/fr\/mediatheque\/","title":{"rendered":"M\u00e9diath\u00e8que"},"content":{"rendered":"<div class=\"fusion-fullwidth fullwidth-box fusion-builder-row-1 nonhundred-percent-fullwidth non-hundred-percent-height-scrolling\" style=\"background-color: rgba(255,255,255,0);background-position: center center;background-repeat: no-repeat;padding-top:20px;padding-right:0px;padding-bottom:20px;padding-left:0px;margin-bottom: 0px;margin-top: 0px;border-width: 0px 0px 0px 0px;border-color:#eae9e9;border-style:solid;\" ><div class=\"fusion-builder-row fusion-row\"><div class=\"fusion-layout-column fusion_builder_column fusion-builder-column-0 fusion_builder_column_1_1 1_1 fusion-one-full fusion-column-first fusion-column-last\" style=\"margin-top:0px;margin-bottom:20px;\"><div class=\"fusion-column-wrapper fusion-flex-column-wrapper-legacy\" style=\"background-position:left top;background-repeat:no-repeat;-webkit-background-size:cover;-moz-background-size:cover;-o-background-size:cover;background-size:cover;padding: 0px 0px 0px 0px;\"><div class=\"fusion-clearfix\"><\/div><\/div><\/div><div class=\"fusion-layout-column fusion_builder_column fusion-builder-column-1 fusion_builder_column_1_1 1_1 fusion-one-full fusion-column-first fusion-column-last\" style=\"margin-top:0px;margin-bottom:20px;\"><div class=\"fusion-column-wrapper fusion-flex-column-wrapper-legacy\" style=\"background-position:left top;background-repeat:no-repeat;-webkit-background-size:cover;-moz-background-size:cover;-o-background-size:cover;background-size:cover;padding: 0px 0px 0px 0px;\"><style type=\"text\/css\"><\/style><div class=\"fusion-title title fusion-title-1 fusion-sep-none fusion-title-text fusion-title-size-three\" style=\"margin-top:0px;margin-right:0px;margin-bottom:31px;margin-left:0px;\"><h3 class=\"title-heading-left\" style=\"margin:0;\"><h1>La m\u00e9diath\u00e8que<\/h1><\/h3><\/div><div class=\"fusion-text fusion-text-1\"><p>Ouverte en 2019, notre nouvelle m\u00e9diath\u00e8que est un grand espace polyvalent et modulable, con\u00e7u pour accueillir nos \u00e9l\u00e8ves du Primaire et du Secondaire, ainsi que les diverses activit\u00e9s, r\u00e9unions et conf\u00e9rences organis\u00e9es au cours de l&#8217;ann\u00e9e scolaire.<\/p>\n<p>C&#8217;est un espace qui peut \u00e9voluer facilement selon les activit\u00e9s du moment gr\u00e2ce \u00e0 la modularit\u00e9 de son mobilier (flexible, \u00e0 roulettes&#8230;). L&#8217;installation d&#8217;une grande cloison-porte vitr\u00e9e entre la BCD* (<i>niveau primaire<\/i>) et le CDI* (<i>niveau secondaire<\/i>) facilite l&#8217;activit\u00e9 simultan\u00e9e de classes de niveaux diff\u00e9rents.<\/p>\n<p>Notre m\u00e9diath\u00e8que est un espace lumineux, flexible et confortable, con\u00e7u afin que chacun puisse se sentir \u00e0 l&#8217;aise pour lire, travailler, trouver l&#8217;information qu&#8217;il souhaite ou tout simplement se d\u00e9tendre.<\/p>\n<p><span style=\"font-size: small;\">* BCD (Biblioth\u00e8que Centre de Documentation) ; CDI (Centre de Documentation et d&#8217;Information)<\/span><\/p>\n<\/div><span class=\" fusion-imageframe imageframe-none imageframe-1 hover-type-none\"><img decoding=\"async\" width=\"1300\" height=\"867\" title=\"BCD11\" src=\"https:\/\/liceofrancestenerife.es\/nuevaweb\/wp-content\/uploads\/2020\/07\/BCD11.jpg\" data-orig-src=\"https:\/\/liceofrancestenerife.es\/nuevaweb\/wp-content\/uploads\/2020\/07\/BCD11.jpg\" class=\"lazyload img-responsive wp-image-31645\" srcset=\"data:image\/svg+xml,%3Csvg%20xmlns%3D%27http%3A%2F%2Fwww.w3.org%2F2000%2Fsvg%27%20width%3D%271300%27%20height%3D%27867%27%20viewBox%3D%270%200%201300%20867%27%3E%3Crect%20width%3D%271300%27%20height%3D%27867%27%20fill-opacity%3D%220%22%2F%3E%3C%2Fsvg%3E\" data-srcset=\"https:\/\/liceofrancestenerife.es\/nuevaweb\/wp-content\/uploads\/2020\/07\/BCD11-200x133.jpg 200w, https:\/\/liceofrancestenerife.es\/nuevaweb\/wp-content\/uploads\/2020\/07\/BCD11-400x267.jpg 400w, https:\/\/liceofrancestenerife.es\/nuevaweb\/wp-content\/uploads\/2020\/07\/BCD11-600x400.jpg 600w, https:\/\/liceofrancestenerife.es\/nuevaweb\/wp-content\/uploads\/2020\/07\/BCD11-800x534.jpg 800w, https:\/\/liceofrancestenerife.es\/nuevaweb\/wp-content\/uploads\/2020\/07\/BCD11-1200x800.jpg 1200w, https:\/\/liceofrancestenerife.es\/nuevaweb\/wp-content\/uploads\/2020\/07\/BCD11.jpg 1300w\" data-sizes=\"auto\" data-orig-sizes=\"(max-width: 800px) 100vw, 1300px\" \/><\/span><style type=\"text\/css\"><\/style><div class=\"fusion-title title fusion-title-2 fusion-sep-none fusion-title-text fusion-title-size-three\" style=\"margin-top:40px;margin-right:0px;margin-bottom:31px;margin-left:0px;\"><h3 class=\"title-heading-left\" style=\"margin:0;\"><h2><span style=\"font-size: large;\"><b>Fiche d&#8217;identit\u00e9 de la m\u00e9diath\u00e8que<\/b><\/span><\/h2><\/h3><\/div><div class=\"fusion-text fusion-text-2\"><p><strong><b>Accueil <\/b><\/strong><strong>:<\/strong> \u00e9l\u00e8ves de maternelle, \u00e9l\u00e9mentaire, coll\u00e8ge et lyc\u00e9e ; enseignants et personnel de l&#8217;\u00e9tablissement<\/p>\n<p><strong>Horaires d\u2019ouverture<\/strong> : du lundi au vendredi de 8h00 \u00e0 17h<\/p>\n<p><b>Organisation des espaces<\/b> : la m\u00e9diath\u00e8que est organis\u00e9e autour de deux espaces :<\/p>\n<p>&#8211; La BCD (<i>Biblioth\u00e8que Centre de Documentation<\/i>) pour les \u00e9l\u00e8ves du Primaire<br \/>\n&#8211; Le CDI (<i>Centre de Documentation et d\u2019Information<\/i>) pour les \u00e9l\u00e8ves du Secondaire<\/p>\n<p><b>Ressources<\/b> : en fran\u00e7ais, espagnol et anglais<\/p>\n<p>&#8211; Livres de fiction (<i>romans, contes, bandes dessin\u00e9es, po\u00e9sie, th\u00e9\u00e2tre&#8230;<\/i>)<br \/>\n&#8211; Livres documentaires<br \/>\n&#8211; Ressources p\u00e9dagogiques<br \/>\n&#8211; Revues<br \/>\n&#8211; CD, DVD<\/p>\n<p><b>\u00c9quipement informatique et pr\u00e9sence num\u00e9rique <\/b>:<\/p>\n<p>&#8211; Tablettes (ipads) et Chromebooks<br \/>\n&#8211; T\u00e9l\u00e9vision (Smart TV) 189 cm\/75\u201d<br \/>\n&#8211; Apple TV et Chromecast<\/p>\n<p><span style=\"font-size: medium;\"><b>Mobilier<\/b> : les espaces BCD et CDI peuvent \u00e9voluer facilement selon les activit\u00e9s gr\u00e2ce \u00e0 la modularit\u00e9 de son mobilier (flexible, \u00e0 roulettes&#8230;).<\/span><\/p>\n<p><span style=\"font-size: medium;\">&#8211; La BCD contient un mobilier sp\u00e9cialement adapt\u00e9 aux \u00e9l\u00e8ves des classes maternelles et \u00e9l\u00e8mentaires : tapis matelass\u00e9 pour les plus petits ; rayonnages et bacs \u00e0 livres \u00e0 hauteur d&#8217;enfants ; tables de travail \u00e0 roulettes et chaises empilables ; sofas, poufs et coussins pour la lecture plaisir&#8230;<\/span><\/p>\n<p><span style=\"font-size: medium;\">&#8211; Le CDI dispose d&#8217;un mobilier multifonctions et d&#8217;un espace d\u00e9tente : tables de travail \u00e0 roulettes pouvant se convertir en tableaux blancs ; gradins \u201cpolyvalents\u201d (pour l&#8217;accueil des \u00e9l\u00e8ves et le rangement des livres ou des revues) ; chaises pupitres ; fauteuils, coussins et poufs pour l&#8217;espace d\u00e9tente&#8230;<\/span><\/p>\n<\/div><div class=\"fusion-image-carousel fusion-image-carousel-fixed fusion-carousel-border\"><div class=\"fusion-carousel\" data-autoplay=\"no\" data-columns=\"5\" data-itemmargin=\"13\" data-itemwidth=\"180\" data-touchscroll=\"no\" data-imagesize=\"fixed\"><div class=\"fusion-carousel-positioner\"><ul class=\"fusion-carousel-holder\"><li class=\"fusion-carousel-item\"><div class=\"fusion-carousel-item-wrapper\"><div class=\"fusion-image-wrapper hover-type-none\"><img decoding=\"async\" width=\"320\" height=\"202\" src=\"data:image\/svg+xml,%3Csvg%20xmlns%3D%27http%3A%2F%2Fwww.w3.org%2F2000%2Fsvg%27%20width%3D%27867%27%20height%3D%271300%27%20viewBox%3D%270%200%20867%201300%27%3E%3Crect%20width%3D%27867%27%20height%3D%271300%27%20fill-opacity%3D%220%22%2F%3E%3C%2Fsvg%3E\" class=\"attachment-blog-medium size-blog-medium lazyload\" alt=\"\" data-orig-src=\"https:\/\/liceofrancestenerife.es\/nuevaweb\/wp-content\/uploads\/2020\/07\/BCD10-320x202.jpg\" \/><\/div><\/div><\/li><li class=\"fusion-carousel-item\"><div class=\"fusion-carousel-item-wrapper\"><div class=\"fusion-image-wrapper hover-type-none\"><img decoding=\"async\" width=\"320\" height=\"202\" src=\"data:image\/svg+xml,%3Csvg%20xmlns%3D%27http%3A%2F%2Fwww.w3.org%2F2000%2Fsvg%27%20width%3D%271300%27%20height%3D%27867%27%20viewBox%3D%270%200%201300%20867%27%3E%3Crect%20width%3D%271300%27%20height%3D%27867%27%20fill-opacity%3D%220%22%2F%3E%3C%2Fsvg%3E\" class=\"attachment-blog-medium size-blog-medium lazyload\" alt=\"\" data-orig-src=\"https:\/\/liceofrancestenerife.es\/nuevaweb\/wp-content\/uploads\/2020\/07\/BCD9-320x202.jpg\" \/><\/div><\/div><\/li><li class=\"fusion-carousel-item\"><div class=\"fusion-carousel-item-wrapper\"><div class=\"fusion-image-wrapper hover-type-none\"><img decoding=\"async\" width=\"320\" height=\"202\" src=\"data:image\/svg+xml,%3Csvg%20xmlns%3D%27http%3A%2F%2Fwww.w3.org%2F2000%2Fsvg%27%20width%3D%271300%27%20height%3D%27867%27%20viewBox%3D%270%200%201300%20867%27%3E%3Crect%20width%3D%271300%27%20height%3D%27867%27%20fill-opacity%3D%220%22%2F%3E%3C%2Fsvg%3E\" class=\"attachment-blog-medium size-blog-medium lazyload\" alt=\"\" data-orig-src=\"https:\/\/liceofrancestenerife.es\/nuevaweb\/wp-content\/uploads\/2020\/07\/BCD8-320x202.jpg\" \/><\/div><\/div><\/li><li class=\"fusion-carousel-item\"><div class=\"fusion-carousel-item-wrapper\"><div class=\"fusion-image-wrapper hover-type-none\"><img decoding=\"async\" width=\"320\" height=\"202\" src=\"data:image\/svg+xml,%3Csvg%20xmlns%3D%27http%3A%2F%2Fwww.w3.org%2F2000%2Fsvg%27%20width%3D%271300%27%20height%3D%27867%27%20viewBox%3D%270%200%201300%20867%27%3E%3Crect%20width%3D%271300%27%20height%3D%27867%27%20fill-opacity%3D%220%22%2F%3E%3C%2Fsvg%3E\" class=\"attachment-blog-medium size-blog-medium lazyload\" alt=\"\" data-orig-src=\"https:\/\/liceofrancestenerife.es\/nuevaweb\/wp-content\/uploads\/2020\/07\/BCD6-320x202.jpg\" \/><\/div><\/div><\/li><li class=\"fusion-carousel-item\"><div class=\"fusion-carousel-item-wrapper\"><div class=\"fusion-image-wrapper hover-type-none\"><img decoding=\"async\" width=\"320\" height=\"202\" src=\"data:image\/svg+xml,%3Csvg%20xmlns%3D%27http%3A%2F%2Fwww.w3.org%2F2000%2Fsvg%27%20width%3D%27867%27%20height%3D%271300%27%20viewBox%3D%270%200%20867%201300%27%3E%3Crect%20width%3D%27867%27%20height%3D%271300%27%20fill-opacity%3D%220%22%2F%3E%3C%2Fsvg%3E\" class=\"attachment-blog-medium size-blog-medium lazyload\" alt=\"\" data-orig-src=\"https:\/\/liceofrancestenerife.es\/nuevaweb\/wp-content\/uploads\/2020\/07\/BCD5-320x202.jpg\" \/><\/div><\/div><\/li><li class=\"fusion-carousel-item\"><div class=\"fusion-carousel-item-wrapper\"><div class=\"fusion-image-wrapper hover-type-none\"><img decoding=\"async\" width=\"320\" height=\"202\" src=\"data:image\/svg+xml,%3Csvg%20xmlns%3D%27http%3A%2F%2Fwww.w3.org%2F2000%2Fsvg%27%20width%3D%271300%27%20height%3D%27867%27%20viewBox%3D%270%200%201300%20867%27%3E%3Crect%20width%3D%271300%27%20height%3D%27867%27%20fill-opacity%3D%220%22%2F%3E%3C%2Fsvg%3E\" class=\"attachment-blog-medium size-blog-medium lazyload\" alt=\"\" data-orig-src=\"https:\/\/liceofrancestenerife.es\/nuevaweb\/wp-content\/uploads\/2020\/07\/BCD4-320x202.jpg\" \/><\/div><\/div><\/li><li class=\"fusion-carousel-item\"><div class=\"fusion-carousel-item-wrapper\"><div class=\"fusion-image-wrapper hover-type-none\"><img decoding=\"async\" width=\"320\" height=\"202\" src=\"data:image\/svg+xml,%3Csvg%20xmlns%3D%27http%3A%2F%2Fwww.w3.org%2F2000%2Fsvg%27%20width%3D%27867%27%20height%3D%271300%27%20viewBox%3D%270%200%20867%201300%27%3E%3Crect%20width%3D%27867%27%20height%3D%271300%27%20fill-opacity%3D%220%22%2F%3E%3C%2Fsvg%3E\" class=\"attachment-blog-medium size-blog-medium lazyload\" alt=\"\" data-orig-src=\"https:\/\/liceofrancestenerife.es\/nuevaweb\/wp-content\/uploads\/2020\/07\/BCD3-320x202.jpg\" \/><\/div><\/div><\/li><li class=\"fusion-carousel-item\"><div class=\"fusion-carousel-item-wrapper\"><div class=\"fusion-image-wrapper hover-type-none\"><img decoding=\"async\" width=\"320\" height=\"202\" src=\"data:image\/svg+xml,%3Csvg%20xmlns%3D%27http%3A%2F%2Fwww.w3.org%2F2000%2Fsvg%27%20width%3D%27867%27%20height%3D%271300%27%20viewBox%3D%270%200%20867%201300%27%3E%3Crect%20width%3D%27867%27%20height%3D%271300%27%20fill-opacity%3D%220%22%2F%3E%3C%2Fsvg%3E\" class=\"attachment-blog-medium size-blog-medium lazyload\" alt=\"\" data-orig-src=\"https:\/\/liceofrancestenerife.es\/nuevaweb\/wp-content\/uploads\/2020\/07\/BCD2-320x202.jpg\" \/><\/div><\/div><\/li><li class=\"fusion-carousel-item\"><div class=\"fusion-carousel-item-wrapper\"><div class=\"fusion-image-wrapper hover-type-none\"><img decoding=\"async\" width=\"320\" height=\"202\" src=\"data:image\/svg+xml,%3Csvg%20xmlns%3D%27http%3A%2F%2Fwww.w3.org%2F2000%2Fsvg%27%20width%3D%271300%27%20height%3D%27867%27%20viewBox%3D%270%200%201300%20867%27%3E%3Crect%20width%3D%271300%27%20height%3D%27867%27%20fill-opacity%3D%220%22%2F%3E%3C%2Fsvg%3E\" class=\"attachment-blog-medium size-blog-medium lazyload\" alt=\"\" data-orig-src=\"https:\/\/liceofrancestenerife.es\/nuevaweb\/wp-content\/uploads\/2020\/07\/BCD1-320x202.jpg\" \/><\/div><\/div><\/li><\/ul><div class=\"fusion-carousel-nav\"><span class=\"fusion-nav-prev\"><\/span><span class=\"fusion-nav-next\"><\/span><\/div><\/div><\/div><\/div><style type=\"text\/css\"><\/style><div class=\"fusion-title title fusion-title-3 fusion-sep-none fusion-title-text fusion-title-size-three\" style=\"margin-top:0px;margin-right:0px;margin-bottom:31px;margin-left:0px;\"><h3 class=\"title-heading-left\" style=\"margin:0;\"><h2 class=\"western\"><strong><span style=\"font-size: large;\">Vie de la m\u00e9diath\u00e8que<\/span><\/strong><\/h2><\/h3><\/div><div class=\"fusion-text fusion-text-3\"><p><span style=\"font-size: medium;\">La m\u00e9diath\u00e8que est \u00e0 la fois un centre de ressources, un lieu d&#8217;apprentissage et un espace de r\u00e9union: nos \u00e9l\u00e8ves y sont les bienvenus pour lire ou emprunter un livre, s&#8217;informer, travailler seuls ou en groupe. <\/span><\/p>\n<p><span style=\"font-size: medium;\">Les classes sont aussi re\u00e7us \u00e0 la BCD et au CDI dans le cadre d&#8217;activit\u00e9s p\u00e9dagogiques organis\u00e9es par les enseignants du Primaire et du Secondaire.<\/span><\/p>\n<p><span style=\"font-size: medium;\">La m\u00e9diath\u00e8que est enfin utilis\u00e9e pour accueillir les diverses activit\u00e9s, r\u00e9unions et conf\u00e9rences pr\u00e9vues au cours de l&#8217;ann\u00e9e scolaire.<\/span><\/p>\n<p><strong>Accueil individuel des \u00e9l\u00e8ves<\/strong><strong> :<\/strong><br \/>\nNos \u00e9l\u00e8ves des classes \u00e9l\u00e9mentaires et secondaires peuvent b\u00e9n\u00e9ficier des ressources de la m\u00e9diath\u00e8que en dehors du temps scolaire : le matin d\u00e8s 8h, pendant la r\u00e9cr\u00e9ation du matin et durant la pause d\u00e9jeuner. La m\u00e9diath\u00e8que est aussi ouverte aux \u00e9l\u00e8ves du Secondaire pendant les heures de permanence.<\/p>\n<p><strong>Accueil des classes <\/strong><strong>:<\/strong><br \/>\nLa m\u00e9diath\u00e8que accueille nos classes primaires et secondaires pour de nombreuses activit\u00e9s et projets :<\/p>\n<p>&#8211; S\u00e9ances d&#8217;\u00c9ducation aux M\u00e9dias et \u00e0 l&#8217;Information (EMI) sous la responsabilit\u00e9 de la professeure documentaliste, l\u2019objectif \u00e9tant de former des jeunes capables de choisir, avec autonomie et sens critique, l\u2019information pertinente ;<\/p>\n<p>&#8211; Activit\u00e9s p\u00e9dagogiques au CDI organis\u00e9es par les enseignants de discipline ;<\/p>\n<p>&#8211; Activit\u00e9s \u00e0 la BCD sous la responsabilit\u00e9 des enseignants du Primaire et\/ou de la professeure-documentaliste (chaque classe, de MGS Maternelle \u00e0 CM2, b\u00e9n\u00e9ficiant d&#8217;un cr\u00e9neau horaire durant la semaine).<\/p>\n<\/div><style type=\"text\/css\"><\/style><div class=\"fusion-title title fusion-title-4 fusion-sep-none fusion-title-text fusion-title-size-three\" style=\"margin-top:0px;margin-right:0px;margin-bottom:31px;margin-left:0px;\"><h3 class=\"title-heading-left\" style=\"margin:0;\"><h2>La charte de la m\u00e9diath\u00e8que<\/h2><\/h3><\/div><div class=\"fusion-text fusion-text-4\"><iframe src=\"\/\/docs.google.com\/viewer?url=https%3A%2F%2Fliceofrancestenerife.es%2Fnuevaweb%2Fwp-content%2Fuploads%2F2020%2F07%2FCharte-m%C3%A9diath%C3%A8que-2020-Lyc%C3%A9e-fran%C3%A7ais-Tenerife.pdf&hl=es&embedded=true\" class=\"gde-frame\" style=\"width:100%; height:500px; border: none;\" scrolling=\"no\"><\/iframe>\n<p class=\"gde-text\"><a href=\"https:\/\/liceofrancestenerife.es\/nuevaweb\/wp-content\/uploads\/2020\/07\/Charte-m\u00e9diath\u00e8que-2020-Lyc\u00e9e-fran\u00e7ais-Tenerife.pdf\" class=\"gde-link\">Descargar (PDF, Inconnu)<\/a><\/p>\n<\/div><div class=\"fusion-clearfix\"><\/div><\/div><\/div><\/div><\/div>\n","protected":false},"excerpt":{"rendered":"","protected":false},"author":1,"featured_media":0,"parent":0,"menu_order":0,"comment_status":"closed","ping_status":"closed","template":"","meta":{"footnotes":""},"class_list":["post-12592","page","type-page","status-publish","hentry"],"_links":{"self":[{"href":"https:\/\/liceofrancestenerife.es\/fr\/wp-json\/wp\/v2\/pages\/12592","targetHints":{"allow":["GET"]}}],"collection":[{"href":"https:\/\/liceofrancestenerife.es\/fr\/wp-json\/wp\/v2\/pages"}],"about":[{"href":"https:\/\/liceofrancestenerife.es\/fr\/wp-json\/wp\/v2\/types\/page"}],"author":[{"embeddable":true,"href":"https:\/\/liceofrancestenerife.es\/fr\/wp-json\/wp\/v2\/users\/1"}],"replies":[{"embeddable":true,"href":"https:\/\/liceofrancestenerife.es\/fr\/wp-json\/wp\/v2\/comments?post=12592"}],"version-history":[{"count":27,"href":"https:\/\/liceofrancestenerife.es\/fr\/wp-json\/wp\/v2\/pages\/12592\/revisions"}],"predecessor-version":[{"id":31651,"href":"https:\/\/liceofrancestenerife.es\/fr\/wp-json\/wp\/v2\/pages\/12592\/revisions\/31651"}],"wp:attachment":[{"href":"https:\/\/liceofrancestenerife.es\/fr\/wp-json\/wp\/v2\/media?parent=12592"}],"curies":[{"name":"wp","href":"https:\/\/api.w.org\/{rel}","templated":true}]}}