{"id":12635,"date":"2017-01-11T08:20:40","date_gmt":"2017-01-11T08:20:40","guid":{"rendered":"http:\/\/liceofrancestenerife.es\/nuevaweb\/?page_id=12635\/"},"modified":"2017-01-11T08:22:38","modified_gmt":"2017-01-11T08:22:38","slug":"voyages-et-excursions","status":"publish","type":"page","link":"https:\/\/liceofrancestenerife.es\/fr\/voyages-et-excursions\/","title":{"rendered":"Voyages et excursions"},"content":{"rendered":"<div class=\"fusion-fullwidth fullwidth-box fusion-builder-row-1 nonhundred-percent-fullwidth non-hundred-percent-height-scrolling\" style=\"background-color: rgba(255,255,255,0);background-position: center center;background-repeat: no-repeat;padding-top:20px;padding-right:0px;padding-bottom:20px;padding-left:0px;margin-bottom: 0px;margin-top: 0px;border-width: 0px 0px 0px 0px;border-color:#eae9e9;border-style:solid;\" ><div class=\"fusion-builder-row fusion-row\"><div class=\"fusion-layout-column fusion_builder_column fusion-builder-column-0 fusion_builder_column_1_1 1_1 fusion-one-full fusion-column-first fusion-column-last\" style=\"margin-top:0px;margin-bottom:20px;\"><div class=\"fusion-column-wrapper fusion-flex-column-wrapper-legacy\" style=\"background-position:left top;background-repeat:no-repeat;-webkit-background-size:cover;-moz-background-size:cover;-o-background-size:cover;background-size:cover;padding: 0px 0px 0px 0px;\"><div class=\"fusion-blog-shortcode fusion-blog-shortcode-1 fusion-blog-archive fusion-blog-layout-grid-wrapper fusion-blog-pagination\"><style type=\"text\/css\">.fusion-blog-shortcode-1 .fusion-blog-layout-grid .fusion-post-grid{padding:20px;}.fusion-blog-shortcode-1 .fusion-posts-container{margin-left: -20px !important; margin-right:-20px !important;}<\/style><div class=\"fusion-posts-container fusion-posts-container-pagination fusion-blog-rollover fusion-blog-layout-grid fusion-blog-layout-grid-2 isotope\" data-pages=\"12\" data-grid-col-space=\"40\" style=\"margin: -20px -20px 0;min-height:500px;\"><article id=\"blog-1-post-27555\" class=\"fusion-post-grid post-27555 post type-post status-publish format-standard has-post-thumbnail hentry category-voyages-et-excursions\">\n<div class=\"fusion-post-wrapper\" style=\"background-color:rgba(255,255,255,0);border:1px solid #ebeaea;border-bottom-width:3px;\">\n\n\t\t\t<div class=\"fusion-flexslider flexslider fusion-flexslider-loading fusion-post-slideshow\" style=\"border-color:#ebeaea;\">\n\t\t<ul class=\"slides\">\n\t\t\t\n\t\t\t\t\t\t\t\t\t\t\t\t\t\t<li>\n\n<div  class=\"fusion-image-wrapper\" aria-haspopup=\"true\">\n\t\n\t\n\t\n\t\t\n\t\t\t\t\t<img decoding=\"async\" width=\"986\" height=\"480\" src=\"https:\/\/liceofrancestenerife.es\/nuevaweb\/wp-content\/uploads\/2019\/06\/prises-de-vues-sous-marine-de-fonds-marins.jpg\" class=\"attachment-full size-full lazyload wp-post-image\" alt=\"\" srcset=\"data:image\/svg+xml,%3Csvg%20xmlns%3D%27http%3A%2F%2Fwww.w3.org%2F2000%2Fsvg%27%20width%3D%27986%27%20height%3D%27480%27%20viewBox%3D%270%200%20986%20480%27%3E%3Crect%20width%3D%27986%27%20height%3D%27480%27%20fill-opacity%3D%220%22%2F%3E%3C%2Fsvg%3E\" data-orig-src=\"https:\/\/liceofrancestenerife.es\/nuevaweb\/wp-content\/uploads\/2019\/06\/prises-de-vues-sous-marine-de-fonds-marins.jpg\" data-srcset=\"https:\/\/liceofrancestenerife.es\/nuevaweb\/wp-content\/uploads\/2019\/06\/prises-de-vues-sous-marine-de-fonds-marins-200x97.jpg 200w, https:\/\/liceofrancestenerife.es\/nuevaweb\/wp-content\/uploads\/2019\/06\/prises-de-vues-sous-marine-de-fonds-marins-400x195.jpg 400w, https:\/\/liceofrancestenerife.es\/nuevaweb\/wp-content\/uploads\/2019\/06\/prises-de-vues-sous-marine-de-fonds-marins-600x292.jpg 600w, https:\/\/liceofrancestenerife.es\/nuevaweb\/wp-content\/uploads\/2019\/06\/prises-de-vues-sous-marine-de-fonds-marins-800x389.jpg 800w, https:\/\/liceofrancestenerife.es\/nuevaweb\/wp-content\/uploads\/2019\/06\/prises-de-vues-sous-marine-de-fonds-marins.jpg 986w\" data-sizes=\"auto\" \/>\n\t\n\n\t\t<div class=\"fusion-rollover\">\n\t<div class=\"fusion-rollover-content\">\n\n\t\t\t\t\t\t\t\t\t\t\t\t\t\t<a class=\"fusion-rollover-link\" href=\"https:\/\/liceofrancestenerife.es\/fr\/de-la-teoria-a-la-practica-el-bautizo-de-buceo-de-los-secondes\/\">De la th\u00e9orie \u00e0 la pratique: le bapt\u00eame de plong\u00e9e des secondes<\/a>\n\t\t\t\n\t\t\t\t\t\t\t\t\t\t\t\t\t\t\n\t\t\t\t\t\t\t\t\n\t\t\t\t\t\t\t\t\t\t\t\t\t<div class=\"fusion-rollover-sep\"><\/div>\n\t\t\t\t\n\t\t\t\t\t\t\t\t\t\t\t\t\t\t\t\t\t\t<a class=\"fusion-rollover-gallery\" href=\"https:\/\/liceofrancestenerife.es\/nuevaweb\/wp-content\/uploads\/2019\/06\/prises-de-vues-sous-marine-de-fonds-marins.jpg\" data-id=\"27555\" data-rel=\"iLightbox[gallery]\" data-title=\"prises-de-vues-sous-marine-de-fonds-marins\" data-caption=\"\">\n\t\t\t\t\t\tGallery\t\t\t\t\t<\/a>\n\t\t\t\t\t\t\t\t\t\t\t\t\t\t\n\t\t\n\t\t\t\t\t\t\t\t\t\t\t\t<h4 class=\"fusion-rollover-title\">\n\t\t\t\t\t<a class=\"fusion-rollover-title-link\" href=\"https:\/\/liceofrancestenerife.es\/fr\/de-la-teoria-a-la-practica-el-bautizo-de-buceo-de-los-secondes\/\">\n\t\t\t\t\t\tDe la th\u00e9orie \u00e0 la pratique: le bapt\u00eame de plong\u00e9e des secondes\t\t\t\t\t<\/a>\n\t\t\t\t<\/h4>\n\t\t\t\n\t\t\t\t\t\t\t\t\t\t<div class=\"fusion-rollover-categories\"><a href=\"https:\/\/liceofrancestenerife.es\/fr\/category\/voyages-et-excursions\/\" rel=\"tag\">Voyages et excursions<\/a><\/div>\t\t\t\t\t\n\t\t\n\t\t\t\t\t\t<a class=\"fusion-link-wrapper\" href=\"https:\/\/liceofrancestenerife.es\/fr\/de-la-teoria-a-la-practica-el-bautizo-de-buceo-de-los-secondes\/\" aria-label=\"De la th\u00e9orie \u00e0 la pratique: le bapt\u00eame de plong\u00e9e des secondes\"><\/a>\n\t<\/div>\n<\/div>\n\n\t\n<\/div>\n<\/li>\n\t\t\t\n\t\t\t\n\t\t\t\t\t\t\t\t\t\t\t\t\t\t\t\t\t\t\t\t\t\t\t\t\t\t\t\t\t\t\t\t\t\t\t\t\t\t\t\t\t\t\t\t\t\t\t\t\t\t\t\t\t\t\t\t\t\t\t\t\t\t\t\t\t\t\t\t<\/ul>\n\t<\/div>\n\t<div class=\"fusion-post-content-wrapper\" style=\"padding:30px 25px 20px 25px;\"><div class=\"fusion-post-content post-content\"><h2 class=\"blog-shortcode-post-title entry-title\"><a href=\"https:\/\/liceofrancestenerife.es\/fr\/de-la-teoria-a-la-practica-el-bautizo-de-buceo-de-los-secondes\/\">De la th\u00e9orie \u00e0 la pratique: le bapt\u00eame de plong\u00e9e des secondes<\/a><\/h2><p class=\"fusion-single-line-meta\">By <span class=\"vcard\"><span class=\"fn\"><a href=\"https:\/\/liceofrancestenerife.es\/fr\/author\/charles-lambert\/\" title=\"Articles par charles-lambert\" rel=\"author\">charles-lambert<\/a><\/span><\/span><span class=\"fusion-inline-sep\">|<\/span><span class=\"updated\" style=\"display:none;\">2019-06-20T11:33:15+01:00<\/span><span>Juin 20, 2019<\/span><span class=\"fusion-inline-sep\">|<\/span>Categories: <a href=\"https:\/\/liceofrancestenerife.es\/fr\/category\/voyages-et-excursions\/\" rel=\"category tag\">Voyages et excursions<\/a><span class=\"fusion-inline-sep\">|<\/span><\/p><div class=\"fusion-content-sep sep-double sep-solid\" style=\"border-color:#ebeaea;\"><\/div><div class=\"fusion-post-content-container\"><p> Cette ann\u00e9e encore, les \u00e9l\u00e8ves de la classe de seconde vont d\u00e9couvrir la plong\u00e9e dans le sud de l'\u00eele. C'est dans le cadre du cours de physique que les \u00e9l\u00e8ves abordent de nouvelles connaissances [...]<\/p><\/div><\/div><div class=\"fusion-meta-info\"><div class=\"fusion-alignleft\"><a class=\"fusion-read-more\" href=\"https:\/\/liceofrancestenerife.es\/fr\/de-la-teoria-a-la-practica-el-bautizo-de-buceo-de-los-secondes\/\" aria-label=\"More on De la th\u00e9orie \u00e0 la pratique: le bapt\u00eame de plong\u00e9e des secondes\">Read More<\/a><\/div><div class=\"fusion-alignright\"><span>Commentaires ferm\u00e9s<span class=\"screen-reader-text\"> sur De la th\u00e9orie \u00e0 la pratique: le bapt\u00eame de plong\u00e9e des secondes<\/span><\/span><\/div><\/div><\/div><div class=\"fusion-clearfix\"><\/div><\/div>\n<\/article>\n<article id=\"blog-1-post-26984\" class=\"fusion-post-grid post-26984 post type-post status-publish format-standard has-post-thumbnail hentry category-voyages-et-excursions\">\n<div class=\"fusion-post-wrapper\" style=\"background-color:rgba(255,255,255,0);border:1px solid #ebeaea;border-bottom-width:3px;\">\n\n\t\t\t<div class=\"fusion-flexslider flexslider fusion-flexslider-loading fusion-post-slideshow\" style=\"border-color:#ebeaea;\">\n\t\t<ul class=\"slides\">\n\t\t\t\n\t\t\t\t\t\t\t\t\t\t\t\t\t\t<li>\n\n<div  class=\"fusion-image-wrapper\" aria-haspopup=\"true\">\n\t\n\t\n\t\n\t\t\n\t\t\t\t\t<img decoding=\"async\" width=\"1300\" height=\"975\" src=\"https:\/\/liceofrancestenerife.es\/nuevaweb\/wp-content\/uploads\/2019\/05\/IMG-6758_web.jpg\" class=\"attachment-full size-full lazyload wp-post-image\" alt=\"\" srcset=\"data:image\/svg+xml,%3Csvg%20xmlns%3D%27http%3A%2F%2Fwww.w3.org%2F2000%2Fsvg%27%20width%3D%271300%27%20height%3D%27975%27%20viewBox%3D%270%200%201300%20975%27%3E%3Crect%20width%3D%271300%27%20height%3D%27975%27%20fill-opacity%3D%220%22%2F%3E%3C%2Fsvg%3E\" data-orig-src=\"https:\/\/liceofrancestenerife.es\/nuevaweb\/wp-content\/uploads\/2019\/05\/IMG-6758_web.jpg\" data-srcset=\"https:\/\/liceofrancestenerife.es\/nuevaweb\/wp-content\/uploads\/2019\/05\/IMG-6758_web-200x150.jpg 200w, https:\/\/liceofrancestenerife.es\/nuevaweb\/wp-content\/uploads\/2019\/05\/IMG-6758_web-400x300.jpg 400w, https:\/\/liceofrancestenerife.es\/nuevaweb\/wp-content\/uploads\/2019\/05\/IMG-6758_web-600x450.jpg 600w, https:\/\/liceofrancestenerife.es\/nuevaweb\/wp-content\/uploads\/2019\/05\/IMG-6758_web-800x600.jpg 800w, https:\/\/liceofrancestenerife.es\/nuevaweb\/wp-content\/uploads\/2019\/05\/IMG-6758_web-1200x900.jpg 1200w, https:\/\/liceofrancestenerife.es\/nuevaweb\/wp-content\/uploads\/2019\/05\/IMG-6758_web.jpg 1300w\" data-sizes=\"auto\" \/>\n\t\n\n\t\t<div class=\"fusion-rollover\">\n\t<div class=\"fusion-rollover-content\">\n\n\t\t\t\t\t\t\t\t\t\t\t\t\t\t<a class=\"fusion-rollover-link\" href=\"https:\/\/liceofrancestenerife.es\/fr\/concienciacion-medioambiental-de-los-cm1b-saben-que-son-las-3r\/\">Sensibilisation environnementale des CM1B (Savez-vous ce que sont les &#8220;3R&#8221;?)<\/a>\n\t\t\t\n\t\t\t\t\t\t\t\t\t\t\t\t\t\t\n\t\t\t\t\t\t\t\t\n\t\t\t\t\t\t\t\t\t\t\t\t\t<div class=\"fusion-rollover-sep\"><\/div>\n\t\t\t\t\n\t\t\t\t\t\t\t\t\t\t\t\t\t\t\t\t\t\t<a class=\"fusion-rollover-gallery\" href=\"https:\/\/liceofrancestenerife.es\/nuevaweb\/wp-content\/uploads\/2019\/05\/IMG-6758_web.jpg\" data-id=\"26984\" data-rel=\"iLightbox[gallery]\" data-title=\"IMG-6758_web\" data-caption=\"\">\n\t\t\t\t\t\tGallery\t\t\t\t\t<\/a>\n\t\t\t\t\t\t\t\t\t\t\t\t\t\t\n\t\t\n\t\t\t\t\t\t\t\t\t\t\t\t<h4 class=\"fusion-rollover-title\">\n\t\t\t\t\t<a class=\"fusion-rollover-title-link\" href=\"https:\/\/liceofrancestenerife.es\/fr\/concienciacion-medioambiental-de-los-cm1b-saben-que-son-las-3r\/\">\n\t\t\t\t\t\tSensibilisation environnementale des CM1B (Savez-vous ce que sont les &#8220;3R&#8221;?)\t\t\t\t\t<\/a>\n\t\t\t\t<\/h4>\n\t\t\t\n\t\t\t\t\t\t\t\t\t\t<div class=\"fusion-rollover-categories\"><a href=\"https:\/\/liceofrancestenerife.es\/fr\/category\/voyages-et-excursions\/\" rel=\"tag\">Voyages et excursions<\/a><\/div>\t\t\t\t\t\n\t\t\n\t\t\t\t\t\t<a class=\"fusion-link-wrapper\" href=\"https:\/\/liceofrancestenerife.es\/fr\/concienciacion-medioambiental-de-los-cm1b-saben-que-son-las-3r\/\" aria-label=\"Sensibilisation environnementale des CM1B (Savez-vous ce que sont les &#8220;3R&#8221;?)\"><\/a>\n\t<\/div>\n<\/div>\n\n\t\n<\/div>\n<\/li>\n\t\t\t\n\t\t\t\n\t\t\t\t\t\t\t\t\t\t\t\t\t\t\t\t\t\t\t\t\t\t\t\t\t\t\t\t\t\t\t\t\t\t\t\t\t\t\t\t\t\t\t\t\t\t\t\t\t\t\t\t\t\t\t\t\t\t\t\t\t\t\t\t\t\t\t\t<\/ul>\n\t<\/div>\n\t<div class=\"fusion-post-content-wrapper\" style=\"padding:30px 25px 20px 25px;\"><div class=\"fusion-post-content post-content\"><h2 class=\"blog-shortcode-post-title entry-title\"><a href=\"https:\/\/liceofrancestenerife.es\/fr\/concienciacion-medioambiental-de-los-cm1b-saben-que-son-las-3r\/\">Sensibilisation environnementale des CM1B (Savez-vous ce que sont les &#8220;3R&#8221;?)<\/a><\/h2><p class=\"fusion-single-line-meta\">By <span class=\"vcard\"><span class=\"fn\"><a href=\"https:\/\/liceofrancestenerife.es\/fr\/author\/charles-lambert\/\" title=\"Articles par charles-lambert\" rel=\"author\">charles-lambert<\/a><\/span><\/span><span class=\"fusion-inline-sep\">|<\/span><span class=\"updated\" style=\"display:none;\">2019-05-27T09:45:04+01:00<\/span><span>Mai 27, 2019<\/span><span class=\"fusion-inline-sep\">|<\/span>Categories: <a href=\"https:\/\/liceofrancestenerife.es\/fr\/category\/voyages-et-excursions\/\" rel=\"category tag\">Voyages et excursions<\/a><span class=\"fusion-inline-sep\">|<\/span><\/p><div class=\"fusion-content-sep sep-double sep-solid\" style=\"border-color:#ebeaea;\"><\/div><div class=\"fusion-post-content-container\"><p> Au mois de mai, les \u00e9l\u00e8ves de la classe de CM1B sont all\u00e9s visiter le complexe environnemental de Tenerife. Le parcours d'une heure de bus a permis aux \u00e9l\u00e8ves d'\u00eatre sensibilis\u00e9s aux probl\u00e8mes des [...]<\/p><\/div><\/div><div class=\"fusion-meta-info\"><div class=\"fusion-alignleft\"><a class=\"fusion-read-more\" href=\"https:\/\/liceofrancestenerife.es\/fr\/concienciacion-medioambiental-de-los-cm1b-saben-que-son-las-3r\/\" aria-label=\"More on Sensibilisation environnementale des CM1B (Savez-vous ce que sont les &#8220;3R&#8221;?)\">Read More<\/a><\/div><div class=\"fusion-alignright\"><span>Commentaires ferm\u00e9s<span class=\"screen-reader-text\"> sur Sensibilisation environnementale des CM1B (Savez-vous ce que sont les &#8220;3R&#8221;?)<\/span><\/span><\/div><\/div><\/div><div class=\"fusion-clearfix\"><\/div><\/div>\n<\/article>\n<article id=\"blog-1-post-26955\" class=\"fusion-post-grid post-26955 post type-post status-publish format-standard has-post-thumbnail hentry category-voyages-et-excursions\">\n<div class=\"fusion-post-wrapper\" style=\"background-color:rgba(255,255,255,0);border:1px solid #ebeaea;border-bottom-width:3px;\">\n\n\t\t\t<div class=\"fusion-flexslider flexslider fusion-flexslider-loading fusion-post-slideshow\" style=\"border-color:#ebeaea;\">\n\t\t<ul class=\"slides\">\n\t\t\t\n\t\t\t\t\t\t\t\t\t\t\t\t\t\t<li>\n\n<div  class=\"fusion-image-wrapper\" aria-haspopup=\"true\">\n\t\n\t\n\t\n\t\t\n\t\t\t\t\t<img decoding=\"async\" width=\"1024\" height=\"768\" src=\"https:\/\/liceofrancestenerife.es\/nuevaweb\/wp-content\/uploads\/2019\/05\/ccdc9291-b568-4ca6-9c04-8a1e6403daed_web.jpg\" class=\"attachment-full size-full lazyload wp-post-image\" alt=\"\" srcset=\"data:image\/svg+xml,%3Csvg%20xmlns%3D%27http%3A%2F%2Fwww.w3.org%2F2000%2Fsvg%27%20width%3D%271024%27%20height%3D%27768%27%20viewBox%3D%270%200%201024%20768%27%3E%3Crect%20width%3D%271024%27%20height%3D%27768%27%20fill-opacity%3D%220%22%2F%3E%3C%2Fsvg%3E\" data-orig-src=\"https:\/\/liceofrancestenerife.es\/nuevaweb\/wp-content\/uploads\/2019\/05\/ccdc9291-b568-4ca6-9c04-8a1e6403daed_web.jpg\" data-srcset=\"https:\/\/liceofrancestenerife.es\/nuevaweb\/wp-content\/uploads\/2019\/05\/ccdc9291-b568-4ca6-9c04-8a1e6403daed_web-200x150.jpg 200w, https:\/\/liceofrancestenerife.es\/nuevaweb\/wp-content\/uploads\/2019\/05\/ccdc9291-b568-4ca6-9c04-8a1e6403daed_web-400x300.jpg 400w, https:\/\/liceofrancestenerife.es\/nuevaweb\/wp-content\/uploads\/2019\/05\/ccdc9291-b568-4ca6-9c04-8a1e6403daed_web-600x450.jpg 600w, https:\/\/liceofrancestenerife.es\/nuevaweb\/wp-content\/uploads\/2019\/05\/ccdc9291-b568-4ca6-9c04-8a1e6403daed_web-800x600.jpg 800w, https:\/\/liceofrancestenerife.es\/nuevaweb\/wp-content\/uploads\/2019\/05\/ccdc9291-b568-4ca6-9c04-8a1e6403daed_web.jpg 1024w\" data-sizes=\"auto\" \/>\n\t\n\n\t\t<div class=\"fusion-rollover\">\n\t<div class=\"fusion-rollover-content\">\n\n\t\t\t\t\t\t\t\t\t\t\t\t\t\t<a class=\"fusion-rollover-link\" href=\"https:\/\/liceofrancestenerife.es\/fr\/nuestro-viaje-por-castilla-la-mancha\/\">Notre voyage \u00e0 &#8220;Castilla La Mancha&#8221;<\/a>\n\t\t\t\n\t\t\t\t\t\t\t\t\t\t\t\t\t\t\n\t\t\t\t\t\t\t\t\n\t\t\t\t\t\t\t\t\t\t\t\t\t<div class=\"fusion-rollover-sep\"><\/div>\n\t\t\t\t\n\t\t\t\t\t\t\t\t\t\t\t\t\t\t\t\t\t\t<a class=\"fusion-rollover-gallery\" href=\"https:\/\/liceofrancestenerife.es\/nuevaweb\/wp-content\/uploads\/2019\/05\/ccdc9291-b568-4ca6-9c04-8a1e6403daed_web.jpg\" data-id=\"26955\" data-rel=\"iLightbox[gallery]\" data-title=\"ccdc9291-b568-4ca6-9c04-8a1e6403daed_web\" data-caption=\"\">\n\t\t\t\t\t\tGallery\t\t\t\t\t<\/a>\n\t\t\t\t\t\t\t\t\t\t\t\t\t\t\n\t\t\n\t\t\t\t\t\t\t\t\t\t\t\t<h4 class=\"fusion-rollover-title\">\n\t\t\t\t\t<a class=\"fusion-rollover-title-link\" href=\"https:\/\/liceofrancestenerife.es\/fr\/nuestro-viaje-por-castilla-la-mancha\/\">\n\t\t\t\t\t\tNotre voyage \u00e0 &#8220;Castilla La Mancha&#8221;\t\t\t\t\t<\/a>\n\t\t\t\t<\/h4>\n\t\t\t\n\t\t\t\t\t\t\t\t\t\t<div class=\"fusion-rollover-categories\"><a href=\"https:\/\/liceofrancestenerife.es\/fr\/category\/voyages-et-excursions\/\" rel=\"tag\">Voyages et excursions<\/a><\/div>\t\t\t\t\t\n\t\t\n\t\t\t\t\t\t<a class=\"fusion-link-wrapper\" href=\"https:\/\/liceofrancestenerife.es\/fr\/nuestro-viaje-por-castilla-la-mancha\/\" aria-label=\"Notre voyage \u00e0 &#8220;Castilla La Mancha&#8221;\"><\/a>\n\t<\/div>\n<\/div>\n\n\t\n<\/div>\n<\/li>\n\t\t\t\n\t\t\t\n\t\t\t\t\t\t\t\t\t\t\t\t\t\t\t\t\t\t\t\t\t\t\t\t\t\t\t\t\t\t\t\t\t\t\t\t\t\t\t\t\t\t\t\t\t\t\t\t\t\t\t\t\t\t\t\t\t\t\t\t\t\t\t\t\t\t\t\t<\/ul>\n\t<\/div>\n\t<div class=\"fusion-post-content-wrapper\" style=\"padding:30px 25px 20px 25px;\"><div class=\"fusion-post-content post-content\"><h2 class=\"blog-shortcode-post-title entry-title\"><a href=\"https:\/\/liceofrancestenerife.es\/fr\/nuestro-viaje-por-castilla-la-mancha\/\">Notre voyage \u00e0 &#8220;Castilla La Mancha&#8221;<\/a><\/h2><p class=\"fusion-single-line-meta\">By <span class=\"vcard\"><span class=\"fn\"><a href=\"https:\/\/liceofrancestenerife.es\/fr\/author\/charles-lambert\/\" title=\"Articles par charles-lambert\" rel=\"author\">charles-lambert<\/a><\/span><\/span><span class=\"fusion-inline-sep\">|<\/span><span class=\"updated\" style=\"display:none;\">2019-05-24T15:19:41+01:00<\/span><span>Mai 24, 2019<\/span><span class=\"fusion-inline-sep\">|<\/span>Categories: <a href=\"https:\/\/liceofrancestenerife.es\/fr\/category\/voyages-et-excursions\/\" rel=\"category tag\">Voyages et excursions<\/a><span class=\"fusion-inline-sep\">|<\/span><\/p><div class=\"fusion-content-sep sep-double sep-solid\" style=\"border-color:#ebeaea;\"><\/div><div class=\"fusion-post-content-container\"><p> \"Les \u00e9l\u00e8ves de cinqui\u00e8me, nous avons suivi les pas de Don Quichotte dans la r\u00e9gion de \"Castilla la Mancha\", du 13 au 16 mai. Nous avons pu voir des villages embl\u00e9matiques comme \"EL TOBOSO\", [...]<\/p><\/div><\/div><div class=\"fusion-meta-info\"><div class=\"fusion-alignleft\"><a class=\"fusion-read-more\" href=\"https:\/\/liceofrancestenerife.es\/fr\/nuestro-viaje-por-castilla-la-mancha\/\" aria-label=\"More on Notre voyage \u00e0 &#8220;Castilla La Mancha&#8221;\">Read More<\/a><\/div><div class=\"fusion-alignright\"><span>Commentaires ferm\u00e9s<span class=\"screen-reader-text\"> sur Notre voyage \u00e0 &#8220;Castilla La Mancha&#8221;<\/span><\/span><\/div><\/div><\/div><div class=\"fusion-clearfix\"><\/div><\/div>\n<\/article>\n<article id=\"blog-1-post-26794\" class=\"fusion-post-grid post-26794 post type-post status-publish format-standard has-post-thumbnail hentry category-viajes-fr category-voyages-et-excursions\">\n<div class=\"fusion-post-wrapper\" style=\"background-color:rgba(255,255,255,0);border:1px solid #ebeaea;border-bottom-width:3px;\">\n\n\t\t\t<div class=\"fusion-flexslider flexslider fusion-flexslider-loading fusion-post-slideshow\" style=\"border-color:#ebeaea;\">\n\t\t<ul class=\"slides\">\n\t\t\t\n\t\t\t\t\t\t\t\t\t\t\t\t\t\t<li>\n\n<div  class=\"fusion-image-wrapper\" aria-haspopup=\"true\">\n\t\n\t\n\t\n\t\t\n\t\t\t\t\t<img decoding=\"async\" width=\"1300\" height=\"975\" src=\"https:\/\/liceofrancestenerife.es\/nuevaweb\/wp-content\/uploads\/2019\/05\/314910db-5570-4dbd-977f-689b98650057_web.jpg\" class=\"attachment-full size-full lazyload wp-post-image\" alt=\"\" srcset=\"data:image\/svg+xml,%3Csvg%20xmlns%3D%27http%3A%2F%2Fwww.w3.org%2F2000%2Fsvg%27%20width%3D%271300%27%20height%3D%27975%27%20viewBox%3D%270%200%201300%20975%27%3E%3Crect%20width%3D%271300%27%20height%3D%27975%27%20fill-opacity%3D%220%22%2F%3E%3C%2Fsvg%3E\" data-orig-src=\"https:\/\/liceofrancestenerife.es\/nuevaweb\/wp-content\/uploads\/2019\/05\/314910db-5570-4dbd-977f-689b98650057_web.jpg\" data-srcset=\"https:\/\/liceofrancestenerife.es\/nuevaweb\/wp-content\/uploads\/2019\/05\/314910db-5570-4dbd-977f-689b98650057_web-200x150.jpg 200w, https:\/\/liceofrancestenerife.es\/nuevaweb\/wp-content\/uploads\/2019\/05\/314910db-5570-4dbd-977f-689b98650057_web-400x300.jpg 400w, https:\/\/liceofrancestenerife.es\/nuevaweb\/wp-content\/uploads\/2019\/05\/314910db-5570-4dbd-977f-689b98650057_web-600x450.jpg 600w, https:\/\/liceofrancestenerife.es\/nuevaweb\/wp-content\/uploads\/2019\/05\/314910db-5570-4dbd-977f-689b98650057_web-800x600.jpg 800w, https:\/\/liceofrancestenerife.es\/nuevaweb\/wp-content\/uploads\/2019\/05\/314910db-5570-4dbd-977f-689b98650057_web-1200x900.jpg 1200w, https:\/\/liceofrancestenerife.es\/nuevaweb\/wp-content\/uploads\/2019\/05\/314910db-5570-4dbd-977f-689b98650057_web.jpg 1300w\" data-sizes=\"auto\" \/>\n\t\n\n\t\t<div class=\"fusion-rollover\">\n\t<div class=\"fusion-rollover-content\">\n\n\t\t\t\t\t\t\t\t\t\t\t\t\t\t<a class=\"fusion-rollover-link\" href=\"https:\/\/liceofrancestenerife.es\/fr\/biiiingo\/\">Biiiingo!<\/a>\n\t\t\t\n\t\t\t\t\t\t\t\t\t\t\t\t\t\t\n\t\t\t\t\t\t\t\t\n\t\t\t\t\t\t\t\t\t\t\t\t\t<div class=\"fusion-rollover-sep\"><\/div>\n\t\t\t\t\n\t\t\t\t\t\t\t\t\t\t\t\t\t\t\t\t\t\t<a class=\"fusion-rollover-gallery\" href=\"https:\/\/liceofrancestenerife.es\/nuevaweb\/wp-content\/uploads\/2019\/05\/314910db-5570-4dbd-977f-689b98650057_web.jpg\" data-id=\"26794\" data-rel=\"iLightbox[gallery]\" data-title=\"314910db-5570-4dbd-977f-689b98650057_web\" data-caption=\"\">\n\t\t\t\t\t\tGallery\t\t\t\t\t<\/a>\n\t\t\t\t\t\t\t\t\t\t\t\t\t\t\n\t\t\n\t\t\t\t\t\t\t\t\t\t\t\t<h4 class=\"fusion-rollover-title\">\n\t\t\t\t\t<a class=\"fusion-rollover-title-link\" href=\"https:\/\/liceofrancestenerife.es\/fr\/biiiingo\/\">\n\t\t\t\t\t\tBiiiingo!\t\t\t\t\t<\/a>\n\t\t\t\t<\/h4>\n\t\t\t\n\t\t\t\t\t\t\t\t\t\t<div class=\"fusion-rollover-categories\"><a href=\"https:\/\/liceofrancestenerife.es\/fr\/category\/viajes-fr\/\" rel=\"tag\">Viajes \/ Intercambios<\/a>, <a href=\"https:\/\/liceofrancestenerife.es\/fr\/category\/voyages-et-excursions\/\" rel=\"tag\">Voyages et excursions<\/a><\/div>\t\t\t\t\t\n\t\t\n\t\t\t\t\t\t<a class=\"fusion-link-wrapper\" href=\"https:\/\/liceofrancestenerife.es\/fr\/biiiingo\/\" aria-label=\"Biiiingo!\"><\/a>\n\t<\/div>\n<\/div>\n\n\t\n<\/div>\n<\/li>\n\t\t\t\n\t\t\t\n\t\t\t\t\t\t\t\t\t\t\t\t\t\t\t\t\t\t\t\t\t\t\t\t\t\t\t\t\t\t\t\t\t\t\t\t\t\t\t\t\t\t\t\t\t\t\t\t\t\t\t\t\t\t\t\t\t\t\t\t\t\t\t\t\t\t\t\t<\/ul>\n\t<\/div>\n\t<div class=\"fusion-post-content-wrapper\" style=\"padding:30px 25px 20px 25px;\"><div class=\"fusion-post-content post-content\"><h2 class=\"blog-shortcode-post-title entry-title\"><a href=\"https:\/\/liceofrancestenerife.es\/fr\/biiiingo\/\">Biiiingo!<\/a><\/h2><p class=\"fusion-single-line-meta\">By <span class=\"vcard\"><span class=\"fn\"><a href=\"https:\/\/liceofrancestenerife.es\/fr\/author\/charles-lambert\/\" title=\"Articles par charles-lambert\" rel=\"author\">charles-lambert<\/a><\/span><\/span><span class=\"fusion-inline-sep\">|<\/span><span class=\"updated\" style=\"display:none;\">2019-05-06T12:21:45+01:00<\/span><span>Mai 6, 2019<\/span><span class=\"fusion-inline-sep\">|<\/span>Categories: <a href=\"https:\/\/liceofrancestenerife.es\/fr\/category\/viajes-fr\/\" rel=\"category tag\">Viajes \/ Intercambios<\/a>, <a href=\"https:\/\/liceofrancestenerife.es\/fr\/category\/voyages-et-excursions\/\" rel=\"category tag\">Voyages et excursions<\/a><span class=\"fusion-inline-sep\">|<\/span><\/p><div class=\"fusion-content-sep sep-double sep-solid\" style=\"border-color:#ebeaea;\"><\/div><div class=\"fusion-post-content-container\"><p> Le Lyc\u00e9e Fran\u00e7ais International de Tenerife et l\u2019AMPA ont organis\u00e9 un grand\u00a0\u00a0loto le Mercredi 10 avril 2019. Cet \u00e9v\u00e9nement, pour sa premi\u00e8re \u00e9dition a \u00e9t\u00e9 un succ\u00e8s. Cette r\u00e9ussite est due d\u2019une part \u00e0 [...]<\/p><\/div><\/div><div class=\"fusion-meta-info\"><div class=\"fusion-alignleft\"><a class=\"fusion-read-more\" href=\"https:\/\/liceofrancestenerife.es\/fr\/biiiingo\/\" aria-label=\"More on Biiiingo!\">Read More<\/a><\/div><div class=\"fusion-alignright\"><span>Commentaires ferm\u00e9s<span class=\"screen-reader-text\"> sur Biiiingo!<\/span><\/span><\/div><\/div><\/div><div class=\"fusion-clearfix\"><\/div><\/div>\n<\/article>\n<div class=\"fusion-clearfix\"><\/div><\/div><div class=\"pagination clearfix\"><span class=\"current\">1<\/span><a href=\"https:\/\/liceofrancestenerife.es\/fr\/wp-json\/wp\/v2\/pages\/12635\/page\/2\/\" class=\"inactive\">2<\/a><a class=\"pagination-next\" rel=\"next\" href=\"https:\/\/liceofrancestenerife.es\/fr\/wp-json\/wp\/v2\/pages\/12635\/page\/2\/\"><span class=\"page-text\">Prochaine<\/span><span class=\"page-next\"><\/span><\/a><\/div><div class=\"fusion-clearfix\"><\/div><\/div><div class=\"fusion-clearfix\"><\/div><\/div><\/div><\/div><\/div>\n","protected":false},"excerpt":{"rendered":"","protected":false},"author":1,"featured_media":0,"parent":0,"menu_order":0,"comment_status":"closed","ping_status":"closed","template":"","meta":{"footnotes":""},"class_list":["post-12635","page","type-page","status-publish","hentry"],"_links":{"self":[{"href":"https:\/\/liceofrancestenerife.es\/fr\/wp-json\/wp\/v2\/pages\/12635","targetHints":{"allow":["GET"]}}],"collection":[{"href":"https:\/\/liceofrancestenerife.es\/fr\/wp-json\/wp\/v2\/pages"}],"about":[{"href":"https:\/\/liceofrancestenerife.es\/fr\/wp-json\/wp\/v2\/types\/page"}],"author":[{"embeddable":true,"href":"https:\/\/liceofrancestenerife.es\/fr\/wp-json\/wp\/v2\/users\/1"}],"replies":[{"embeddable":true,"href":"https:\/\/liceofrancestenerife.es\/fr\/wp-json\/wp\/v2\/comments?post=12635"}],"version-history":[{"count":2,"href":"https:\/\/liceofrancestenerife.es\/fr\/wp-json\/wp\/v2\/pages\/12635\/revisions"}],"predecessor-version":[{"id":12637,"href":"https:\/\/liceofrancestenerife.es\/fr\/wp-json\/wp\/v2\/pages\/12635\/revisions\/12637"}],"wp:attachment":[{"href":"https:\/\/liceofrancestenerife.es\/fr\/wp-json\/wp\/v2\/media?parent=12635"}],"curies":[{"name":"wp","href":"https:\/\/api.w.org\/{rel}","templated":true}]}}