{"id":18556,"date":"2017-01-10T15:10:26","date_gmt":"2017-01-10T15:10:26","guid":{"rendered":"http:\/\/liceofrancestenerife.es\/activites-periscolaires\/normas-de-uso\/"},"modified":"2017-09-26T15:27:46","modified_gmt":"2017-09-26T14:27:46","slug":"normas-de-uso","status":"publish","type":"page","link":"https:\/\/liceofrancestenerife.es\/fr\/activites-periscolaires\/normas-de-uso\/","title":{"rendered":"Normas de uso"},"content":{"rendered":"<div class=\"fusion-fullwidth fullwidth-box fusion-builder-row-1 nonhundred-percent-fullwidth non-hundred-percent-height-scrolling\" style=\"background-color: rgba(255,255,255,0);background-position: center center;background-repeat: no-repeat;padding-top:20px;padding-right:0px;padding-bottom:20px;padding-left:0px;margin-bottom: 0px;margin-top: 0px;border-width: 0px 0px 0px 0px;border-color:#eae9e9;border-style:solid;\" ><div class=\"fusion-builder-row fusion-row\"><div class=\"fusion-layout-column fusion_builder_column fusion-builder-column-0 fusion_builder_column_1_2 1_2 fusion-one-half fusion-column-first\" style=\"width:50%;width:calc(50% - ( ( 4% ) * 0.5 ) );margin-right: 4%;margin-top:0px;margin-bottom:20px;\"><div class=\"fusion-column-wrapper fusion-flex-column-wrapper-legacy\" style=\"background-position:left top;background-repeat:no-repeat;-webkit-background-size:cover;-moz-background-size:cover;-o-background-size:cover;background-size:cover;padding: 0px 0px 0px 0px;\"><div class=\"fusion-text fusion-text-1\"><p><strong>R\u00c8GLES DE FONCTIONNEMENT :<\/strong><\/p>\n<ul>\n<li>Les activit\u00e9s seront organis\u00e9es dans les espaces correspondant \u00e0 chaque sp\u00e9cialit\u00e9.<\/li>\n<li>\u00c0 la fin des cours, les enfants et les \u00e9l\u00e8ves du primaire seront regroup\u00e9s par les moniteurs dans leurs cours respectives, 10 minutes avant le d\u00e9but des activit\u00e9s.<\/li>\n<li>Les enfants de 3 ans qui ont des activit\u00e9s seront conduits \u00e0 leurs groupes par une Aide scolaire 16h15 et prendront leurs go\u00fbter avec l&#8217;aide de moniteur avant de commencer leurs activit\u00e9s.<\/li>\n<\/ul>\n<p><strong>Durant l&#8217;activit\u00e9 :<\/strong><\/p>\n<ul>\n<li>Si, occasionnellement, l&#8217;\u00e9l\u00e8ve doit partir avant son terme, il \/ elle le communiquera au pr\u00e9alable par une note sign\u00e9e par ses parents ou ses tuteurs.<\/li>\n<li>Les r\u00e8gles de conduite pour les activit\u00e9s p\u00e9riscolaires seront r\u00e9gies par le R\u00e8glement du Centre scolaire.<\/li>\n<\/ul>\n<p><strong>La sortie des activit\u00e9s :<\/strong><\/p>\n<ul>\n<li>Les \u00e9l\u00e8ves de l&#8217;\u00e9l\u00e9mentaire et de maternelle qui se rendent \u00e0 des activit\u00e9s p\u00e9riscolaires l&#8217;apr\u00e8s-midi seront attenduent par leurs parents \u00e0 la porte de sortie \u00e0 c\u00f4t\u00e9 du gymnase a la 17h30 la salle \u00e0 manger. (soyez ponctuel).<\/li>\n<\/ul>\n<\/div><div class=\"fusion-text fusion-text-2\"><blockquote>\n<p><strong>Inscription ouverte tout au long de l&#8217;ann\u00e9e scolaire<\/strong><\/p>\n<\/blockquote>\n<blockquote>\n<p><strong>10% de r\u00e9duction pour le 2e fr\u00e8re<\/strong><\/p>\n<\/blockquote>\n<blockquote>\n<p><a href=\"http:\/\/liceofrancestenerife.es\/nuevaweb\/wp-content\/uploads\/2016\/12\/INSCRIPCION-2017-18-1.pdf\" target=\"_blank\" rel=\"noopener\"><strong>T\u00e9l\u00e9chargez le formulaire d&#8217;inscription<\/strong><\/a><\/p>\n<\/blockquote>\n<blockquote>\n<p><strong>Vous pouvez envoyer votre formulaire scann\u00e9 et sign\u00e9 \u00e0 clubjulesverne@yahoo.es<\/strong><\/p>\n<\/blockquote>\n<\/div><div class=\"fusion-clearfix\"><\/div><\/div><\/div><div class=\"fusion-layout-column fusion_builder_column fusion-builder-column-1 fusion_builder_column_1_2 1_2 fusion-one-half fusion-column-last\" style=\"width:50%;width:calc(50% - ( ( 4% ) * 0.5 ) );margin-top:0px;margin-bottom:20px;\"><div class=\"fusion-column-wrapper fusion-flex-column-wrapper-legacy\" style=\"background-position:left top;background-repeat:no-repeat;-webkit-background-size:cover;-moz-background-size:cover;-o-background-size:cover;background-size:cover;padding: 0px 0px 0px 0px;\"><div class=\"fusion-text fusion-text-3\"><p><strong>PAIEMENT<\/strong><\/p>\n<p>Le montant des activit\u00e9s p\u00e9riscolaires sera domicili\u00e9 sur le compte bancaire par pr\u00e9l\u00e8vement automatique, et sera factur\u00e9 au d\u00e9but de chaque mois.<br \/>\nEn cas de non-paiement, l&#8217;\u00e9l\u00e8ve sera retir\u00e9 de l&#8217;activit\u00e9, jusqu&#8217;\u00e0 ce que la situation ait \u00e9t\u00e9 r\u00e9gularis\u00e9e.<\/p>\n<p><strong>CONSID\u00c9RATIONS<\/strong><\/p>\n<p>Pour mener \u00e0 bien chaque activit\u00e9, il faudra un nombre minimum d&#8217;inscrits (entre 6\/7 \u00e9l\u00e8ves par groupe d&#8217;\u00e2ge). Dans le cas contraire, l&#8217;organisation se r\u00e9serve le droit d&#8217;\u00e9liminer le groupe ou l&#8217;activit\u00e9 en question.<\/p>\n<p>Tout abandons d&#8217;une activit\u00e9 doit \u00eatre communiqu\u00e9 \u00e0 l&#8217;organisation un mois \u00e0 l&#8217;avance, tout mois commenc\u00e9s seront factur\u00e9s en sa totalit\u00e9.<\/p>\n<ul>\n<li>Tous les \u00e9tudiants ayant defauts de paiements, ne seront pas accept\u00e9s dans une activit\u00e9 jusqu&#8217;\u00e0 ce qu&#8217;ils soient au courant du paiement.<\/li>\n<li>La Direction se r\u00e9serve le droit d&#8217;apporter les modifications qu&#8217;il juge appropri\u00e9 pour le bon fonctionnement des activit\u00e9s p\u00e9riscolaires.<\/li>\n<li>L&#8217;inscription \u00e0 des activit\u00e9s extrascolaires implique l&#8217;acceptation et le respect de la r\u00e9glementation en vigueur.<\/li>\n<\/ul>\n<\/div><div class=\"fusion-text fusion-text-4\"><p><strong>RESPONSABLE DES ACTIVIT\u00c9S EXTRA-CULTURELLES<\/strong><\/p>\n<ul>\n<li>Le coordinateur des activit\u00e9s p\u00e9riscolaires, Benoit Medina, sera le responsable de toute question li\u00e9e \u00e0 celles-ci.<\/li>\n<li>Les moyens habituels de communication seront:<\/li>\n<\/ul>\n<blockquote>\n<p>Entretien personnel : \u00e0 la sortie des activit\u00e9s, 17h30.<\/p>\n<p>Num\u00e9ro de t\u00e9l\u00e9phone : 662097852<\/p>\n<p>Courrier \u00e9lectronique : clubjulesverne@yahoo.es<\/p>\n<\/blockquote>\n<\/div><div class=\"fusion-clearfix\"><\/div><\/div><\/div><\/div><\/div>\n","protected":false},"excerpt":{"rendered":"","protected":false},"author":1,"featured_media":0,"parent":9814,"menu_order":0,"comment_status":"closed","ping_status":"closed","template":"","meta":{"footnotes":""},"class_list":["post-18556","page","type-page","status-publish","hentry"],"_links":{"self":[{"href":"https:\/\/liceofrancestenerife.es\/fr\/wp-json\/wp\/v2\/pages\/18556","targetHints":{"allow":["GET"]}}],"collection":[{"href":"https:\/\/liceofrancestenerife.es\/fr\/wp-json\/wp\/v2\/pages"}],"about":[{"href":"https:\/\/liceofrancestenerife.es\/fr\/wp-json\/wp\/v2\/types\/page"}],"author":[{"embeddable":true,"href":"https:\/\/liceofrancestenerife.es\/fr\/wp-json\/wp\/v2\/users\/1"}],"replies":[{"embeddable":true,"href":"https:\/\/liceofrancestenerife.es\/fr\/wp-json\/wp\/v2\/comments?post=18556"}],"version-history":[{"count":3,"href":"https:\/\/liceofrancestenerife.es\/fr\/wp-json\/wp\/v2\/pages\/18556\/revisions"}],"predecessor-version":[{"id":18559,"href":"https:\/\/liceofrancestenerife.es\/fr\/wp-json\/wp\/v2\/pages\/18556\/revisions\/18559"}],"up":[{"embeddable":true,"href":"https:\/\/liceofrancestenerife.es\/fr\/wp-json\/wp\/v2\/pages\/9814"}],"wp:attachment":[{"href":"https:\/\/liceofrancestenerife.es\/fr\/wp-json\/wp\/v2\/media?parent=18556"}],"curies":[{"name":"wp","href":"https:\/\/api.w.org\/{rel}","templated":true}]}}