{"id":18568,"date":"2017-01-10T16:06:29","date_gmt":"2017-01-10T16:06:29","guid":{"rendered":"http:\/\/liceofrancestenerife.es\/activites-periscolaires\/campus-deportivos\/"},"modified":"2017-11-23T10:13:43","modified_gmt":"2017-11-23T10:13:43","slug":"campus-deportivos","status":"publish","type":"page","link":"https:\/\/liceofrancestenerife.es\/fr\/activites-periscolaires\/campus-deportivos\/","title":{"rendered":"CAMPUS DEPORTIVOS"},"content":{"rendered":"<p><div class=\"fusion-fullwidth fullwidth-box fusion-builder-row-1 nonhundred-percent-fullwidth non-hundred-percent-height-scrolling\" style=\"background-color: rgba(255,255,255,0);background-position: center center;background-repeat: no-repeat;padding-top:0px;padding-right:0px;padding-bottom:0px;padding-left:0px;margin-bottom: 0px;margin-top: 0px;border-width: 0px 0px 0px 0px;border-color:#eae9e9;border-style:solid;\" ><div class=\"fusion-builder-row fusion-row\"><div class=\"fusion-layout-column fusion_builder_column fusion-builder-column-0 fusion_builder_column_1_1 1_1 fusion-one-full fusion-column-first fusion-column-last\" style=\"margin-top:0px;margin-bottom:0px;\"><div class=\"fusion-column-wrapper fusion-flex-column-wrapper-legacy\" style=\"background-position:left top;background-repeat:no-repeat;-webkit-background-size:cover;-moz-background-size:cover;-o-background-size:cover;background-size:cover;padding: 0px 0px 0px 0px;\"><div class=\"fusion-text fusion-text-1\"><p><img decoding=\"async\" class=\"lazyload alignnone size-full wp-image-19648 aligncenter\" src=\"http:\/\/liceofrancestenerife.es\/nuevaweb\/wp-content\/uploads\/2017\/11\/201604278-Tenis-20.jpg\" data-orig-src=\"http:\/\/liceofrancestenerife.es\/nuevaweb\/wp-content\/uploads\/2017\/11\/201604278-Tenis-20.jpg\" alt=\"\" width=\"902\" height=\"598\" srcset=\"data:image\/svg+xml,%3Csvg%20xmlns%3D%27http%3A%2F%2Fwww.w3.org%2F2000%2Fsvg%27%20width%3D%27902%27%20height%3D%27598%27%20viewBox%3D%270%200%20902%20598%27%3E%3Crect%20width%3D%27902%27%20height%3D%27598%27%20fill-opacity%3D%220%22%2F%3E%3C%2Fsvg%3E\" data-srcset=\"https:\/\/liceofrancestenerife.es\/nuevaweb\/wp-content\/uploads\/2017\/11\/201604278-Tenis-20-200x133.jpg 200w, https:\/\/liceofrancestenerife.es\/nuevaweb\/wp-content\/uploads\/2017\/11\/201604278-Tenis-20-300x199.jpg 300w, https:\/\/liceofrancestenerife.es\/nuevaweb\/wp-content\/uploads\/2017\/11\/201604278-Tenis-20-400x265.jpg 400w, https:\/\/liceofrancestenerife.es\/nuevaweb\/wp-content\/uploads\/2017\/11\/201604278-Tenis-20-600x398.jpg 600w, https:\/\/liceofrancestenerife.es\/nuevaweb\/wp-content\/uploads\/2017\/11\/201604278-Tenis-20-768x509.jpg 768w, https:\/\/liceofrancestenerife.es\/nuevaweb\/wp-content\/uploads\/2017\/11\/201604278-Tenis-20-800x530.jpg 800w, https:\/\/liceofrancestenerife.es\/nuevaweb\/wp-content\/uploads\/2017\/11\/201604278-Tenis-20.jpg 902w\" data-sizes=\"auto\" data-orig-sizes=\"(max-width: 902px) 100vw, 902px\" \/><\/p>\n<\/div><div class=\"fusion-clearfix\"><\/div><\/div><\/div><\/div><\/div><div class=\"fusion-fullwidth fullwidth-box fusion-builder-row-2 nonhundred-percent-fullwidth non-hundred-percent-height-scrolling\" style=\"background-color: rgba(255,255,255,0);background-position: center center;background-repeat: no-repeat;padding-top:20px;padding-right:0px;padding-bottom:20px;padding-left:0px;margin-bottom: 0px;margin-top: 0px;border-width: 0px 0px 0px 0px;border-color:#eae9e9;border-style:solid;\" ><div class=\"fusion-builder-row fusion-row\"><div class=\"fusion-layout-column fusion_builder_column fusion-builder-column-1 fusion_builder_column_1_1 1_1 fusion-one-full fusion-column-first fusion-column-last\" style=\"margin-top:0px;margin-bottom:20px;\"><div class=\"fusion-column-wrapper fusion-flex-column-wrapper-legacy\" style=\"background-position:left top;background-repeat:no-repeat;-webkit-background-size:cover;-moz-background-size:cover;-o-background-size:cover;background-size:cover;padding: 0px 0px 0px 0px;\"><style type=\"text\/css\"><\/style><div class=\"fusion-title title fusion-title-1 fusion-sep-none fusion-title-text fusion-title-size-one\" style=\"margin-top:0px;margin-right:0px;margin-bottom:31px;margin-left:0px;\"><h1 class=\"title-heading-left\" style=\"margin:0;\"><h2><span style=\"color: #1675a0;\"><strong>Campus sportif<\/strong><\/span><\/h2><\/h1><\/div><div class=\"fusion-text fusion-text-2\"><p>Le Club Sportif CD. Sporten Winner, organise en collaboration avec le lyc\u00e9e fran\u00e7ais de Tenerife chaque \u00e9t\u00e9, des activit\u00e9s sportives pour les enfants de 4 \u00e0 17 ans. Les campus sportifs Sporten Winner sont organis\u00e9s dans les installations du Palais des Sports de Santa Cruz de Tenerife.<\/p>\n<p>Suivez nos informations sur les dates \u00e0 venir dans notre site : <a href=\"http:\/\/www.educacion-activa.es\/?page_id=1855\" target=\"_blank\" rel=\"noopener\"><strong>www.sporten-winner.es<\/strong><\/a><\/p>\n<\/div><div class=\"fusion-tabs fusion-tabs-1 classic horizontal-tabs icon-position-left\"><style type=\"text\/css\">.fusion-tabs.fusion-tabs-1 .nav-tabs li a.tab-link{border-top-color:#ebeaea;background-color:#ebeaea;}.fusion-tabs.fusion-tabs-1 .nav-tabs{background-color:#ffffff;}.fusion-tabs.fusion-tabs-1 .nav-tabs li.active a.tab-link,.fusion-tabs.fusion-tabs-1 .nav-tabs li.active a.tab-link:hover,.fusion-tabs.fusion-tabs-1 .nav-tabs li.active a.tab-link:focus{border-right-color:#ffffff;}.fusion-tabs.fusion-tabs-1 .nav-tabs li.active a.tab-link,.fusion-tabs.fusion-tabs-1 .nav-tabs li.active a.tab-link:hover,.fusion-tabs.fusion-tabs-1 .nav-tabs li.active a.tab-link:focus{background-color:#ffffff;}.fusion-tabs.fusion-tabs-1 .nav-tabs li a:hover{background-color:#ffffff;border-top-color:#ffffff;}.fusion-tabs.fusion-tabs-1 .tab-pane{background-color:#ffffff;}.fusion-tabs.fusion-tabs-1 .nav,.fusion-tabs.fusion-tabs-1 .nav-tabs,.fusion-tabs.fusion-tabs-1 .tab-content .tab-pane{border-color:#ebeaea;}<\/style><div class=\"nav\"><ul class=\"nav-tabs nav-justified\" role=\"tablist\"><li class=\"active\"><a class=\"tab-link\" data-toggle=\"tab\" role=\"tab\" aria-controls=\"tab-a354652ca3d1f4076d1\" aria-selected=\"true\" id=\"fusion-tab-football\" href=\"#tab-a354652ca3d1f4076d1\"><h4 class=\"fusion-tab-heading\">Football<\/h4><\/a><\/li><li><a class=\"tab-link\" data-toggle=\"tab\" role=\"tab\" aria-controls=\"tab-7e1848eb61414eaa164\" aria-selected=\"false\" tabindex=\"-1\" id=\"fusion-tab-basket-ball\" href=\"#tab-7e1848eb61414eaa164\"><h4 class=\"fusion-tab-heading\">Basket-ball<\/h4><\/a><\/li><li><a class=\"tab-link\" data-toggle=\"tab\" role=\"tab\" aria-controls=\"tab-a69bc94fd1f6fb2ceea\" aria-selected=\"false\" tabindex=\"-1\" id=\"fusion-tab-volley-ball\" href=\"#tab-a69bc94fd1f6fb2ceea\"><h4 class=\"fusion-tab-heading\">Volley-ball<\/h4><\/a><\/li><li><a class=\"tab-link\" data-toggle=\"tab\" role=\"tab\" aria-controls=\"tab-75a6cec21ab835f4d5f\" aria-selected=\"false\" tabindex=\"-1\" id=\"fusion-tab-aventura\" href=\"#tab-75a6cec21ab835f4d5f\"><h4 class=\"fusion-tab-heading\">Aventura<\/h4><\/a><\/li><li><a class=\"tab-link\" data-toggle=\"tab\" role=\"tab\" aria-controls=\"tab-84150aa3b4f79c195d8\" aria-selected=\"false\" tabindex=\"-1\" id=\"fusion-tab-multideportes\" href=\"#tab-84150aa3b4f79c195d8\"><h4 class=\"fusion-tab-heading\">Multideportes<\/h4><\/a><\/li><\/ul><\/div><div class=\"tab-content\"><div class=\"nav fusion-mobile-tab-nav\"><ul class=\"nav-tabs nav-justified\"><li class=\"active\"><a class=\"tab-link\" data-toggle=\"tab\" role=\"tab\" aria-controls=\"tab-a354652ca3d1f4076d1\" aria-selected=\"true\" id=\"mobile-fusion-tab-football\" href=\"#tab-a354652ca3d1f4076d1\"><h4 class=\"fusion-tab-heading\">Football<\/h4><\/a><\/li><\/ul><\/div><div class=\"tab-pane fade fusion-clearfix in active\" role=\"tabpanel\" tabindex=\"0\" aria-labelledby=\"fusion-tab-football\" id=\"tab-a354652ca3d1f4076d1\">\n<ul>\n<li><strong>Ce qu&#8217;il faut emporter :<\/strong>\n<ul>\n<li>Tenue de sport<\/li>\n<li>Maillot (livr\u00e9s par l&#8217;organisation)<\/li>\n<li>Chaussures de football<\/li>\n<li>Maillot de bain et bonnet de bain, tongue, serviette de bain<\/li>\n<li>Cr\u00e8me solaire et une bouteille d&#8217;eau<\/li>\n<\/ul>\n<\/li>\n<\/ul>\n<ul>\n<li><strong>Contacts:<\/strong>\n<ul>\n<li>662097852 \u2013 Benoit Medina<\/li>\n<li>E-mail: sportenwinner@gmail.com<\/li>\n<li>Indicar la date du campus, le nom et l&#8217;\u00e2ge de l&#8217;enfant<\/li>\n<\/ul>\n<\/li>\n<\/ul>\n<\/div><div class=\"nav fusion-mobile-tab-nav\"><ul class=\"nav-tabs nav-justified\"><li><a class=\"tab-link\" data-toggle=\"tab\" role=\"tab\" aria-controls=\"tab-7e1848eb61414eaa164\" aria-selected=\"false\" tabindex=\"-1\" id=\"mobile-fusion-tab-basket-ball\" href=\"#tab-7e1848eb61414eaa164\"><h4 class=\"fusion-tab-heading\">Basket-ball<\/h4><\/a><\/li><\/ul><\/div><div class=\"tab-pane fade fusion-clearfix\" role=\"tabpanel\" tabindex=\"0\" aria-labelledby=\"fusion-tab-basket-ball\" id=\"tab-7e1848eb61414eaa164\">\n<ul>\n<li><strong>Formations:<\/strong>\n<ul>\n<li>Individualis\u00e9e selon l&#8217;\u00e2ge et le niveau de l&#8217;enfant<\/li>\n<li>Pr\u00e9paration physique sp\u00e9cifique du basket-ball<\/li>\n<li>Activit\u00e9s compl\u00e9mentaires de natation en piscine<\/li>\n<li>Conf\u00e9rences avec des professionnels du sport<\/li>\n<li>Vid\u00e9os techniques (attaque &#8211; d\u00e9fense) pour une meilleure visualisation et correction des erreurs<\/li>\n<\/ul>\n<\/li>\n<\/ul>\n<ul>\n<li><strong>Ce qu&#8217;il faut emporter :<\/strong>\n<ul>\n<li>Tenue de sport<\/li>\n<li>Maillot (livr\u00e9 par l&#8217;organisation)<\/li>\n<li>Chaussures de sport<\/li>\n<li>Maillot de bain sportif<\/li>\n<li>Maillot de bain et bonnet de bain, tongue, serviette de bain<\/li>\n<li>Cr\u00e8me solaire et une bouteille d&#8217;eau<\/li>\n<\/ul>\n<\/li>\n<\/ul>\n<ul>\n<li><strong>Contacts:<\/strong>\n<ul>\n<li>662097852 \u2013 Benoit Medina<\/li>\n<li>E-mail: sportenwinner@gmail.com<\/li>\n<li>Indicar la date du campus, le nom et l&#8217;\u00e2ge de l&#8217;enfant<\/li>\n<\/ul>\n<\/li>\n<\/ul>\n<\/div><div class=\"nav fusion-mobile-tab-nav\"><ul class=\"nav-tabs nav-justified\"><li><a class=\"tab-link\" data-toggle=\"tab\" role=\"tab\" aria-controls=\"tab-a69bc94fd1f6fb2ceea\" aria-selected=\"false\" tabindex=\"-1\" id=\"mobile-fusion-tab-volley-ball\" href=\"#tab-a69bc94fd1f6fb2ceea\"><h4 class=\"fusion-tab-heading\">Volley-ball<\/h4><\/a><\/li><\/ul><\/div><div class=\"tab-pane fade fusion-clearfix\" role=\"tabpanel\" tabindex=\"0\" aria-labelledby=\"fusion-tab-volley-ball\" id=\"tab-a69bc94fd1f6fb2ceea\">\n<ul>\n<li><strong>Formations et objectifs sportifs :<\/strong>\n<ul>\n<li>Formation compl\u00e8te avec notre \u00e9quipe tecnico sportive, form\u00e9es par de v\u00e9ritables professionnels de la 1er division espagnole.<\/li>\n<li>Les tactiques individuelles et collectives seront enseign\u00e9es, ainsi que les diff\u00e9rents gestes techniques de base du volley-ball comme le contr\u00f4le des doigts, des avant-bras. Nous apprendrons les attaques, la d\u00e9fense. Pendant les s\u00e9ances d&#8217;entra\u00eenement, les participants, auront des moments de rehydratation.<\/li>\n<\/ul>\n<\/li>\n<\/ul>\n<ul>\n<li><strong>Objectifs sportifs :<\/strong>\n<ul>\n<li>Obtenir une bonne coordination globale.<\/li>\n<li>D\u00e9velopper une vision p\u00e9riph\u00e9rique.<\/li>\n<li>Acqu\u00e9rir des capacit\u00e9s physiques : force, endurance, rapidit\u00e9 et flexibilit\u00e9. Coordination et \u00e9quilibre.<\/li>\n<li>Avoir une bonne notion d&#8217;espace-temps.<\/li>\n<\/ul>\n<\/li>\n<\/ul>\n<ul>\n<li><strong>Objectifs cognitifs<\/strong>\n<ul>\n<li>Connaissance des r\u00e8gles de base et des tactiques.<\/li>\n<li>D\u00e9couverte de nouvelles formes de d\u00e9placement.<\/li>\n<li>D\u00e9velopper la capacit\u00e9 d&#8217;analyse par r\u00e9solution de situations.<\/li>\n<li>Am\u00e9liorer l&#8217;intelligence du moteur.<\/li>\n<li>Objectifs affectifs.<\/li>\n<li>D\u00e9veloppez le sens social de l&#8217;enfant.<\/li>\n<li>Encourager le travail d&#8217;\u00e9quipe.<\/li>\n<li>Acqu\u00e9rir des responsabilit\u00e9s au sein du groupe.<\/li>\n<li>Cr\u00e9er un bon environnement de travail.<\/li>\n<li>Objectifs alimentaires.<\/li>\n<li>Conna\u00eetre les bonnes habitudes alimentaires pour les athl\u00e8tes.<\/li>\n<\/ul>\n<\/li>\n<\/ul>\n<ul>\n<li><strong>Ce qu&#8217;il faut emporter :<\/strong>\n<ul>\n<li>Tenue de sport<\/li>\n<li>Maillot (livr\u00e9 par l&#8217;organisation)<\/li>\n<li>Chaussures de sport<\/li>\n<li>Maillot de bain sportif<\/li>\n<li>Maillot de bain et bonnet de bain, tongue, serviette de bain<\/li>\n<li>Cr\u00e8me solaire et une bouteille d&#8217;eau<\/li>\n<\/ul>\n<\/li>\n<\/ul>\n<ul>\n<li><strong>Contacts :<\/strong>\n<ul>\n<li>662097852 \u2013 Benoit Medina.<\/li>\n<li>E-mail: sportenwinner@gmail.com<\/li>\n<li>Indicar la date du campus, le nom et l&#8217;\u00e2ge de l&#8217;enfant.<\/li>\n<\/ul>\n<\/li>\n<\/ul>\n<\/div><div class=\"nav fusion-mobile-tab-nav\"><ul class=\"nav-tabs nav-justified\"><li><a class=\"tab-link\" data-toggle=\"tab\" role=\"tab\" aria-controls=\"tab-75a6cec21ab835f4d5f\" aria-selected=\"false\" tabindex=\"-1\" id=\"mobile-fusion-tab-aventura\" href=\"#tab-75a6cec21ab835f4d5f\"><h4 class=\"fusion-tab-heading\">Aventura<\/h4><\/a><\/li><\/ul><\/div><div class=\"tab-pane fade fusion-clearfix\" role=\"tabpanel\" tabindex=\"0\" aria-labelledby=\"fusion-tab-aventura\" id=\"tab-75a6cec21ab835f4d5f\">\n<ul>\n<li><strong>Actividades:<\/strong>\n<ul>\n<li>Canoa<\/li>\n<li>Paddle Surf<\/li>\n<li>Equitaci\u00f3n<\/li>\n<li>Tiro con arco<\/li>\n<li>Biolog\u00eda marina<\/li>\n<li>Barranquismo<\/li>\n<li>Vulcanolog\u00eda<\/li>\n<li>Acampada<\/li>\n<li>Astronom\u00eda<\/li>\n<\/ul>\n<\/li>\n<\/ul>\n<ul>\n<li><strong>Qu\u00e9 hay que llevar:<\/strong>\n<ul>\n<li>Ropa deportiva<\/li>\n<li>Equipaje (entregado por la organizaci\u00f3n)<\/li>\n<li>Botas de f\u00fatbol<\/li>\n<li>Patines y protecciones para multideporte<\/li>\n<li>Ba\u00f1ador deportivo<\/li>\n<li>Gorro de piscina<\/li>\n<li>Cholas<\/li>\n<li>Toallas<\/li>\n<li>Protector solar<\/li>\n<li>Botella de agua<\/li>\n<\/ul>\n<\/li>\n<\/ul>\n<ul>\n<li><strong>Contacts:<\/strong>\n<ul>\n<li>662097852 \u2013 Benoit Medina<\/li>\n<li>E-mail: sportenwinner@gmail.com<\/li>\n<li>Indicar la date du campus, le nom et l&#8217;\u00e2ge de l&#8217;enfant<\/li>\n<\/ul>\n<\/li>\n<\/ul>\n<\/div><div class=\"nav fusion-mobile-tab-nav\"><ul class=\"nav-tabs nav-justified\"><li><a class=\"tab-link\" data-toggle=\"tab\" role=\"tab\" aria-controls=\"tab-84150aa3b4f79c195d8\" aria-selected=\"false\" tabindex=\"-1\" id=\"mobile-fusion-tab-multideportes\" href=\"#tab-84150aa3b4f79c195d8\"><h4 class=\"fusion-tab-heading\">Multideportes<\/h4><\/a><\/li><\/ul><\/div><div class=\"tab-pane fade fusion-clearfix\" role=\"tabpanel\" tabindex=\"0\" aria-labelledby=\"fusion-tab-multideportes\" id=\"tab-84150aa3b4f79c195d8\">\n<ul>\n<li><strong>Entrenamientos:\u00a0<\/strong>\n<ul>\n<li>Voleibol<\/li>\n<li>Kung Fu<\/li>\n<li>Baile moderno<\/li>\n<li>Jazz<\/li>\n<li>F\u00fatbol Sala<\/li>\n<li>Freezby<\/li>\n<li>Karate<\/li>\n<li>Balonmano<\/li>\n<li>Pilates<\/li>\n<li>\u00a0Yoga<\/li>\n<li>Piscina<\/li>\n<li>Juegos variados<\/li>\n<\/ul>\n<\/li>\n<\/ul>\n<ul>\n<li><strong>Qu\u00e9 hay que llevar:\u00a0<\/strong>\n<ul>\n<li>Ropa deportiva<\/li>\n<li>Equipaje (entregado por la organizaci\u00f3n)<\/li>\n<li>Botas de f\u00fatbol<\/li>\n<li>Patines y protecciones para multideporte<\/li>\n<li>Ba\u00f1ador deportivo<\/li>\n<li>Gorro de piscina<\/li>\n<li>Cholas<\/li>\n<li>Toallas<\/li>\n<li>Protector solar<\/li>\n<li>Botella de agua<\/li>\n<\/ul>\n<\/li>\n<\/ul>\n<ul>\n<li><strong>Contacts:<\/strong>\n<ul>\n<li>662097852 \u2013 Benoit Medina<\/li>\n<li>E-mail: sportenwinner@gmail.com<\/li>\n<li>Indicar la date du campus, le nom et l&#8217;\u00e2ge de l&#8217;enfant<\/li>\n<\/ul>\n<\/li>\n<\/ul>\n<\/div><\/div><\/div><div class=\"fusion-clearfix\"><\/div><\/div><\/div><\/div><\/div><\/p>\n","protected":false},"excerpt":{"rendered":"","protected":false},"author":1,"featured_media":0,"parent":9814,"menu_order":0,"comment_status":"closed","ping_status":"closed","template":"","meta":{"footnotes":""},"class_list":["post-18568","page","type-page","status-publish","hentry"],"_links":{"self":[{"href":"https:\/\/liceofrancestenerife.es\/fr\/wp-json\/wp\/v2\/pages\/18568","targetHints":{"allow":["GET"]}}],"collection":[{"href":"https:\/\/liceofrancestenerife.es\/fr\/wp-json\/wp\/v2\/pages"}],"about":[{"href":"https:\/\/liceofrancestenerife.es\/fr\/wp-json\/wp\/v2\/types\/page"}],"author":[{"embeddable":true,"href":"https:\/\/liceofrancestenerife.es\/fr\/wp-json\/wp\/v2\/users\/1"}],"replies":[{"embeddable":true,"href":"https:\/\/liceofrancestenerife.es\/fr\/wp-json\/wp\/v2\/comments?post=18568"}],"version-history":[{"count":4,"href":"https:\/\/liceofrancestenerife.es\/fr\/wp-json\/wp\/v2\/pages\/18568\/revisions"}],"predecessor-version":[{"id":19657,"href":"https:\/\/liceofrancestenerife.es\/fr\/wp-json\/wp\/v2\/pages\/18568\/revisions\/19657"}],"up":[{"embeddable":true,"href":"https:\/\/liceofrancestenerife.es\/fr\/wp-json\/wp\/v2\/pages\/9814"}],"wp:attachment":[{"href":"https:\/\/liceofrancestenerife.es\/fr\/wp-json\/wp\/v2\/media?parent=18568"}],"curies":[{"name":"wp","href":"https:\/\/api.w.org\/{rel}","templated":true}]}}