{"id":20084,"date":"2018-01-11T12:00:34","date_gmt":"2018-01-11T12:00:34","guid":{"rendered":"http:\/\/liceofrancestenerife.es\/?page_id=20084"},"modified":"2025-12-10T14:35:07","modified_gmt":"2025-12-10T14:35:07","slug":"tarifas","status":"publish","type":"page","link":"https:\/\/liceofrancestenerife.es\/fr\/tarifas\/","title":{"rendered":"Tarifas"},"content":{"rendered":"<div class=\"fusion-fullwidth fullwidth-box fusion-builder-row-1 nonhundred-percent-fullwidth non-hundred-percent-height-scrolling\" style=\"background-color: rgba(255,255,255,0);background-position: center center;background-repeat: no-repeat;padding-top:20px;padding-right:0px;padding-bottom:20px;padding-left:0px;margin-bottom: 0px;margin-top: 0px;border-width: 0px 0px 0px 0px;border-color:#eae9e9;border-style:solid;\" ><div class=\"fusion-builder-row fusion-row\"><div class=\"fusion-layout-column fusion_builder_column fusion-builder-column-0 fusion_builder_column_1_1 1_1 fusion-one-full fusion-column-first fusion-column-last\" style=\"margin-top:0px;margin-bottom:20px;\"><div class=\"fusion-column-wrapper fusion-flex-column-wrapper-legacy\" style=\"background-position:left top;background-repeat:no-repeat;-webkit-background-size:cover;-moz-background-size:cover;-o-background-size:cover;background-size:cover;padding: 0px 0px 0px 0px;\"><div class=\"fusion-text fusion-text-1\"><p><img decoding=\"async\" class=\"lazyload aligncenter wp-image-12692 size-full\" src=\"http:\/\/liceofrancestenerife.es\/nuevaweb\/wp-content\/uploads\/2017\/01\/20161215-Mural-Louis-Lambert-10.jpg\" data-orig-src=\"http:\/\/liceofrancestenerife.es\/nuevaweb\/wp-content\/uploads\/2017\/01\/20161215-Mural-Louis-Lambert-10.jpg\" width=\"902\" height=\"598\" srcset=\"data:image\/svg+xml,%3Csvg%20xmlns%3D%27http%3A%2F%2Fwww.w3.org%2F2000%2Fsvg%27%20width%3D%27902%27%20height%3D%27598%27%20viewBox%3D%270%200%20902%20598%27%3E%3Crect%20width%3D%27902%27%20height%3D%27598%27%20fill-opacity%3D%220%22%2F%3E%3C%2Fsvg%3E\" data-srcset=\"https:\/\/liceofrancestenerife.es\/nuevaweb\/wp-content\/uploads\/2017\/01\/20161215-Mural-Louis-Lambert-10-200x133.jpg 200w, https:\/\/liceofrancestenerife.es\/nuevaweb\/wp-content\/uploads\/2017\/01\/20161215-Mural-Louis-Lambert-10-300x199.jpg 300w, https:\/\/liceofrancestenerife.es\/nuevaweb\/wp-content\/uploads\/2017\/01\/20161215-Mural-Louis-Lambert-10-400x265.jpg 400w, https:\/\/liceofrancestenerife.es\/nuevaweb\/wp-content\/uploads\/2017\/01\/20161215-Mural-Louis-Lambert-10-600x398.jpg 600w, https:\/\/liceofrancestenerife.es\/nuevaweb\/wp-content\/uploads\/2017\/01\/20161215-Mural-Louis-Lambert-10-768x509.jpg 768w, https:\/\/liceofrancestenerife.es\/nuevaweb\/wp-content\/uploads\/2017\/01\/20161215-Mural-Louis-Lambert-10-800x530.jpg 800w, https:\/\/liceofrancestenerife.es\/nuevaweb\/wp-content\/uploads\/2017\/01\/20161215-Mural-Louis-Lambert-10.jpg 902w\" data-sizes=\"auto\" data-orig-sizes=\"(max-width: 902px) 100vw, 902px\" \/><\/p>\n<\/div><style type=\"text\/css\"><\/style><div class=\"fusion-title title fusion-title-1 fusion-sep-none fusion-title-text fusion-title-size-one\" style=\"margin-top:0px;margin-right:0px;margin-bottom:31px;margin-left:0px;\"><h1 class=\"title-heading-left\" style=\"margin:0;\"><strong>Bourses<\/strong><\/h1><\/div><div class=\"fusion-text fusion-text-2\"><p style=\"font-weight: 400;\"><strong>Bonjour,\u00a0<\/strong><\/p>\n<p style=\"font-weight: 400;\"><strong>Dans le cadre du prochain lancement de la campagne 2026-2027 des bourses scolaires, les Consulats g\u00e9n\u00e9raux de France \u00e0 Madrid et Barcelone organisent un Webinaire en commun le mardi 16 d\u00e9cembre 2025 de 17h30 \u00e0 19h00, (Heure de Madrid) afin de pr\u00e9senter le dispositif, ses nouveaut\u00e9s pour l\u2019ann\u00e9e \u00e0 venir et r\u00e9pondre aux questions des familles fran\u00e7aises.<\/strong><\/p>\n<p style=\"font-weight: 400;\"><strong>\u00a0Pour rappel, les principales conditions n\u00e9cessaires au d\u00e9p\u00f4t d\u2019un dossier de bourse scolaire :<\/strong><\/p>\n<ul style=\"font-weight: 400;\">\n<li><strong><u>L\u2019\u00e9l\u00e8ve doit \u00eatre de nationalit\u00e9 fran\u00e7aise<\/u>.<\/strong><\/li>\n<li><strong>Le demandeur et l\u2019enfant doivent \u00eatre inscrits au\u00a0<a href=\"https:\/\/www.service-public.fr\/particuliers\/vosdroits\/F33307\" data-saferedirecturl=\"https:\/\/www.google.com\/url?q=https:\/\/www.service-public.fr\/particuliers\/vosdroits\/F33307&amp;source=gmail&amp;ust=1765462442414000&amp;usg=AOvVaw2X07366buHXOWBEpWqZY8K\">registre mondial des Fran\u00e7ais \u00e9tablis hors de France<\/a>\u00a0(V\u00e9rifiez que votre inscription au registre et celle de vos enfants sont en cours de validit\u00e9).<\/strong><\/li>\n<li><strong>L\u2019enfant doit r\u00e9sider en Espagne avec au moins un de ses parents.<\/strong><\/li>\n<li><strong>L\u2019enfant doit au minimum \u00eatre \u00e2g\u00e9 de 3 ans au 31 d\u00e9cembre 2026.<\/strong><\/li>\n<li><strong><u>L\u2019enfant doit \u00eatre scolaris\u00e9 dans un \u00e9tablissement homologu\u00e9 par le minist\u00e8re fran\u00e7ais de l\u2019\u00c9ducation nationale<\/u>.<\/strong><\/li>\n<\/ul>\n<p style=\"font-weight: 400;\"><strong>\u00a0<u>Le lien pour se connecter :\u00a0 <\/u><\/strong><strong>\u00a0<a href=\"https:\/\/webinaire.numerique.gouv.fr\/meeting\/signin\/invite\/69565\/creator\/17929\/hash\/21b1063f3a77bbe299ac397b24b0902dd71c593d\" data-saferedirecturl=\"https:\/\/www.google.com\/url?q=https:\/\/webinaire.numerique.gouv.fr\/meeting\/signin\/invite\/69565\/creator\/17929\/hash\/21b1063f3a77bbe299ac397b24b0902dd71c593d&amp;source=gmail&amp;ust=1765462442414000&amp;usg=AOvVaw2ElgJZsx8IbqkczcmVnbUO\">https:\/\/webinaire.numerique.gouv.fr\/meeting\/signin\/invite\/69565\/creator\/17929\/hash\/21b1063f3a77bbe299ac397b24b0902dd71c593d<\/a><\/strong><\/p>\n<\/div><div class=\"fusion-clearfix\"><\/div><\/div><\/div><div class=\"fusion-layout-column fusion_builder_column fusion-builder-column-1 fusion_builder_column_1_1 1_1 fusion-one-full fusion-column-first fusion-column-last\" style=\"margin-top:0px;margin-bottom:20px;\"><div class=\"fusion-column-wrapper fusion-flex-column-wrapper-legacy\" style=\"background-position:left top;background-repeat:no-repeat;-webkit-background-size:cover;-moz-background-size:cover;-o-background-size:cover;background-size:cover;padding: 0px 0px 0px 0px;\"><style type=\"text\/css\"><\/style><div class=\"fusion-title title fusion-title-2 fusion-sep-none fusion-title-text fusion-title-size-one\" style=\"margin-top:0px;margin-right:0px;margin-bottom:31px;margin-left:0px;\"><h1 class=\"title-heading-left\" style=\"margin:0;\"><h2>Nos tarifs 2025-2026<\/h2><\/h1><\/div><div class=\"fusion-text fusion-text-3\"><iframe src=\"\/\/docs.google.com\/viewer?url=https%3A%2F%2Fliceofrancestenerife.es%2Fnuevaweb%2Fwp-content%2Fuploads%2F2025%2F03%2FAnexxe-I_-Tarifs-FR-2025-2026.pdf&hl=es&embedded=true\" class=\"gde-frame\" style=\"width:100%; height:500px; border: none;\" scrolling=\"no\"><\/iframe>\n<p class=\"gde-text\"><a href=\"https:\/\/liceofrancestenerife.es\/nuevaweb\/wp-content\/uploads\/2025\/03\/Anexxe-I_-Tarifs-FR-2025-2026.pdf\" class=\"gde-link\">Descargar (PDF, Inconnu)<\/a><\/p>\n<\/div><div class=\"fusion-clearfix\"><\/div><\/div><\/div><\/div><\/div>\n","protected":false},"excerpt":{"rendered":"","protected":false},"author":282,"featured_media":0,"parent":0,"menu_order":0,"comment_status":"closed","ping_status":"closed","template":"","meta":{"footnotes":""},"class_list":["post-20084","page","type-page","status-publish","hentry"],"_links":{"self":[{"href":"https:\/\/liceofrancestenerife.es\/fr\/wp-json\/wp\/v2\/pages\/20084","targetHints":{"allow":["GET"]}}],"collection":[{"href":"https:\/\/liceofrancestenerife.es\/fr\/wp-json\/wp\/v2\/pages"}],"about":[{"href":"https:\/\/liceofrancestenerife.es\/fr\/wp-json\/wp\/v2\/types\/page"}],"author":[{"embeddable":true,"href":"https:\/\/liceofrancestenerife.es\/fr\/wp-json\/wp\/v2\/users\/282"}],"replies":[{"embeddable":true,"href":"https:\/\/liceofrancestenerife.es\/fr\/wp-json\/wp\/v2\/comments?post=20084"}],"version-history":[{"count":20,"href":"https:\/\/liceofrancestenerife.es\/fr\/wp-json\/wp\/v2\/pages\/20084\/revisions"}],"predecessor-version":[{"id":43025,"href":"https:\/\/liceofrancestenerife.es\/fr\/wp-json\/wp\/v2\/pages\/20084\/revisions\/43025"}],"wp:attachment":[{"href":"https:\/\/liceofrancestenerife.es\/fr\/wp-json\/wp\/v2\/media?parent=20084"}],"curies":[{"name":"wp","href":"https:\/\/api.w.org\/{rel}","templated":true}]}}