{"id":26669,"date":"2019-04-15T16:11:46","date_gmt":"2019-04-15T15:11:46","guid":{"rendered":"https:\/\/liceofrancestenerife.es\/la-carta-de-jules\/"},"modified":"2019-04-15T16:14:49","modified_gmt":"2019-04-15T15:14:49","slug":"la-carta-de-jules","status":"publish","type":"page","link":"https:\/\/liceofrancestenerife.es\/fr\/la-carta-de-jules\/","title":{"rendered":"La lettre de Jules"},"content":{"rendered":"<div class=\"fusion-fullwidth fullwidth-box fusion-builder-row-1 nonhundred-percent-fullwidth non-hundred-percent-height-scrolling\" style=\"background-color: rgba(255,255,255,0);background-position: center center;background-repeat: no-repeat;padding-top:0px;padding-right:0px;padding-bottom:0px;padding-left:0px;margin-bottom: 0px;margin-top: 0px;border-width: 0px 0px 0px 0px;border-color:#eae9e9;border-style:solid;\" ><div class=\"fusion-builder-row fusion-row\"><div class=\"fusion-layout-column fusion_builder_column fusion-builder-column-0 fusion_builder_column_1_1 1_1 fusion-one-full fusion-column-first fusion-column-last\" style=\"margin-top:0px;margin-bottom:20px;\"><div class=\"fusion-column-wrapper fusion-flex-column-wrapper-legacy\" style=\"background-position:left top;background-repeat:no-repeat;-webkit-background-size:cover;-moz-background-size:cover;-o-background-size:cover;background-size:cover;padding: 0px 0px 0px 0px;\"><div class=\"fusion-recent-posts fusion-recent-posts-1 avada-container layout-default layout-columns-3\"><section class=\"fusion-columns columns fusion-columns-3 columns-3\"><article class=\"post fusion-column column col col-lg-4 col-md-4 col-sm-4\"><div class=\"fusion-flexslider fusion-flexslider-loading flexslider flexslider-hover-type-none\"><ul class=\"slides\"><li><a href=\"https:\/\/liceofrancestenerife.es\/fr\/una-carta-de-jules-especial\/\" aria-label=\"Une lettre de Jules sp\u00e9ciale\" class=\"hover-type-none\"><img decoding=\"async\" width=\"408\" height=\"288\" src=\"https:\/\/liceofrancestenerife.es\/nuevaweb\/wp-content\/uploads\/2022\/06\/Lettre_de_jules_20_portada.jpg\" class=\"attachment-recent-posts size-recent-posts lazyload\" alt=\"\" srcset=\"data:image\/svg+xml,%3Csvg%20xmlns%3D%27http%3A%2F%2Fwww.w3.org%2F2000%2Fsvg%27%20width%3D%27408%27%20height%3D%27288%27%20viewBox%3D%270%200%20408%20288%27%3E%3Crect%20width%3D%27408%27%20height%3D%27288%27%20fill-opacity%3D%220%22%2F%3E%3C%2Fsvg%3E\" data-orig-src=\"https:\/\/liceofrancestenerife.es\/nuevaweb\/wp-content\/uploads\/2022\/06\/Lettre_de_jules_20_portada.jpg\" data-srcset=\"https:\/\/liceofrancestenerife.es\/nuevaweb\/wp-content\/uploads\/2022\/06\/Lettre_de_jules_20_portada-200x141.jpg 200w, https:\/\/liceofrancestenerife.es\/nuevaweb\/wp-content\/uploads\/2022\/06\/Lettre_de_jules_20_portada-300x212.jpg 300w, https:\/\/liceofrancestenerife.es\/nuevaweb\/wp-content\/uploads\/2022\/06\/Lettre_de_jules_20_portada-400x282.jpg 400w, https:\/\/liceofrancestenerife.es\/nuevaweb\/wp-content\/uploads\/2022\/06\/Lettre_de_jules_20_portada.jpg 408w\" data-sizes=\"auto\" \/><\/a><\/li><\/ul><\/div><div class=\"recent-posts-content\"><span class=\"vcard\" style=\"display: none;\"><span class=\"fn\"><a href=\"https:\/\/liceofrancestenerife.es\/fr\/author\/charles-lambert\/\" title=\"Articles par charles-lambert\" rel=\"author\">charles-lambert<\/a><\/span><\/span><span class=\"updated\" style=\"display:none;\">2022-06-27T11:26:35+01:00<\/span><h4 class=\"entry-title\"><a href=\"https:\/\/liceofrancestenerife.es\/fr\/una-carta-de-jules-especial\/\">Une lettre de Jules sp\u00e9ciale<\/a><\/h4><p class=\"meta\"><span class=\"vcard\" style=\"display: none;\"><span class=\"fn\"><a href=\"https:\/\/liceofrancestenerife.es\/fr\/author\/charles-lambert\/\" title=\"Articles par charles-lambert\" rel=\"author\">charles-lambert<\/a><\/span><\/span><span class=\"updated\" style=\"display:none;\">2022-06-27T11:26:35+01:00<\/span><span>Juin 27, 2022<\/span><span class=\"fusion-inline-sep\">|<\/span><span class=\"fusion-comments\"><span>Commentaires ferm\u00e9s<span class=\"screen-reader-text\"> sur Une lettre de Jules sp\u00e9ciale<\/span><\/span><\/span><\/p><p> Si le document n'appara\u00eet pas ci-dessous, vous pouvez le t\u00e9l\u00e9charger ici.      <\/p><\/div><\/article><article class=\"post fusion-column column col col-lg-4 col-md-4 col-sm-4\"><div class=\"fusion-flexslider fusion-flexslider-loading flexslider flexslider-hover-type-none\"><ul class=\"slides\"><li><a href=\"https:\/\/liceofrancestenerife.es\/fr\/carta-de-jules-no19-un-fin-de-curso-dinamico\/\" aria-label=\"Lettre de Jules n\u00ba19: une fin d&#8217;ann\u00e9e dynamique\" class=\"hover-type-none\"><img decoding=\"async\" width=\"700\" height=\"441\" src=\"https:\/\/liceofrancestenerife.es\/nuevaweb\/wp-content\/uploads\/2022\/05\/La-lettre-de-Jules-19_portada-700x441.jpg\" class=\"attachment-recent-posts size-recent-posts lazyload\" alt=\"\" srcset=\"data:image\/svg+xml,%3Csvg%20xmlns%3D%27http%3A%2F%2Fwww.w3.org%2F2000%2Fsvg%27%20width%3D%271199%27%20height%3D%27784%27%20viewBox%3D%270%200%201199%20784%27%3E%3Crect%20width%3D%271199%27%20height%3D%27784%27%20fill-opacity%3D%220%22%2F%3E%3C%2Fsvg%3E\" data-orig-src=\"https:\/\/liceofrancestenerife.es\/nuevaweb\/wp-content\/uploads\/2022\/05\/La-lettre-de-Jules-19_portada-700x441.jpg\" data-srcset=\"https:\/\/liceofrancestenerife.es\/nuevaweb\/wp-content\/uploads\/2022\/05\/La-lettre-de-Jules-19_portada-320x202.jpg 320w, https:\/\/liceofrancestenerife.es\/nuevaweb\/wp-content\/uploads\/2022\/05\/La-lettre-de-Jules-19_portada-700x441.jpg 700w\" data-sizes=\"auto\" \/><\/a><\/li><\/ul><\/div><div class=\"recent-posts-content\"><span class=\"vcard\" style=\"display: none;\"><span class=\"fn\"><a href=\"https:\/\/liceofrancestenerife.es\/fr\/author\/charles-lambert\/\" title=\"Articles par charles-lambert\" rel=\"author\">charles-lambert<\/a><\/span><\/span><span class=\"updated\" style=\"display:none;\">2022-05-27T10:16:02+01:00<\/span><h4 class=\"entry-title\"><a href=\"https:\/\/liceofrancestenerife.es\/fr\/carta-de-jules-no19-un-fin-de-curso-dinamico\/\">Lettre de Jules n\u00ba19: une fin d&#8217;ann\u00e9e dynamique<\/a><\/h4><p class=\"meta\"><span class=\"vcard\" style=\"display: none;\"><span class=\"fn\"><a href=\"https:\/\/liceofrancestenerife.es\/fr\/author\/charles-lambert\/\" title=\"Articles par charles-lambert\" rel=\"author\">charles-lambert<\/a><\/span><\/span><span class=\"updated\" style=\"display:none;\">2022-05-27T10:16:02+01:00<\/span><span>Mai 27, 2022<\/span><span class=\"fusion-inline-sep\">|<\/span><span class=\"fusion-comments\"><span>Commentaires ferm\u00e9s<span class=\"screen-reader-text\"> sur Lettre de Jules n\u00ba19: une fin d&#8217;ann\u00e9e dynamique<\/span><\/span><\/span><\/p><p>      <\/p><\/div><\/article><article class=\"post fusion-column column col col-lg-4 col-md-4 col-sm-4\"><div class=\"fusion-flexslider fusion-flexslider-loading flexslider flexslider-hover-type-none\"><ul class=\"slides\"><li><a href=\"https:\/\/liceofrancestenerife.es\/fr\/la-carta-de-jules-no18-hacia-la-vuelta-a-la-normalidad\/\" aria-label=\"La lettre de Jules n\u00ba18: Vers un retour \u00e0 la normalit\u00e9 !\" class=\"hover-type-none\"><img decoding=\"async\" width=\"700\" height=\"441\" src=\"https:\/\/liceofrancestenerife.es\/nuevaweb\/wp-content\/uploads\/2022\/03\/La-lettre-de-Jules-18-700x441.jpg\" class=\"attachment-recent-posts size-recent-posts lazyload\" alt=\"La lettre de jules n\u00ba18\" srcset=\"data:image\/svg+xml,%3Csvg%20xmlns%3D%27http%3A%2F%2Fwww.w3.org%2F2000%2Fsvg%27%20width%3D%271199%27%20height%3D%27783%27%20viewBox%3D%270%200%201199%20783%27%3E%3Crect%20width%3D%271199%27%20height%3D%27783%27%20fill-opacity%3D%220%22%2F%3E%3C%2Fsvg%3E\" data-orig-src=\"https:\/\/liceofrancestenerife.es\/nuevaweb\/wp-content\/uploads\/2022\/03\/La-lettre-de-Jules-18-700x441.jpg\" data-srcset=\"https:\/\/liceofrancestenerife.es\/nuevaweb\/wp-content\/uploads\/2022\/03\/La-lettre-de-Jules-18-320x202.jpg 320w, https:\/\/liceofrancestenerife.es\/nuevaweb\/wp-content\/uploads\/2022\/03\/La-lettre-de-Jules-18-700x441.jpg 700w\" data-sizes=\"auto\" \/><\/a><\/li><\/ul><\/div><div class=\"recent-posts-content\"><span class=\"vcard\" style=\"display: none;\"><span class=\"fn\"><a href=\"https:\/\/liceofrancestenerife.es\/fr\/author\/charles-lambert\/\" title=\"Articles par charles-lambert\" rel=\"author\">charles-lambert<\/a><\/span><\/span><span class=\"updated\" style=\"display:none;\">2022-03-24T09:27:15+00:00<\/span><h4 class=\"entry-title\"><a href=\"https:\/\/liceofrancestenerife.es\/fr\/la-carta-de-jules-no18-hacia-la-vuelta-a-la-normalidad\/\">La lettre de Jules n\u00ba18: Vers un retour \u00e0 la normalit\u00e9 !<\/a><\/h4><p class=\"meta\"><span class=\"vcard\" style=\"display: none;\"><span class=\"fn\"><a href=\"https:\/\/liceofrancestenerife.es\/fr\/author\/charles-lambert\/\" title=\"Articles par charles-lambert\" rel=\"author\">charles-lambert<\/a><\/span><\/span><span class=\"updated\" style=\"display:none;\">2022-03-24T09:27:15+00:00<\/span><span>Mar 24, 2022<\/span><span class=\"fusion-inline-sep\">|<\/span><span class=\"fusion-comments\"><span>Commentaires ferm\u00e9s<span class=\"screen-reader-text\"> sur La lettre de Jules n\u00ba18: Vers un retour \u00e0 la normalit\u00e9 !<\/span><\/span><\/span><\/p><p> Si vous ne voyez le pdf ci-dessous, vous pouvez le t\u00e9l\u00e9charger ici.      <\/p><\/div><\/article><article class=\"post fusion-column column col col-lg-4 col-md-4 col-sm-4\"><div class=\"fusion-flexslider fusion-flexslider-loading flexslider flexslider-hover-type-none\"><ul class=\"slides\"><li><a href=\"https:\/\/liceofrancestenerife.es\/fr\/la-carta-de-jules-no17-enero-2022\/\" aria-label=\"La lettre de Jules n\u00ba17: janvier 2022\" class=\"hover-type-none\"><img decoding=\"async\" width=\"700\" height=\"441\" src=\"https:\/\/liceofrancestenerife.es\/nuevaweb\/wp-content\/uploads\/2022\/01\/La-lettre-de-Jules-17_es-700x441.jpg\" class=\"attachment-recent-posts size-recent-posts lazyload\" alt=\"Vista previa de la carta de Jules n\u00ba17\" srcset=\"data:image\/svg+xml,%3Csvg%20xmlns%3D%27http%3A%2F%2Fwww.w3.org%2F2000%2Fsvg%27%20width%3D%27827%27%20height%3D%27579%27%20viewBox%3D%270%200%20827%20579%27%3E%3Crect%20width%3D%27827%27%20height%3D%27579%27%20fill-opacity%3D%220%22%2F%3E%3C%2Fsvg%3E\" data-orig-src=\"https:\/\/liceofrancestenerife.es\/nuevaweb\/wp-content\/uploads\/2022\/01\/La-lettre-de-Jules-17_es-700x441.jpg\" data-srcset=\"https:\/\/liceofrancestenerife.es\/nuevaweb\/wp-content\/uploads\/2022\/01\/La-lettre-de-Jules-17_es-320x202.jpg 320w, https:\/\/liceofrancestenerife.es\/nuevaweb\/wp-content\/uploads\/2022\/01\/La-lettre-de-Jules-17_es-700x441.jpg 700w\" data-sizes=\"auto\" \/><\/a><\/li><\/ul><\/div><div class=\"recent-posts-content\"><span class=\"vcard\" style=\"display: none;\"><span class=\"fn\"><a href=\"https:\/\/liceofrancestenerife.es\/fr\/author\/charles-lambert\/\" title=\"Articles par charles-lambert\" rel=\"author\">charles-lambert<\/a><\/span><\/span><span class=\"updated\" style=\"display:none;\">2022-01-26T11:21:30+00:00<\/span><h4 class=\"entry-title\"><a href=\"https:\/\/liceofrancestenerife.es\/fr\/la-carta-de-jules-no17-enero-2022\/\">La lettre de Jules n\u00ba17: janvier 2022<\/a><\/h4><p class=\"meta\"><span class=\"vcard\" style=\"display: none;\"><span class=\"fn\"><a href=\"https:\/\/liceofrancestenerife.es\/fr\/author\/charles-lambert\/\" title=\"Articles par charles-lambert\" rel=\"author\">charles-lambert<\/a><\/span><\/span><span class=\"updated\" style=\"display:none;\">2022-01-26T11:21:30+00:00<\/span><span>Jan 26, 2022<\/span><span class=\"fusion-inline-sep\">|<\/span><span class=\"fusion-comments\"><span>Commentaires ferm\u00e9s<span class=\"screen-reader-text\"> sur La lettre de Jules n\u00ba17: janvier 2022<\/span><\/span><\/span><\/p><p> Si le pdf ci-dessous ne s'affiche pas correctement, vous pouvez le t\u00e9l\u00e9charger ici.      <\/p><\/div><\/article><article class=\"post fusion-column column col col-lg-4 col-md-4 col-sm-4\"><div class=\"fusion-flexslider fusion-flexslider-loading flexslider flexslider-hover-type-none\"><ul class=\"slides\"><li><a href=\"https:\/\/liceofrancestenerife.es\/fr\/la-carta-de-jules-no16-piensen-con-nosotros-la-escuela-del-manana\/\" aria-label=\"La lettre de Jules n\u00ba16: contribuez avec nous \u00e0 repenser l&#8217;\u00e9cole de demain!\" class=\"hover-type-none\"><img decoding=\"async\" width=\"700\" height=\"441\" src=\"https:\/\/liceofrancestenerife.es\/nuevaweb\/wp-content\/uploads\/2021\/11\/La-carta-de-Jules-16-noviembre-21-700x441.jpg\" class=\"attachment-recent-posts size-recent-posts lazyload\" alt=\"\" srcset=\"data:image\/svg+xml,%3Csvg%20xmlns%3D%27http%3A%2F%2Fwww.w3.org%2F2000%2Fsvg%27%20width%3D%271199%27%20height%3D%27771%27%20viewBox%3D%270%200%201199%20771%27%3E%3Crect%20width%3D%271199%27%20height%3D%27771%27%20fill-opacity%3D%220%22%2F%3E%3C%2Fsvg%3E\" data-orig-src=\"https:\/\/liceofrancestenerife.es\/nuevaweb\/wp-content\/uploads\/2021\/11\/La-carta-de-Jules-16-noviembre-21-700x441.jpg\" data-srcset=\"https:\/\/liceofrancestenerife.es\/nuevaweb\/wp-content\/uploads\/2021\/11\/La-carta-de-Jules-16-noviembre-21-320x202.jpg 320w, https:\/\/liceofrancestenerife.es\/nuevaweb\/wp-content\/uploads\/2021\/11\/La-carta-de-Jules-16-noviembre-21-700x441.jpg 700w\" data-sizes=\"auto\" \/><\/a><\/li><\/ul><\/div><div class=\"recent-posts-content\"><span class=\"vcard\" style=\"display: none;\"><span class=\"fn\"><a href=\"https:\/\/liceofrancestenerife.es\/fr\/author\/charles-lambert\/\" title=\"Articles par charles-lambert\" rel=\"author\">charles-lambert<\/a><\/span><\/span><span class=\"updated\" style=\"display:none;\">2021-11-18T15:40:53+00:00<\/span><h4 class=\"entry-title\"><a href=\"https:\/\/liceofrancestenerife.es\/fr\/la-carta-de-jules-no16-piensen-con-nosotros-la-escuela-del-manana\/\">La lettre de Jules n\u00ba16: contribuez avec nous \u00e0 repenser l&#8217;\u00e9cole de demain!<\/a><\/h4><p class=\"meta\"><span class=\"vcard\" style=\"display: none;\"><span class=\"fn\"><a href=\"https:\/\/liceofrancestenerife.es\/fr\/author\/charles-lambert\/\" title=\"Articles par charles-lambert\" rel=\"author\">charles-lambert<\/a><\/span><\/span><span class=\"updated\" style=\"display:none;\">2021-11-18T15:40:53+00:00<\/span><span>Nov 18, 2021<\/span><span class=\"fusion-inline-sep\">|<\/span><span class=\"fusion-comments\"><span>Commentaires ferm\u00e9s<span class=\"screen-reader-text\"> sur La lettre de Jules n\u00ba16: contribuez avec nous \u00e0 repenser l&#8217;\u00e9cole de demain!<\/span><\/span><\/span><\/p><p> <\/p><\/div><\/article><article class=\"post fusion-column column col col-lg-4 col-md-4 col-sm-4\"><div class=\"fusion-flexslider fusion-flexslider-loading flexslider flexslider-hover-type-none\"><ul class=\"slides\"><li><a href=\"https:\/\/liceofrancestenerife.es\/fr\/la-carta-de-jules-no15-septiembre-2021-la-importancia-de-los-idiomas\/\" aria-label=\"La lettre de Jules n\u00ba15 &#8211; Septembre 2021 : L&#8217;importance des langues\" class=\"hover-type-none\"><img decoding=\"async\" width=\"700\" height=\"441\" src=\"https:\/\/liceofrancestenerife.es\/nuevaweb\/wp-content\/uploads\/2021\/09\/La-lettre-de-Jules-15_en-700x441.jpg\" class=\"attachment-recent-posts size-recent-posts lazyload\" alt=\"\" srcset=\"data:image\/svg+xml,%3Csvg%20xmlns%3D%27http%3A%2F%2Fwww.w3.org%2F2000%2Fsvg%27%20width%3D%271199%27%20height%3D%27785%27%20viewBox%3D%270%200%201199%20785%27%3E%3Crect%20width%3D%271199%27%20height%3D%27785%27%20fill-opacity%3D%220%22%2F%3E%3C%2Fsvg%3E\" data-orig-src=\"https:\/\/liceofrancestenerife.es\/nuevaweb\/wp-content\/uploads\/2021\/09\/La-lettre-de-Jules-15_en-700x441.jpg\" data-srcset=\"https:\/\/liceofrancestenerife.es\/nuevaweb\/wp-content\/uploads\/2021\/09\/La-lettre-de-Jules-15_en-320x202.jpg 320w, https:\/\/liceofrancestenerife.es\/nuevaweb\/wp-content\/uploads\/2021\/09\/La-lettre-de-Jules-15_en-700x441.jpg 700w\" data-sizes=\"auto\" \/><\/a><\/li><\/ul><\/div><div class=\"recent-posts-content\"><span class=\"vcard\" style=\"display: none;\"><span class=\"fn\"><a href=\"https:\/\/liceofrancestenerife.es\/fr\/author\/charles-lambert\/\" title=\"Articles par charles-lambert\" rel=\"author\">charles-lambert<\/a><\/span><\/span><span class=\"updated\" style=\"display:none;\">2021-09-21T14:34:50+01:00<\/span><h4 class=\"entry-title\"><a href=\"https:\/\/liceofrancestenerife.es\/fr\/la-carta-de-jules-no15-septiembre-2021-la-importancia-de-los-idiomas\/\">La lettre de Jules n\u00ba15 &#8211; Septembre 2021 : L&#8217;importance des langues<\/a><\/h4><p class=\"meta\"><span class=\"vcard\" style=\"display: none;\"><span class=\"fn\"><a href=\"https:\/\/liceofrancestenerife.es\/fr\/author\/charles-lambert\/\" title=\"Articles par charles-lambert\" rel=\"author\">charles-lambert<\/a><\/span><\/span><span class=\"updated\" style=\"display:none;\">2021-09-21T14:34:50+01:00<\/span><span>Sep 21, 2021<\/span><span class=\"fusion-inline-sep\">|<\/span><span class=\"fusion-comments\"><span>Commentaires ferm\u00e9s<span class=\"screen-reader-text\"> sur La lettre de Jules n\u00ba15 &#8211; Septembre 2021 : L&#8217;importance des langues<\/span><\/span><\/span><\/p><p> (Version en anglais plus bas.)        <\/p><\/div><\/article><\/section><\/div><div class=\"fusion-clearfix\"><\/div><\/div><\/div><\/div><\/div>\n","protected":false},"excerpt":{"rendered":"","protected":false},"author":282,"featured_media":0,"parent":0,"menu_order":0,"comment_status":"closed","ping_status":"closed","template":"","meta":{"footnotes":""},"class_list":["post-26669","page","type-page","status-publish","hentry"],"_links":{"self":[{"href":"https:\/\/liceofrancestenerife.es\/fr\/wp-json\/wp\/v2\/pages\/26669","targetHints":{"allow":["GET"]}}],"collection":[{"href":"https:\/\/liceofrancestenerife.es\/fr\/wp-json\/wp\/v2\/pages"}],"about":[{"href":"https:\/\/liceofrancestenerife.es\/fr\/wp-json\/wp\/v2\/types\/page"}],"author":[{"embeddable":true,"href":"https:\/\/liceofrancestenerife.es\/fr\/wp-json\/wp\/v2\/users\/282"}],"replies":[{"embeddable":true,"href":"https:\/\/liceofrancestenerife.es\/fr\/wp-json\/wp\/v2\/comments?post=26669"}],"version-history":[{"count":2,"href":"https:\/\/liceofrancestenerife.es\/fr\/wp-json\/wp\/v2\/pages\/26669\/revisions"}],"predecessor-version":[{"id":26671,"href":"https:\/\/liceofrancestenerife.es\/fr\/wp-json\/wp\/v2\/pages\/26669\/revisions\/26671"}],"wp:attachment":[{"href":"https:\/\/liceofrancestenerife.es\/fr\/wp-json\/wp\/v2\/media?parent=26669"}],"curies":[{"name":"wp","href":"https:\/\/api.w.org\/{rel}","templated":true}]}}