{"id":27047,"date":"2019-06-03T09:24:01","date_gmt":"2019-06-03T08:24:01","guid":{"rendered":"https:\/\/liceofrancestenerife.es\/la-f-e-t-2\/"},"modified":"2019-06-03T09:24:01","modified_gmt":"2019-06-03T08:24:01","slug":"la-f-e-t-2","status":"publish","type":"page","link":"https:\/\/liceofrancestenerife.es\/fr\/la-f-e-t-2\/","title":{"rendered":"La F.E.T."},"content":{"rendered":"<div class=\"fusion-fullwidth fullwidth-box fusion-builder-row-1 nonhundred-percent-fullwidth non-hundred-percent-height-scrolling\" style=\"background-color: rgba(255,255,255,0);background-position: center center;background-repeat: no-repeat;padding-top:0px;padding-right:0px;padding-bottom:0px;padding-left:0px;margin-bottom: 0px;margin-top: 0px;border-width: 0px 0px 0px 0px;border-color:#eae9e9;border-style:solid;\" ><div class=\"fusion-builder-row fusion-row\"><div class=\"fusion-layout-column fusion_builder_column fusion-builder-column-0 fusion_builder_column_1_1 1_1 fusion-one-full fusion-column-first fusion-column-last\" style=\"margin-top:0px;margin-bottom:20px;\"><div class=\"fusion-column-wrapper fusion-flex-column-wrapper-legacy\" style=\"background-position:left top;background-repeat:no-repeat;-webkit-background-size:cover;-moz-background-size:cover;-o-background-size:cover;background-size:cover;\"><div class=\"fusion-recent-posts fusion-recent-posts-1 avada-container layout-default layout-columns-2\"><section class=\"fusion-columns columns fusion-columns-2 columns-2\"><article class=\"post fusion-column column col col-lg-6 col-md-6 col-sm-6\"><div class=\"fusion-flexslider fusion-flexslider-loading flexslider flexslider-hover-type-none\"><ul class=\"slides\"><li><a href=\"https:\/\/liceofrancestenerife.es\/fr\/covid19-un-mensaje-del-equipo-de-balonmano-de-la-fet\/\" aria-label=\"[Covid19] Un mensaje del equipo de balonmano de la FET\" class=\"hover-type-none\"><img decoding=\"async\" width=\"700\" height=\"441\" src=\"https:\/\/liceofrancestenerife.es\/nuevaweb\/wp-content\/uploads\/2020\/04\/message_joueurs-700x441.jpg\" class=\"attachment-recent-posts size-recent-posts lazyload\" alt=\"message des joueurs de la FET\" srcset=\"data:image\/svg+xml,%3Csvg%20xmlns%3D%27http%3A%2F%2Fwww.w3.org%2F2000%2Fsvg%27%20width%3D%271500%27%20height%3D%27844%27%20viewBox%3D%270%200%201500%20844%27%3E%3Crect%20width%3D%271500%27%20height%3D%27844%27%20fill-opacity%3D%220%22%2F%3E%3C%2Fsvg%3E\" data-orig-src=\"https:\/\/liceofrancestenerife.es\/nuevaweb\/wp-content\/uploads\/2020\/04\/message_joueurs-700x441.jpg\" data-srcset=\"https:\/\/liceofrancestenerife.es\/nuevaweb\/wp-content\/uploads\/2020\/04\/message_joueurs-320x202.jpg 320w, https:\/\/liceofrancestenerife.es\/nuevaweb\/wp-content\/uploads\/2020\/04\/message_joueurs-700x441.jpg 700w\" data-sizes=\"auto\" \/><\/a><\/li><\/ul><\/div><div class=\"recent-posts-content\"><span class=\"vcard\" style=\"display: none;\"><span class=\"fn\"><a href=\"https:\/\/liceofrancestenerife.es\/fr\/author\/charles-lambert\/\" title=\"Articles par charles-lambert\" rel=\"author\">charles-lambert<\/a><\/span><\/span><span class=\"updated\" style=\"display:none;\">2020-07-07T09:56:42+01:00<\/span><h4 class=\"entry-title\"><a href=\"https:\/\/liceofrancestenerife.es\/fr\/covid19-un-mensaje-del-equipo-de-balonmano-de-la-fet\/\">[Covid19] Un mensaje del equipo de balonmano de la FET<\/a><\/h4><p class=\"meta\"><span class=\"vcard\" style=\"display: none;\"><span class=\"fn\"><a href=\"https:\/\/liceofrancestenerife.es\/fr\/author\/charles-lambert\/\" title=\"Articles par charles-lambert\" rel=\"author\">charles-lambert<\/a><\/span><\/span><span class=\"updated\" style=\"display:none;\">2020-07-07T09:56:42+01:00<\/span><span>Avr 17, 2020<\/span><span class=\"fusion-inline-sep\">|<\/span><span class=\"fusion-comments\"><span>Commentaires ferm\u00e9s<span class=\"screen-reader-text\"> sur [Covid19] Un mensaje del equipo de balonmano de la FET<\/span><\/span><\/span><\/p><p>    <\/p><\/div><\/article><article class=\"post fusion-column column col col-lg-6 col-md-6 col-sm-6\"><div class=\"fusion-flexslider fusion-flexslider-loading flexslider flexslider-hover-type-none\"><ul class=\"slides\"><li><a href=\"https:\/\/liceofrancestenerife.es\/fr\/esquidiomas-2020-viaje-de-inmersion-linguistica-en-los-alpes-franceses\/\" aria-label=\"ESQUIDIOMAS 2020 : voyage d&#8217;immersion linguistique dans les Alpes fran\u00e7aises\" class=\"hover-type-none\"><img decoding=\"async\" width=\"700\" height=\"441\" src=\"https:\/\/liceofrancestenerife.es\/nuevaweb\/wp-content\/uploads\/2019\/10\/CARTEL-ESQUIDIOMAS-2020-700x441.jpg\" class=\"attachment-recent-posts size-recent-posts lazyload\" alt=\"\" srcset=\"data:image\/svg+xml,%3Csvg%20xmlns%3D%27http%3A%2F%2Fwww.w3.org%2F2000%2Fsvg%27%20width%3D%27826%27%20height%3D%271169%27%20viewBox%3D%270%200%20826%201169%27%3E%3Crect%20width%3D%27826%27%20height%3D%271169%27%20fill-opacity%3D%220%22%2F%3E%3C%2Fsvg%3E\" data-orig-src=\"https:\/\/liceofrancestenerife.es\/nuevaweb\/wp-content\/uploads\/2019\/10\/CARTEL-ESQUIDIOMAS-2020-700x441.jpg\" data-srcset=\"https:\/\/liceofrancestenerife.es\/nuevaweb\/wp-content\/uploads\/2019\/10\/CARTEL-ESQUIDIOMAS-2020-320x202.jpg 320w, https:\/\/liceofrancestenerife.es\/nuevaweb\/wp-content\/uploads\/2019\/10\/CARTEL-ESQUIDIOMAS-2020-700x441.jpg 700w\" data-sizes=\"auto\" \/><\/a><\/li><\/ul><\/div><div class=\"recent-posts-content\"><span class=\"vcard\" style=\"display: none;\"><span class=\"fn\"><a href=\"https:\/\/liceofrancestenerife.es\/fr\/author\/charles-lambert\/\" title=\"Articles par charles-lambert\" rel=\"author\">charles-lambert<\/a><\/span><\/span><span class=\"updated\" style=\"display:none;\">2019-10-23T09:20:12+01:00<\/span><h4 class=\"entry-title\"><a href=\"https:\/\/liceofrancestenerife.es\/fr\/esquidiomas-2020-viaje-de-inmersion-linguistica-en-los-alpes-franceses\/\">ESQUIDIOMAS 2020 : voyage d&#8217;immersion linguistique dans les Alpes fran\u00e7aises<\/a><\/h4><p class=\"meta\"><span class=\"vcard\" style=\"display: none;\"><span class=\"fn\"><a href=\"https:\/\/liceofrancestenerife.es\/fr\/author\/charles-lambert\/\" title=\"Articles par charles-lambert\" rel=\"author\">charles-lambert<\/a><\/span><\/span><span class=\"updated\" style=\"display:none;\">2019-10-23T09:20:12+01:00<\/span><span>Oct 24, 2019<\/span><span class=\"fusion-inline-sep\">|<\/span><span class=\"fusion-comments\"><span>Commentaires ferm\u00e9s<span class=\"screen-reader-text\"> sur ESQUIDIOMAS 2020 : voyage d&#8217;immersion linguistique dans les Alpes fran\u00e7aises<\/span><\/span><\/span><\/p><p> C\u2019est le moment de s\u2019inscrire au super voyage d\u2019immersion linguistique en France pendant les vacances de carnaval : ESQUIDIOMAS 2020\u203c\ufe0f Toute une semaine de ski dans les Alpes fran\u00e7aises \u26f7 Ne manquez pas les [...]<\/p><\/div><\/article><article class=\"post fusion-column column col col-lg-6 col-md-6 col-sm-6\"><div class=\"fusion-flexslider fusion-flexslider-loading flexslider flexslider-hover-type-none\"><ul class=\"slides\"><li><a href=\"https:\/\/liceofrancestenerife.es\/fr\/28456\/\" aria-label=\"La FET lance sa saison 2019\/2020!\" class=\"hover-type-none\"><img decoding=\"async\" width=\"700\" height=\"441\" src=\"https:\/\/liceofrancestenerife.es\/nuevaweb\/wp-content\/uploads\/2019\/09\/unnamed2-700x441.jpg\" class=\"attachment-recent-posts size-recent-posts lazyload\" alt=\"\" srcset=\"data:image\/svg+xml,%3Csvg%20xmlns%3D%27http%3A%2F%2Fwww.w3.org%2F2000%2Fsvg%27%20width%3D%271116%27%20height%3D%271600%27%20viewBox%3D%270%200%201116%201600%27%3E%3Crect%20width%3D%271116%27%20height%3D%271600%27%20fill-opacity%3D%220%22%2F%3E%3C%2Fsvg%3E\" data-orig-src=\"https:\/\/liceofrancestenerife.es\/nuevaweb\/wp-content\/uploads\/2019\/09\/unnamed2-700x441.jpg\" data-srcset=\"https:\/\/liceofrancestenerife.es\/nuevaweb\/wp-content\/uploads\/2019\/09\/unnamed2-320x202.jpg 320w, https:\/\/liceofrancestenerife.es\/nuevaweb\/wp-content\/uploads\/2019\/09\/unnamed2-700x441.jpg 700w\" data-sizes=\"auto\" \/><\/a><\/li><\/ul><\/div><div class=\"recent-posts-content\"><span class=\"vcard\" style=\"display: none;\"><span class=\"fn\"><a href=\"https:\/\/liceofrancestenerife.es\/fr\/author\/charles-lambert\/\" title=\"Articles par charles-lambert\" rel=\"author\">charles-lambert<\/a><\/span><\/span><span class=\"updated\" style=\"display:none;\">2019-09-26T14:44:11+01:00<\/span><h4 class=\"entry-title\"><a href=\"https:\/\/liceofrancestenerife.es\/fr\/28456\/\">La FET lance sa saison 2019\/2020!<\/a><\/h4><p class=\"meta\"><span class=\"vcard\" style=\"display: none;\"><span class=\"fn\"><a href=\"https:\/\/liceofrancestenerife.es\/fr\/author\/charles-lambert\/\" title=\"Articles par charles-lambert\" rel=\"author\">charles-lambert<\/a><\/span><\/span><span class=\"updated\" style=\"display:none;\">2019-09-26T14:44:11+01:00<\/span><span>Oct 1, 2019<\/span><span class=\"fusion-inline-sep\">|<\/span><span class=\"fusion-comments\"><span>Commentaires ferm\u00e9s<span class=\"screen-reader-text\"> sur La FET lance sa saison 2019\/2020!<\/span><\/span><\/span><\/p><p> La rentr\u00e9e des classes va avec la reprise du\u00a0#sport\u00a0\u2757\ufe0f La FET continue de repr\u00e9senter le lyc\u00e9e et de transmettre les belles valeurs du sport gr\u00e2ce \u00e0 son club de handball, tout cela en fran\u00e7ais. [...]<\/p><\/div><\/article><article class=\"post fusion-column column col col-lg-6 col-md-6 col-sm-6\"><div class=\"fusion-flexslider fusion-flexslider-loading flexslider flexslider-hover-type-none\"><ul class=\"slides\"><li><a href=\"https:\/\/liceofrancestenerife.es\/fr\/la-f-e-t-prepara-la-temporada-2019-2020-reunion-informativa-el-jueves-6-de-junio\/\" aria-label=\"La F.E.T. pr\u00e9pare la saison 2019\/2020: r\u00e9union informative jeudi 6 juin\" class=\"hover-type-none\"><img decoding=\"async\" width=\"526\" height=\"425\" src=\"https:\/\/liceofrancestenerife.es\/nuevaweb\/wp-content\/uploads\/2019\/06\/portada.jpeg\" class=\"attachment-recent-posts size-recent-posts lazyload\" alt=\"\" srcset=\"data:image\/svg+xml,%3Csvg%20xmlns%3D%27http%3A%2F%2Fwww.w3.org%2F2000%2Fsvg%27%20width%3D%27526%27%20height%3D%27425%27%20viewBox%3D%270%200%20526%20425%27%3E%3Crect%20width%3D%27526%27%20height%3D%27425%27%20fill-opacity%3D%220%22%2F%3E%3C%2Fsvg%3E\" data-orig-src=\"https:\/\/liceofrancestenerife.es\/nuevaweb\/wp-content\/uploads\/2019\/06\/portada.jpeg\" data-srcset=\"https:\/\/liceofrancestenerife.es\/nuevaweb\/wp-content\/uploads\/2019\/06\/portada-24x19.jpeg 24w, https:\/\/liceofrancestenerife.es\/nuevaweb\/wp-content\/uploads\/2019\/06\/portada-36x29.jpeg 36w, https:\/\/liceofrancestenerife.es\/nuevaweb\/wp-content\/uploads\/2019\/06\/portada-48x39.jpeg 48w, https:\/\/liceofrancestenerife.es\/nuevaweb\/wp-content\/uploads\/2019\/06\/portada-177x142.jpeg 177w, https:\/\/liceofrancestenerife.es\/nuevaweb\/wp-content\/uploads\/2019\/06\/portada-200x162.jpeg 200w, https:\/\/liceofrancestenerife.es\/nuevaweb\/wp-content\/uploads\/2019\/06\/portada-300x242.jpeg 300w, https:\/\/liceofrancestenerife.es\/nuevaweb\/wp-content\/uploads\/2019\/06\/portada-400x323.jpeg 400w, https:\/\/liceofrancestenerife.es\/nuevaweb\/wp-content\/uploads\/2019\/06\/portada.jpeg 526w\" data-sizes=\"auto\" \/><\/a><\/li><\/ul><\/div><div class=\"recent-posts-content\"><span class=\"vcard\" style=\"display: none;\"><span class=\"fn\"><a href=\"https:\/\/liceofrancestenerife.es\/fr\/author\/charles-lambert\/\" title=\"Articles par charles-lambert\" rel=\"author\">charles-lambert<\/a><\/span><\/span><span class=\"updated\" style=\"display:none;\">2019-06-03T09:16:32+01:00<\/span><h4 class=\"entry-title\"><a href=\"https:\/\/liceofrancestenerife.es\/fr\/la-f-e-t-prepara-la-temporada-2019-2020-reunion-informativa-el-jueves-6-de-junio\/\">La F.E.T. pr\u00e9pare la saison 2019\/2020: r\u00e9union informative jeudi 6 juin<\/a><\/h4><p class=\"meta\"><span class=\"vcard\" style=\"display: none;\"><span class=\"fn\"><a href=\"https:\/\/liceofrancestenerife.es\/fr\/author\/charles-lambert\/\" title=\"Articles par charles-lambert\" rel=\"author\">charles-lambert<\/a><\/span><\/span><span class=\"updated\" style=\"display:none;\">2019-06-03T09:16:32+01:00<\/span><span>Juin 3, 2019<\/span><span class=\"fusion-inline-sep\">|<\/span><span class=\"fusion-comments\"><span>Commentaires ferm\u00e9s<span class=\"screen-reader-text\"> sur La F.E.T. pr\u00e9pare la saison 2019\/2020: r\u00e9union informative jeudi 6 juin<\/span><\/span><\/span><\/p><p> Apr\u00e8s une grande saison, @la_fet_\u00a0 pr\u00e9pare l\u2019avenir en invitant toutes les familles int\u00e9ress\u00e9es \u00e0 une r\u00e9union informative \u00e0 propos du projet #handball 2019\/2020, jeudi 6 juin \u00e0 16.30 au @liceofrancestenerife ??\u200d\u2640\ufe0f??\u200d\u2642\ufe0f    [...]<\/p><\/div><\/article><article class=\"post fusion-column column col col-lg-6 col-md-6 col-sm-6\"><div class=\"fusion-flexslider fusion-flexslider-loading flexslider flexslider-hover-type-none\"><ul class=\"slides\"><li><a href=\"https:\/\/liceofrancestenerife.es\/fr\/idiomaventura2019-avec-la-f-e-t\/\" aria-label=\"#idiomaventura2019 avec la F.E.T.\" class=\"hover-type-none\"><img decoding=\"async\" width=\"700\" height=\"441\" src=\"https:\/\/liceofrancestenerife.es\/nuevaweb\/wp-content\/uploads\/2019\/04\/portada-700x441.jpeg\" class=\"attachment-recent-posts size-recent-posts lazyload\" alt=\"\" srcset=\"data:image\/svg+xml,%3Csvg%20xmlns%3D%27http%3A%2F%2Fwww.w3.org%2F2000%2Fsvg%27%20width%3D%271209%27%20height%3D%27726%27%20viewBox%3D%270%200%201209%20726%27%3E%3Crect%20width%3D%271209%27%20height%3D%27726%27%20fill-opacity%3D%220%22%2F%3E%3C%2Fsvg%3E\" data-orig-src=\"https:\/\/liceofrancestenerife.es\/nuevaweb\/wp-content\/uploads\/2019\/04\/portada-700x441.jpeg\" data-srcset=\"https:\/\/liceofrancestenerife.es\/nuevaweb\/wp-content\/uploads\/2019\/04\/portada-24x14.jpeg 24w, https:\/\/liceofrancestenerife.es\/nuevaweb\/wp-content\/uploads\/2019\/04\/portada-36x22.jpeg 36w, https:\/\/liceofrancestenerife.es\/nuevaweb\/wp-content\/uploads\/2019\/04\/portada-48x29.jpeg 48w, https:\/\/liceofrancestenerife.es\/nuevaweb\/wp-content\/uploads\/2019\/04\/portada-320x202.jpeg 320w, https:\/\/liceofrancestenerife.es\/nuevaweb\/wp-content\/uploads\/2019\/04\/portada-700x441.jpeg 700w\" data-sizes=\"auto\" \/><\/a><\/li><\/ul><\/div><div class=\"recent-posts-content\"><span class=\"vcard\" style=\"display: none;\"><span class=\"fn\"><a href=\"https:\/\/liceofrancestenerife.es\/fr\/author\/charles-lambert\/\" title=\"Articles par charles-lambert\" rel=\"author\">charles-lambert<\/a><\/span><\/span><span class=\"updated\" style=\"display:none;\">2019-04-12T14:57:32+01:00<\/span><h4 class=\"entry-title\"><a href=\"https:\/\/liceofrancestenerife.es\/fr\/idiomaventura2019-avec-la-f-e-t\/\">#idiomaventura2019 avec la F.E.T.<\/a><\/h4><p class=\"meta\"><span class=\"vcard\" style=\"display: none;\"><span class=\"fn\"><a href=\"https:\/\/liceofrancestenerife.es\/fr\/author\/charles-lambert\/\" title=\"Articles par charles-lambert\" rel=\"author\">charles-lambert<\/a><\/span><\/span><span class=\"updated\" style=\"display:none;\">2019-04-12T14:57:32+01:00<\/span><span>Avr 12, 2019<\/span><span class=\"fusion-inline-sep\">|<\/span><span class=\"fusion-comments\"><span>Commentaires ferm\u00e9s<span class=\"screen-reader-text\"> sur #idiomaventura2019 avec la F.E.T.<\/span><\/span><\/span><\/p><p>    ?? Ya ha llegado el momento de organizar las vacaciones de verano para ello les proponemos nuestro viaje de inmersi\u00f3n ling\u00fc\u00edstica #idiomaventura2019 con deporte y cultura en el sur de Francia [...]<\/p><\/div><\/article><article class=\"post fusion-column column col col-lg-6 col-md-6 col-sm-6\"><div class=\"fusion-flexslider fusion-flexslider-loading flexslider flexslider-hover-type-none\"><ul class=\"slides\"><li><a href=\"https:\/\/liceofrancestenerife.es\/fr\/vean-lo-bien-que-se-lo-pasaron-en-el-divertidiomas-y-en-el-esquidiomas\/\" aria-label=\"Regardez comme ils se sont amus\u00e9s pendant le #divertidiomas et le #esquidiomas!\" class=\"hover-type-none\"><img decoding=\"async\" width=\"700\" height=\"441\" src=\"https:\/\/liceofrancestenerife.es\/nuevaweb\/wp-content\/uploads\/2019\/03\/portada-1-700x441.jpg\" class=\"attachment-recent-posts size-recent-posts lazyload\" alt=\"\" srcset=\"data:image\/svg+xml,%3Csvg%20xmlns%3D%27http%3A%2F%2Fwww.w3.org%2F2000%2Fsvg%27%20width%3D%271044%27%20height%3D%27616%27%20viewBox%3D%270%200%201044%20616%27%3E%3Crect%20width%3D%271044%27%20height%3D%27616%27%20fill-opacity%3D%220%22%2F%3E%3C%2Fsvg%3E\" data-orig-src=\"https:\/\/liceofrancestenerife.es\/nuevaweb\/wp-content\/uploads\/2019\/03\/portada-1-700x441.jpg\" data-srcset=\"https:\/\/liceofrancestenerife.es\/nuevaweb\/wp-content\/uploads\/2019\/03\/portada-1-24x14.jpg 24w, https:\/\/liceofrancestenerife.es\/nuevaweb\/wp-content\/uploads\/2019\/03\/portada-1-320x202.jpg 320w, https:\/\/liceofrancestenerife.es\/nuevaweb\/wp-content\/uploads\/2019\/03\/portada-1-700x441.jpg 700w\" data-sizes=\"auto\" \/><\/a><\/li><\/ul><\/div><div class=\"recent-posts-content\"><span class=\"vcard\" style=\"display: none;\"><span class=\"fn\"><a href=\"https:\/\/liceofrancestenerife.es\/fr\/author\/charles-lambert\/\" title=\"Articles par charles-lambert\" rel=\"author\">charles-lambert<\/a><\/span><\/span><span class=\"updated\" style=\"display:none;\">2019-03-19T12:48:55+00:00<\/span><h4 class=\"entry-title\"><a href=\"https:\/\/liceofrancestenerife.es\/fr\/vean-lo-bien-que-se-lo-pasaron-en-el-divertidiomas-y-en-el-esquidiomas\/\">Regardez comme ils se sont amus\u00e9s pendant le #divertidiomas et le #esquidiomas!<\/a><\/h4><p class=\"meta\"><span class=\"vcard\" style=\"display: none;\"><span class=\"fn\"><a href=\"https:\/\/liceofrancestenerife.es\/fr\/author\/charles-lambert\/\" title=\"Articles par charles-lambert\" rel=\"author\">charles-lambert<\/a><\/span><\/span><span class=\"updated\" style=\"display:none;\">2019-03-19T12:48:55+00:00<\/span><span>Mar 19, 2019<\/span><span class=\"fusion-inline-sep\">|<\/span><span class=\"fusion-comments\"><span>Commentaires ferm\u00e9s<span class=\"screen-reader-text\"> sur Regardez comme ils se sont amus\u00e9s pendant le #divertidiomas et le #esquidiomas!<\/span><\/span><\/span><\/p><p>            <\/p><\/div><\/article><\/section><\/div><div class=\"fusion-clearfix\"><\/div><\/div><\/div><\/div><\/div>\n","protected":false},"excerpt":{"rendered":"","protected":false},"author":282,"featured_media":0,"parent":0,"menu_order":0,"comment_status":"closed","ping_status":"closed","template":"","meta":{"footnotes":""},"class_list":["post-27047","page","type-page","status-publish","hentry"],"_links":{"self":[{"href":"https:\/\/liceofrancestenerife.es\/fr\/wp-json\/wp\/v2\/pages\/27047","targetHints":{"allow":["GET"]}}],"collection":[{"href":"https:\/\/liceofrancestenerife.es\/fr\/wp-json\/wp\/v2\/pages"}],"about":[{"href":"https:\/\/liceofrancestenerife.es\/fr\/wp-json\/wp\/v2\/types\/page"}],"author":[{"embeddable":true,"href":"https:\/\/liceofrancestenerife.es\/fr\/wp-json\/wp\/v2\/users\/282"}],"replies":[{"embeddable":true,"href":"https:\/\/liceofrancestenerife.es\/fr\/wp-json\/wp\/v2\/comments?post=27047"}],"version-history":[{"count":0,"href":"https:\/\/liceofrancestenerife.es\/fr\/wp-json\/wp\/v2\/pages\/27047\/revisions"}],"wp:attachment":[{"href":"https:\/\/liceofrancestenerife.es\/fr\/wp-json\/wp\/v2\/media?parent=27047"}],"curies":[{"name":"wp","href":"https:\/\/api.w.org\/{rel}","templated":true}]}}