{"id":27162,"date":"2019-06-06T10:59:59","date_gmt":"2019-06-06T09:59:59","guid":{"rendered":"https:\/\/liceofrancestenerife.es\/webradio\/"},"modified":"2019-06-06T10:59:59","modified_gmt":"2019-06-06T09:59:59","slug":"webradio","status":"publish","type":"page","link":"https:\/\/liceofrancestenerife.es\/fr\/webradio\/","title":{"rendered":"webradio"},"content":{"rendered":"<div class=\"fusion-fullwidth fullwidth-box fusion-builder-row-1 nonhundred-percent-fullwidth non-hundred-percent-height-scrolling\" style=\"background-color: rgba(255,255,255,0);background-position: center center;background-repeat: no-repeat;padding-top:0px;padding-right:0px;padding-bottom:0px;padding-left:0px;margin-bottom: 0px;margin-top: 0px;border-width: 0px 0px 0px 0px;border-color:#eae9e9;border-style:solid;\" ><div class=\"fusion-builder-row fusion-row\"><div class=\"fusion-layout-column fusion_builder_column fusion-builder-column-0 fusion_builder_column_1_1 1_1 fusion-one-full fusion-column-first fusion-column-last\" style=\"margin-top:0px;margin-bottom:20px;\"><div class=\"fusion-column-wrapper fusion-flex-column-wrapper-legacy\" style=\"background-position:left top;background-repeat:no-repeat;-webkit-background-size:cover;-moz-background-size:cover;-o-background-size:cover;background-size:cover;\"><div class=\"fusion-recent-posts fusion-recent-posts-1 avada-container layout-default layout-columns-2\"><section class=\"fusion-columns columns fusion-columns-2 columns-2\"><article class=\"post fusion-column column col col-lg-6 col-md-6 col-sm-6\"><div class=\"fusion-flexslider fusion-flexslider-loading flexslider flexslider-hover-type-none\"><ul class=\"slides\"><li><a href=\"https:\/\/liceofrancestenerife.es\/fr\/webradio-paques\/\" aria-label=\"Webradio : P\u00e2ques !\" class=\"hover-type-none\"><img decoding=\"async\" width=\"700\" height=\"441\" src=\"https:\/\/liceofrancestenerife.es\/nuevaweb\/wp-content\/uploads\/2019\/03\/logo_webradio_sin_play-700x441.png\" class=\"attachment-recent-posts size-recent-posts lazyload\" alt=\"Logo webradio\" srcset=\"data:image\/svg+xml,%3Csvg%20xmlns%3D%27http%3A%2F%2Fwww.w3.org%2F2000%2Fsvg%27%20width%3D%271887%27%20height%3D%271088%27%20viewBox%3D%270%200%201887%201088%27%3E%3Crect%20width%3D%271887%27%20height%3D%271088%27%20fill-opacity%3D%220%22%2F%3E%3C%2Fsvg%3E\" data-orig-src=\"https:\/\/liceofrancestenerife.es\/nuevaweb\/wp-content\/uploads\/2019\/03\/logo_webradio_sin_play-700x441.png\" data-srcset=\"https:\/\/liceofrancestenerife.es\/nuevaweb\/wp-content\/uploads\/2019\/03\/logo_webradio_sin_play-24x14.png 24w, https:\/\/liceofrancestenerife.es\/nuevaweb\/wp-content\/uploads\/2019\/03\/logo_webradio_sin_play-320x202.png 320w, https:\/\/liceofrancestenerife.es\/nuevaweb\/wp-content\/uploads\/2019\/03\/logo_webradio_sin_play-700x441.png 700w\" data-sizes=\"auto\" \/><\/a><\/li><\/ul><\/div><div class=\"recent-posts-content\"><span class=\"vcard\" style=\"display: none;\"><span class=\"fn\"><a href=\"https:\/\/liceofrancestenerife.es\/fr\/author\/jlepagney\/\" title=\"Articles par Jlepagney\" rel=\"author\">Jlepagney<\/a><\/span><\/span><span class=\"updated\" style=\"display:none;\">2026-04-15T10:59:10+01:00<\/span><h4 class=\"entry-title\"><a href=\"https:\/\/liceofrancestenerife.es\/fr\/webradio-paques\/\">Webradio : P\u00e2ques !<\/a><\/h4><p class=\"meta\"><span class=\"vcard\" style=\"display: none;\"><span class=\"fn\"><a href=\"https:\/\/liceofrancestenerife.es\/fr\/author\/jlepagney\/\" title=\"Articles par Jlepagney\" rel=\"author\">Jlepagney<\/a><\/span><\/span><span class=\"updated\" style=\"display:none;\">2026-04-15T10:59:10+01:00<\/span><span>Avr 15, 2026<\/span><span class=\"fusion-inline-sep\">|<\/span><span class=\"fusion-comments\"><a href=\"https:\/\/liceofrancestenerife.es\/fr\/webradio-paques\/#respond\">0 Comments<\/a><\/span><\/p><p>    Dans l'\u00e9mission qui annonce le printemps ont particip\u00e9: -Michael (CE1-CE2), Massimo et Alvaro (GS) pour parler du lapin de p\u00e2ques et de la poule. -Lucia et Manuela (CP) qui r\u00e9citent respectivement [...]<\/p><\/div><\/article><article class=\"post fusion-column column col col-lg-6 col-md-6 col-sm-6\"><div class=\"fusion-flexslider fusion-flexslider-loading flexslider flexslider-hover-type-none\"><ul class=\"slides\"><li><a href=\"https:\/\/liceofrancestenerife.es\/fr\/webradio-le-printemps\/\" aria-label=\"Webradio : Le Printemps !\" class=\"hover-type-none\"><img decoding=\"async\" width=\"700\" height=\"441\" src=\"https:\/\/liceofrancestenerife.es\/nuevaweb\/wp-content\/uploads\/2019\/03\/logo_webradio_sin_play-700x441.png\" class=\"attachment-recent-posts size-recent-posts lazyload\" alt=\"Logo webradio\" srcset=\"data:image\/svg+xml,%3Csvg%20xmlns%3D%27http%3A%2F%2Fwww.w3.org%2F2000%2Fsvg%27%20width%3D%271887%27%20height%3D%271088%27%20viewBox%3D%270%200%201887%201088%27%3E%3Crect%20width%3D%271887%27%20height%3D%271088%27%20fill-opacity%3D%220%22%2F%3E%3C%2Fsvg%3E\" data-orig-src=\"https:\/\/liceofrancestenerife.es\/nuevaweb\/wp-content\/uploads\/2019\/03\/logo_webradio_sin_play-700x441.png\" data-srcset=\"https:\/\/liceofrancestenerife.es\/nuevaweb\/wp-content\/uploads\/2019\/03\/logo_webradio_sin_play-24x14.png 24w, https:\/\/liceofrancestenerife.es\/nuevaweb\/wp-content\/uploads\/2019\/03\/logo_webradio_sin_play-320x202.png 320w, https:\/\/liceofrancestenerife.es\/nuevaweb\/wp-content\/uploads\/2019\/03\/logo_webradio_sin_play-700x441.png 700w\" data-sizes=\"auto\" \/><\/a><\/li><\/ul><\/div><div class=\"recent-posts-content\"><span class=\"vcard\" style=\"display: none;\"><span class=\"fn\"><a href=\"https:\/\/liceofrancestenerife.es\/fr\/author\/jlepagney\/\" title=\"Articles par Jlepagney\" rel=\"author\">Jlepagney<\/a><\/span><\/span><span class=\"updated\" style=\"display:none;\">2026-03-16T12:19:35+00:00<\/span><h4 class=\"entry-title\"><a href=\"https:\/\/liceofrancestenerife.es\/fr\/webradio-le-printemps\/\">Webradio : Le Printemps !<\/a><\/h4><p class=\"meta\"><span class=\"vcard\" style=\"display: none;\"><span class=\"fn\"><a href=\"https:\/\/liceofrancestenerife.es\/fr\/author\/jlepagney\/\" title=\"Articles par Jlepagney\" rel=\"author\">Jlepagney<\/a><\/span><\/span><span class=\"updated\" style=\"display:none;\">2026-03-16T12:19:35+00:00<\/span><span>Mar 16, 2026<\/span><span class=\"fusion-inline-sep\">|<\/span><span class=\"fusion-comments\"><a href=\"https:\/\/liceofrancestenerife.es\/fr\/webradio-le-printemps\/#respond\">0 Comments<\/a><\/span><\/p><p>    Dans cette nouvelle \u00e9mission, ont particip\u00e9: -Candela, Elsa, Jorge pour chanter la ronde des l\u00e9gumes, petits-moyens. -Hedgkin, Alita et Alba pour la comptine sur la marguerite, Petits moyens. -Sergio et Daniel, [...]<\/p><\/div><\/article><article class=\"post fusion-column column col col-lg-6 col-md-6 col-sm-6\"><div class=\"fusion-flexslider fusion-flexslider-loading flexslider flexslider-hover-type-none\"><ul class=\"slides\"><li><a href=\"https:\/\/liceofrancestenerife.es\/fr\/webradio-carnaval-2026\/\" aria-label=\"Webradio : Carnaval 2026 !\" class=\"hover-type-none\"><img decoding=\"async\" width=\"700\" height=\"441\" src=\"https:\/\/liceofrancestenerife.es\/nuevaweb\/wp-content\/uploads\/2019\/03\/logo_webradio_sin_play-700x441.png\" class=\"attachment-recent-posts size-recent-posts lazyload\" alt=\"Logo webradio\" srcset=\"data:image\/svg+xml,%3Csvg%20xmlns%3D%27http%3A%2F%2Fwww.w3.org%2F2000%2Fsvg%27%20width%3D%271887%27%20height%3D%271088%27%20viewBox%3D%270%200%201887%201088%27%3E%3Crect%20width%3D%271887%27%20height%3D%271088%27%20fill-opacity%3D%220%22%2F%3E%3C%2Fsvg%3E\" data-orig-src=\"https:\/\/liceofrancestenerife.es\/nuevaweb\/wp-content\/uploads\/2019\/03\/logo_webradio_sin_play-700x441.png\" data-srcset=\"https:\/\/liceofrancestenerife.es\/nuevaweb\/wp-content\/uploads\/2019\/03\/logo_webradio_sin_play-24x14.png 24w, https:\/\/liceofrancestenerife.es\/nuevaweb\/wp-content\/uploads\/2019\/03\/logo_webradio_sin_play-320x202.png 320w, https:\/\/liceofrancestenerife.es\/nuevaweb\/wp-content\/uploads\/2019\/03\/logo_webradio_sin_play-700x441.png 700w\" data-sizes=\"auto\" \/><\/a><\/li><\/ul><\/div><div class=\"recent-posts-content\"><span class=\"vcard\" style=\"display: none;\"><span class=\"fn\"><a href=\"https:\/\/liceofrancestenerife.es\/fr\/author\/jlepagney\/\" title=\"Articles par Jlepagney\" rel=\"author\">Jlepagney<\/a><\/span><\/span><span class=\"updated\" style=\"display:none;\">2026-02-13T14:52:52+00:00<\/span><h4 class=\"entry-title\"><a href=\"https:\/\/liceofrancestenerife.es\/fr\/webradio-carnaval-2026\/\">Webradio : Carnaval 2026 !<\/a><\/h4><p class=\"meta\"><span class=\"vcard\" style=\"display: none;\"><span class=\"fn\"><a href=\"https:\/\/liceofrancestenerife.es\/fr\/author\/jlepagney\/\" title=\"Articles par Jlepagney\" rel=\"author\">Jlepagney<\/a><\/span><\/span><span class=\"updated\" style=\"display:none;\">2026-02-13T14:52:52+00:00<\/span><span>F\u00e9v 13, 2026<\/span><span class=\"fusion-inline-sep\">|<\/span><span class=\"fusion-comments\"><a href=\"https:\/\/liceofrancestenerife.es\/fr\/webradio-carnaval-2026\/#respond\">0 Comments<\/a><\/span><\/p><p>    Pour l'\u00e9mission du carnaval, ont particip\u00e9: -Saloa, Jos\u00e9 et Diego, GS, pour les deux chants sur la galette. -Pablo et Guillermo, CE2, pour l'interview de Lamine Yamal -L\u00e9o et Laura, CP [...]<\/p><\/div><\/article><article class=\"post fusion-column column col col-lg-6 col-md-6 col-sm-6\"><div class=\"fusion-flexslider fusion-flexslider-loading flexslider flexslider-hover-type-none\"><ul class=\"slides\"><li><a href=\"https:\/\/liceofrancestenerife.es\/fr\/webradio-bonne-annee-2026\/\" aria-label=\"Webradio : Bonne ann\u00e9e 2026 !\" class=\"hover-type-none\"><img decoding=\"async\" width=\"700\" height=\"441\" src=\"https:\/\/liceofrancestenerife.es\/nuevaweb\/wp-content\/uploads\/2019\/03\/logo_webradio_sin_play-700x441.png\" class=\"attachment-recent-posts size-recent-posts lazyload\" alt=\"Logo webradio\" srcset=\"data:image\/svg+xml,%3Csvg%20xmlns%3D%27http%3A%2F%2Fwww.w3.org%2F2000%2Fsvg%27%20width%3D%271887%27%20height%3D%271088%27%20viewBox%3D%270%200%201887%201088%27%3E%3Crect%20width%3D%271887%27%20height%3D%271088%27%20fill-opacity%3D%220%22%2F%3E%3C%2Fsvg%3E\" data-orig-src=\"https:\/\/liceofrancestenerife.es\/nuevaweb\/wp-content\/uploads\/2019\/03\/logo_webradio_sin_play-700x441.png\" data-srcset=\"https:\/\/liceofrancestenerife.es\/nuevaweb\/wp-content\/uploads\/2019\/03\/logo_webradio_sin_play-24x14.png 24w, https:\/\/liceofrancestenerife.es\/nuevaweb\/wp-content\/uploads\/2019\/03\/logo_webradio_sin_play-320x202.png 320w, https:\/\/liceofrancestenerife.es\/nuevaweb\/wp-content\/uploads\/2019\/03\/logo_webradio_sin_play-700x441.png 700w\" data-sizes=\"auto\" \/><\/a><\/li><\/ul><\/div><div class=\"recent-posts-content\"><span class=\"vcard\" style=\"display: none;\"><span class=\"fn\"><a href=\"https:\/\/liceofrancestenerife.es\/fr\/author\/jlepagney\/\" title=\"Articles par Jlepagney\" rel=\"author\">Jlepagney<\/a><\/span><\/span><span class=\"updated\" style=\"display:none;\">2026-01-27T09:56:37+00:00<\/span><h4 class=\"entry-title\"><a href=\"https:\/\/liceofrancestenerife.es\/fr\/webradio-bonne-annee-2026\/\">Webradio : Bonne ann\u00e9e 2026 !<\/a><\/h4><p class=\"meta\"><span class=\"vcard\" style=\"display: none;\"><span class=\"fn\"><a href=\"https:\/\/liceofrancestenerife.es\/fr\/author\/jlepagney\/\" title=\"Articles par Jlepagney\" rel=\"author\">Jlepagney<\/a><\/span><\/span><span class=\"updated\" style=\"display:none;\">2026-01-27T09:56:37+00:00<\/span><span>Jan 27, 2026<\/span><span class=\"fusion-inline-sep\">|<\/span><span class=\"fusion-comments\"><a href=\"https:\/\/liceofrancestenerife.es\/fr\/webradio-bonne-annee-2026\/#respond\">0 Comments<\/a><\/span><\/p><p>    Les \u00e9l\u00e8ves qui ont particip\u00e9 dans cette premi\u00e8re \u00e9mission de l'ann\u00e9e 2026 sont: - June, Iria et Darshan pour un \"flash sp\u00e9cial\" en 3 langues (ce2 et cm1), - Dante et [...]<\/p><\/div><\/article><article class=\"post fusion-column column col col-lg-6 col-md-6 col-sm-6\"><div class=\"fusion-flexslider fusion-flexslider-loading flexslider flexslider-hover-type-none\"><ul class=\"slides\"><li><a href=\"https:\/\/liceofrancestenerife.es\/fr\/webradio-speciale-noel-2\/\" aria-label=\"Webradio sp\u00e9ciale: No\u00ebl !\" class=\"hover-type-none\"><img decoding=\"async\" width=\"700\" height=\"441\" src=\"https:\/\/liceofrancestenerife.es\/nuevaweb\/wp-content\/uploads\/2019\/03\/logo_webradio_sin_play-700x441.png\" class=\"attachment-recent-posts size-recent-posts lazyload\" alt=\"Logo webradio\" srcset=\"data:image\/svg+xml,%3Csvg%20xmlns%3D%27http%3A%2F%2Fwww.w3.org%2F2000%2Fsvg%27%20width%3D%271887%27%20height%3D%271088%27%20viewBox%3D%270%200%201887%201088%27%3E%3Crect%20width%3D%271887%27%20height%3D%271088%27%20fill-opacity%3D%220%22%2F%3E%3C%2Fsvg%3E\" data-orig-src=\"https:\/\/liceofrancestenerife.es\/nuevaweb\/wp-content\/uploads\/2019\/03\/logo_webradio_sin_play-700x441.png\" data-srcset=\"https:\/\/liceofrancestenerife.es\/nuevaweb\/wp-content\/uploads\/2019\/03\/logo_webradio_sin_play-24x14.png 24w, https:\/\/liceofrancestenerife.es\/nuevaweb\/wp-content\/uploads\/2019\/03\/logo_webradio_sin_play-320x202.png 320w, https:\/\/liceofrancestenerife.es\/nuevaweb\/wp-content\/uploads\/2019\/03\/logo_webradio_sin_play-700x441.png 700w\" data-sizes=\"auto\" \/><\/a><\/li><\/ul><\/div><div class=\"recent-posts-content\"><span class=\"vcard\" style=\"display: none;\"><span class=\"fn\"><a href=\"https:\/\/liceofrancestenerife.es\/fr\/author\/jlepagney\/\" title=\"Articles par Jlepagney\" rel=\"author\">Jlepagney<\/a><\/span><\/span><span class=\"updated\" style=\"display:none;\">2026-01-15T15:28:41+00:00<\/span><h4 class=\"entry-title\"><a href=\"https:\/\/liceofrancestenerife.es\/fr\/webradio-speciale-noel-2\/\">Webradio sp\u00e9ciale: No\u00ebl !<\/a><\/h4><p class=\"meta\"><span class=\"vcard\" style=\"display: none;\"><span class=\"fn\"><a href=\"https:\/\/liceofrancestenerife.es\/fr\/author\/jlepagney\/\" title=\"Articles par Jlepagney\" rel=\"author\">Jlepagney<\/a><\/span><\/span><span class=\"updated\" style=\"display:none;\">2026-01-15T15:28:41+00:00<\/span><span>Jan 11, 2026<\/span><span class=\"fusion-inline-sep\">|<\/span><span class=\"fusion-comments\"><span>Commentaires ferm\u00e9s<span class=\"screen-reader-text\"> sur Webradio sp\u00e9ciale: No\u00ebl !<\/span><\/span><\/span><\/p><p>      Au programme de cette \u00e9mission de webradio sp\u00e9ciale No\u00ebl, pr\u00e9sent\u00e9e par Albane et Julieta de CM1 et CM2. - Liv et Ian, de CM1, pour le micro trottoir sp\u00e9cial [...]<\/p><\/div><\/article><article class=\"post fusion-column column col col-lg-6 col-md-6 col-sm-6\"><div class=\"fusion-flexslider fusion-flexslider-loading flexslider flexslider-hover-type-none\"><ul class=\"slides\"><li><a href=\"https:\/\/liceofrancestenerife.es\/fr\/webradio-speciale-vacances-et-halloween\/\" aria-label=\"Webradio sp\u00e9ciale: Vacances et Halloween !\" class=\"hover-type-none\"><img decoding=\"async\" width=\"700\" height=\"441\" src=\"https:\/\/liceofrancestenerife.es\/nuevaweb\/wp-content\/uploads\/2019\/03\/logo_webradio_sin_play-700x441.png\" class=\"attachment-recent-posts size-recent-posts lazyload\" alt=\"Logo webradio\" srcset=\"data:image\/svg+xml,%3Csvg%20xmlns%3D%27http%3A%2F%2Fwww.w3.org%2F2000%2Fsvg%27%20width%3D%271887%27%20height%3D%271088%27%20viewBox%3D%270%200%201887%201088%27%3E%3Crect%20width%3D%271887%27%20height%3D%271088%27%20fill-opacity%3D%220%22%2F%3E%3C%2Fsvg%3E\" data-orig-src=\"https:\/\/liceofrancestenerife.es\/nuevaweb\/wp-content\/uploads\/2019\/03\/logo_webradio_sin_play-700x441.png\" data-srcset=\"https:\/\/liceofrancestenerife.es\/nuevaweb\/wp-content\/uploads\/2019\/03\/logo_webradio_sin_play-24x14.png 24w, https:\/\/liceofrancestenerife.es\/nuevaweb\/wp-content\/uploads\/2019\/03\/logo_webradio_sin_play-320x202.png 320w, https:\/\/liceofrancestenerife.es\/nuevaweb\/wp-content\/uploads\/2019\/03\/logo_webradio_sin_play-700x441.png 700w\" data-sizes=\"auto\" \/><\/a><\/li><\/ul><\/div><div class=\"recent-posts-content\"><span class=\"vcard\" style=\"display: none;\"><span class=\"fn\"><a href=\"https:\/\/liceofrancestenerife.es\/fr\/author\/jlepagney\/\" title=\"Articles par Jlepagney\" rel=\"author\">Jlepagney<\/a><\/span><\/span><span class=\"updated\" style=\"display:none;\">2026-01-11T19:53:02+00:00<\/span><h4 class=\"entry-title\"><a href=\"https:\/\/liceofrancestenerife.es\/fr\/webradio-speciale-vacances-et-halloween\/\">Webradio sp\u00e9ciale: Vacances et Halloween !<\/a><\/h4><p class=\"meta\"><span class=\"vcard\" style=\"display: none;\"><span class=\"fn\"><a href=\"https:\/\/liceofrancestenerife.es\/fr\/author\/jlepagney\/\" title=\"Articles par Jlepagney\" rel=\"author\">Jlepagney<\/a><\/span><\/span><span class=\"updated\" style=\"display:none;\">2026-01-11T19:53:02+00:00<\/span><span>Jan 11, 2026<\/span><span class=\"fusion-inline-sep\">|<\/span><span class=\"fusion-comments\"><span>Commentaires ferm\u00e9s<span class=\"screen-reader-text\"> sur Webradio sp\u00e9ciale: Vacances et Halloween !<\/span><\/span><\/span><\/p><p>    Au programme de cette \u00e9mission de webradio sp\u00e9ciale, pr\u00e9sent\u00e9e par Mario et Matilde de CM1-CM2: -Michael, Ce1-Ce2 pour raconter ses vacances. - Dante, Minerva et Bruno de moyenne et grande section, [...]<\/p><\/div><\/article><\/section><\/div><div class=\"fusion-clearfix\"><\/div><\/div><\/div><\/div><\/div>\n","protected":false},"excerpt":{"rendered":"","protected":false},"author":282,"featured_media":0,"parent":0,"menu_order":0,"comment_status":"closed","ping_status":"closed","template":"","meta":{"footnotes":""},"class_list":["post-27162","page","type-page","status-publish","hentry"],"_links":{"self":[{"href":"https:\/\/liceofrancestenerife.es\/fr\/wp-json\/wp\/v2\/pages\/27162","targetHints":{"allow":["GET"]}}],"collection":[{"href":"https:\/\/liceofrancestenerife.es\/fr\/wp-json\/wp\/v2\/pages"}],"about":[{"href":"https:\/\/liceofrancestenerife.es\/fr\/wp-json\/wp\/v2\/types\/page"}],"author":[{"embeddable":true,"href":"https:\/\/liceofrancestenerife.es\/fr\/wp-json\/wp\/v2\/users\/282"}],"replies":[{"embeddable":true,"href":"https:\/\/liceofrancestenerife.es\/fr\/wp-json\/wp\/v2\/comments?post=27162"}],"version-history":[{"count":0,"href":"https:\/\/liceofrancestenerife.es\/fr\/wp-json\/wp\/v2\/pages\/27162\/revisions"}],"wp:attachment":[{"href":"https:\/\/liceofrancestenerife.es\/fr\/wp-json\/wp\/v2\/media?parent=27162"}],"curies":[{"name":"wp","href":"https:\/\/api.w.org\/{rel}","templated":true}]}}