{"id":9647,"date":"2016-12-02T12:15:47","date_gmt":"2016-12-02T12:15:47","guid":{"rendered":"http:\/\/liceofrancestenerife.es\/nuevaweb\/educacion-trilingue\/"},"modified":"2018-03-14T10:10:47","modified_gmt":"2018-03-14T10:10:47","slug":"education-trilingue","status":"publish","type":"page","link":"https:\/\/liceofrancestenerife.es\/fr\/education-trilingue\/","title":{"rendered":"\u00c9ducation trilingue"},"content":{"rendered":"<div class=\"fusion-fullwidth fullwidth-box fusion-builder-row-1 nonhundred-percent-fullwidth non-hundred-percent-height-scrolling\" style=\"background-color: rgba(255,255,255,0);background-position: center center;background-repeat: no-repeat;padding-top:0px;padding-right:0px;padding-bottom:20px;padding-left:0px;margin-bottom: 0px;margin-top: 0px;border-width: 0px 0px 0px 0px;border-color:#eae9e9;border-style:solid;\" ><div class=\"fusion-builder-row fusion-row\"><div class=\"fusion-layout-column fusion_builder_column fusion-builder-column-0 fusion_builder_column_1_1 1_1 fusion-one-full fusion-column-first fusion-column-last\" style=\"margin-top:0px;margin-bottom:20px;\"><div class=\"fusion-column-wrapper fusion-flex-column-wrapper-legacy\" style=\"background-position:left top;background-repeat:no-repeat;-webkit-background-size:cover;-moz-background-size:cover;-o-background-size:cover;background-size:cover;padding: 0px 0px 0px 0px;\"><span class=\" fusion-imageframe imageframe-none imageframe-1 hover-type-none\"><img decoding=\"async\" width=\"1151\" height=\"681\" title=\"Liceo Frances Tenerife Cambridge English\" src=\"https:\/\/liceofrancestenerife.es\/nuevaweb\/wp-content\/uploads\/2016\/12\/Liceo-Frances-Tenerife-Cambridge-English.png\" data-orig-src=\"http:\/\/liceofrancestenerife.es\/nuevaweb\/wp-content\/uploads\/2016\/12\/Liceo-Frances-Tenerife-Cambridge-English.png\" class=\"lazyload img-responsive wp-image-12589\" srcset=\"data:image\/svg+xml,%3Csvg%20xmlns%3D%27http%3A%2F%2Fwww.w3.org%2F2000%2Fsvg%27%20width%3D%271151%27%20height%3D%27681%27%20viewBox%3D%270%200%201151%20681%27%3E%3Crect%20width%3D%271151%27%20height%3D%27681%27%20fill-opacity%3D%220%22%2F%3E%3C%2Fsvg%3E\" data-srcset=\"https:\/\/liceofrancestenerife.es\/nuevaweb\/wp-content\/uploads\/2016\/12\/Liceo-Frances-Tenerife-Cambridge-English-200x118.png 200w, https:\/\/liceofrancestenerife.es\/nuevaweb\/wp-content\/uploads\/2016\/12\/Liceo-Frances-Tenerife-Cambridge-English-400x237.png 400w, https:\/\/liceofrancestenerife.es\/nuevaweb\/wp-content\/uploads\/2016\/12\/Liceo-Frances-Tenerife-Cambridge-English-600x355.png 600w, https:\/\/liceofrancestenerife.es\/nuevaweb\/wp-content\/uploads\/2016\/12\/Liceo-Frances-Tenerife-Cambridge-English-800x473.png 800w, https:\/\/liceofrancestenerife.es\/nuevaweb\/wp-content\/uploads\/2016\/12\/Liceo-Frances-Tenerife-Cambridge-English.png 1151w\" data-sizes=\"auto\" data-orig-sizes=\"(max-width: 800px) 100vw, 1151px\" \/><\/span><div class=\"fusion-clearfix\"><\/div><\/div><\/div><div class=\"fusion-layout-column fusion_builder_column fusion-builder-column-1 fusion_builder_column_1_1 1_1 fusion-one-full fusion-column-first fusion-column-last\" style=\"margin-top:0px;margin-bottom:20px;\"><div class=\"fusion-column-wrapper fusion-flex-column-wrapper-legacy\" style=\"background-position:left top;background-repeat:no-repeat;-webkit-background-size:cover;-moz-background-size:cover;-o-background-size:cover;background-size:cover;padding: 0px 0px 0px 0px;\"><style type=\"text\/css\"><\/style><div class=\"fusion-title title fusion-title-1 fusion-sep-none fusion-title-text fusion-title-size-three\" style=\"margin-top:0px;margin-right:0px;margin-bottom:31px;margin-left:0px;\"><h3 class=\"title-heading-left\" style=\"margin:0;\"><h2><span style=\"color: #1675a0;\"><strong>\u00c9ducation trilingue<\/strong><\/span><\/h2><\/h3><\/div><div class=\"fusion-text fusion-text-1\"><p>Le Lyc\u00e9e Fran\u00e7ais de Tenerife &#8220;Jules Verne&#8221; est l&#8217;un des <span style=\"color: #1675a0;\">deux centres officiels de\u00a0Cambridge\u00a0<\/span>ESOL \u00e0 Tenerife, et l&#8217;un des cinq pr\u00e9sents sur l&#8217;ensemble des \u00eeles Canaries. Notre \u00e9tablissement propose donc une pr\u00e9paration aux dipl\u00f4mes dans les diff\u00e9rents niveaux homologu\u00e9s , depuis le <span style=\"color: #1675a0;\">&#8220;<strong>Young Learners<\/strong>&#8220;<\/span> jusqu&#8217;au <span style=\"color: #1675a0;\">&#8220;<strong>First Certificate in English<\/strong>&#8221; (Niveau 2)<\/span> en fin d&#8217;\u00e9tudes.<\/p>\n<p>Les examens de\u00a0<span style=\"color: #1675a0;\"><strong>Cambridge<\/strong><\/span> sont reconnus par plus de 15 000 universit\u00e9s, entreprises et gouvernements dans le monde. Ces examens sont une aide pour les \u00e9l\u00e8ves au moment d&#8217;entrer dans l&#8217;\u00e9ducation sup\u00e9rieure, et constituent un atout \u00e0 faire valoir sur un CV: parce qu&#8217;il sont reconnus \u00e0 l&#8217;\u00e9chelle internationale, ils permettent aux \u00e9l\u00e8ves d&#8217;avoir un choix plus vari\u00e9 en termes d&#8217; \u00e9tudes et d&#8217;emplois. C&#8217;est une formation motivante qui permet \u00e0 l&#8217;\u00e9l\u00e8ve de gagner en confiance, que ce soit scolairement, dans le cadre de ses \u00e9tudes, ou sur un plan plus personnel. <span style=\"color: #1675a0;\">Quatre capacit\u00e9s sont travaill\u00e9es (parler, \u00e9couter, lire et \u00e9crire)<\/span> et les comp\u00e9tences communicatives acquises sont \u00e9valu\u00e9es dans le respect du Cadre Commun Europ\u00e9en de R\u00e9f\u00e9rence pour les langues.<\/p>\n<div class=\"row\">\n<div class=\"col-md-6\"><a href=\"http:\/\/www.cambridgeenglish.org\/es\/find-a-centre\/find-an-exam-centre\/\"><img decoding=\"async\" width=\"440\" height=\"240\" class=\"lazyload alignnone wp-image-9628 size-full\" src=\"http:\/\/liceofrancestenerife.es\/nuevaweb\/wp-content\/uploads\/2016\/12\/authorised_centre_large_rgb7_0.jpg\" data-orig-src=\"http:\/\/liceofrancestenerife.es\/nuevaweb\/wp-content\/uploads\/2016\/12\/authorised_centre_large_rgb7_0.jpg\" alt=\"authorised_centre_large_rgb7_0\" srcset=\"data:image\/svg+xml,%3Csvg%20xmlns%3D%27http%3A%2F%2Fwww.w3.org%2F2000%2Fsvg%27%20width%3D%27440%27%20height%3D%27240%27%20viewBox%3D%270%200%20440%20240%27%3E%3Crect%20width%3D%27440%27%20height%3D%27240%27%20fill-opacity%3D%220%22%2F%3E%3C%2Fsvg%3E\" data-srcset=\"https:\/\/liceofrancestenerife.es\/nuevaweb\/wp-content\/uploads\/2016\/12\/authorised_centre_large_rgb7_0-200x109.jpg 200w, https:\/\/liceofrancestenerife.es\/nuevaweb\/wp-content\/uploads\/2016\/12\/authorised_centre_large_rgb7_0-300x164.jpg 300w, https:\/\/liceofrancestenerife.es\/nuevaweb\/wp-content\/uploads\/2016\/12\/authorised_centre_large_rgb7_0-400x218.jpg 400w, https:\/\/liceofrancestenerife.es\/nuevaweb\/wp-content\/uploads\/2016\/12\/authorised_centre_large_rgb7_0.jpg 440w\" data-sizes=\"auto\" data-orig-sizes=\"(max-width: 440px) 100vw, 440px\" \/><\/a><\/div>\n<div class=\"col-md-6\"><a href=\"http:\/\/www.ciep.fr\/es\/delf-dalf\"><img decoding=\"async\" width=\"230\" height=\"219\" class=\"lazyload alignnone wp-image-9629 size-full\" src=\"http:\/\/liceofrancestenerife.es\/nuevaweb\/wp-content\/uploads\/2016\/12\/DALF-Liceo-Franc\u00e9s-de-Tenerife.png\" data-orig-src=\"http:\/\/liceofrancestenerife.es\/nuevaweb\/wp-content\/uploads\/2016\/12\/DALF-Liceo-Franc\u00e9s-de-Tenerife.png\" alt=\"dalf-liceo-frances-de-tenerife\" srcset=\"data:image\/svg+xml,%3Csvg%20xmlns%3D%27http%3A%2F%2Fwww.w3.org%2F2000%2Fsvg%27%20width%3D%27230%27%20height%3D%27219%27%20viewBox%3D%270%200%20230%20219%27%3E%3Crect%20width%3D%27230%27%20height%3D%27219%27%20fill-opacity%3D%220%22%2F%3E%3C%2Fsvg%3E\" data-srcset=\"https:\/\/liceofrancestenerife.es\/nuevaweb\/wp-content\/uploads\/2016\/12\/DALF-Liceo-Franc\u00e9s-de-Tenerife-200x190.png 200w, https:\/\/liceofrancestenerife.es\/nuevaweb\/wp-content\/uploads\/2016\/12\/DALF-Liceo-Franc\u00e9s-de-Tenerife.png 230w\" data-sizes=\"auto\" data-orig-sizes=\"(max-width: 230px) 100vw, 230px\" \/><\/a><\/div>\n<\/div>\n<\/div><div class=\"fusion-clearfix\"><\/div><\/div><\/div><\/div><\/div>\n","protected":false},"excerpt":{"rendered":"","protected":false},"author":1,"featured_media":0,"parent":0,"menu_order":0,"comment_status":"closed","ping_status":"closed","template":"","meta":{"footnotes":""},"class_list":["post-9647","page","type-page","status-publish","hentry"],"_links":{"self":[{"href":"https:\/\/liceofrancestenerife.es\/fr\/wp-json\/wp\/v2\/pages\/9647","targetHints":{"allow":["GET"]}}],"collection":[{"href":"https:\/\/liceofrancestenerife.es\/fr\/wp-json\/wp\/v2\/pages"}],"about":[{"href":"https:\/\/liceofrancestenerife.es\/fr\/wp-json\/wp\/v2\/types\/page"}],"author":[{"embeddable":true,"href":"https:\/\/liceofrancestenerife.es\/fr\/wp-json\/wp\/v2\/users\/1"}],"replies":[{"embeddable":true,"href":"https:\/\/liceofrancestenerife.es\/fr\/wp-json\/wp\/v2\/comments?post=9647"}],"version-history":[{"count":9,"href":"https:\/\/liceofrancestenerife.es\/fr\/wp-json\/wp\/v2\/pages\/9647\/revisions"}],"predecessor-version":[{"id":21575,"href":"https:\/\/liceofrancestenerife.es\/fr\/wp-json\/wp\/v2\/pages\/9647\/revisions\/21575"}],"wp:attachment":[{"href":"https:\/\/liceofrancestenerife.es\/fr\/wp-json\/wp\/v2\/media?parent=9647"}],"curies":[{"name":"wp","href":"https:\/\/api.w.org\/{rel}","templated":true}]}}