{"id":9692,"date":"2016-12-02T14:17:00","date_gmt":"2016-12-02T14:17:00","guid":{"rendered":"http:\/\/liceofrancestenerife.es\/nuevaweb\/matricula-abierta\/"},"modified":"2023-11-16T15:20:51","modified_gmt":"2023-11-16T15:20:51","slug":"inscription-ouverte","status":"publish","type":"page","link":"https:\/\/liceofrancestenerife.es\/fr\/inscription-ouverte\/","title":{"rendered":"Inscriptions"},"content":{"rendered":"<p><div class=\"fusion-fullwidth fullwidth-box fusion-builder-row-1 nonhundred-percent-fullwidth non-hundred-percent-height-scrolling\" style=\"background-color: rgba(255,255,255,0);background-position: center center;background-repeat: no-repeat;padding-top:0px;padding-right:0px;padding-bottom:20px;padding-left:0px;margin-bottom: 0px;margin-top: 0px;border-width: 0px 0px 0px 0px;border-color:#eae9e9;border-style:solid;\" ><div class=\"fusion-builder-row fusion-row\"><div class=\"fusion-layout-column fusion_builder_column fusion-builder-column-0 fusion_builder_column_1_1 1_1 fusion-one-full fusion-column-first fusion-column-last\" style=\"margin-top:0px;margin-bottom:20px;\"><div class=\"fusion-column-wrapper fusion-flex-column-wrapper-legacy\" style=\"background-position:left top;background-repeat:no-repeat;-webkit-background-size:cover;-moz-background-size:cover;-o-background-size:cover;background-size:cover;padding: 0px 0px 0px 0px;\"><span class=\" fusion-imageframe imageframe-none imageframe-1 hover-type-none\"><img decoding=\"async\" width=\"800\" height=\"296\" alt=\"Matr\u00edcula abierta\" title=\"matr\u00edcula-abierta\" src=\"https:\/\/liceofrancestenerife.es\/nuevaweb\/wp-content\/uploads\/2020\/01\/matr\u00edcula-abierta.png\" data-orig-src=\"https:\/\/liceofrancestenerife.es\/nuevaweb\/wp-content\/uploads\/2020\/01\/matr\u00edcula-abierta-800x296.png\" class=\"lazyload img-responsive wp-image-29499\" srcset=\"data:image\/svg+xml,%3Csvg%20xmlns%3D%27http%3A%2F%2Fwww.w3.org%2F2000%2Fsvg%27%20width%3D%27851%27%20height%3D%27315%27%20viewBox%3D%270%200%20851%20315%27%3E%3Crect%20width%3D%27851%27%20height%3D%27315%27%20fill-opacity%3D%220%22%2F%3E%3C%2Fsvg%3E\" data-srcset=\"https:\/\/liceofrancestenerife.es\/nuevaweb\/wp-content\/uploads\/2020\/01\/matr\u00edcula-abierta-200x74.png 200w, https:\/\/liceofrancestenerife.es\/nuevaweb\/wp-content\/uploads\/2020\/01\/matr\u00edcula-abierta-400x148.png 400w, https:\/\/liceofrancestenerife.es\/nuevaweb\/wp-content\/uploads\/2020\/01\/matr\u00edcula-abierta-600x222.png 600w, https:\/\/liceofrancestenerife.es\/nuevaweb\/wp-content\/uploads\/2020\/01\/matr\u00edcula-abierta-800x296.png 800w, https:\/\/liceofrancestenerife.es\/nuevaweb\/wp-content\/uploads\/2020\/01\/matr\u00edcula-abierta.png 851w\" data-sizes=\"auto\" data-orig-sizes=\"(max-width: 800px) 100vw, 800px\" \/><\/span><div class=\"fusion-clearfix\"><\/div><\/div><\/div><div class=\"fusion-layout-column fusion_builder_column fusion-builder-column-1 fusion_builder_column_1_1 1_1 fusion-one-full fusion-column-first fusion-column-last\" style=\"margin-top:0px;margin-bottom:20px;\"><div class=\"fusion-column-wrapper fusion-flex-column-wrapper-legacy\" style=\"background-position:left top;background-repeat:no-repeat;-webkit-background-size:cover;-moz-background-size:cover;-o-background-size:cover;background-size:cover;padding: 0px 0px 0px 0px;\"><div class=\"fusion-text fusion-text-1\"><p><a href=\"https:\/\/liceofrancestenerife.es\/enrolment\/\"><strong>Read in English<\/strong><\/a>.<\/p>\n<p>Si vous souhaitez inculquer \u00e0 vos enfants <strong>une \u00e9ducation bas\u00e9e sur la pens\u00e9e r\u00e9flexive, critique et cr\u00e9ativ<\/strong>e, vous pouvez les inscrire d\u00e8s maintenant au Lyc\u00e9e Fran\u00e7ais International de Tenerife Jules Verne, pour cette ann\u00e9e scolaire ou la prochaine.<\/p>\n<p>Pour ce faire, vous pouvez soit nous contacter <strong>par t\u00e9l\u00e9phone au (+34)922 205 518<\/strong><a href=\"tel:922205518\">,<\/a> soit <strong>remplir le formulaire ci-dessous<\/strong>, auquel cas, nous vous contacterons le plus rapidement possible afin de convenir d\u2019une date pour <strong>une visite individuelle<\/strong> du centre. Les visites peuvent s&#8217;effectuer entre 09h00 \u00e0 17h00.<\/p>\n<p>C&#8217;est notre directeur du primaire, Julien L\u00e9pagney, qui se chargera de cette premi\u00e8re rencontre avec vous.<\/p>\n<p>Lors de la visite, nous vous expliquerons en d\u00e9tail <strong>notre p\u00e9dagogie, les diff\u00e9rentes \u00e9tapes scolaires, l\u2019organisation des \u00e9tudes en plusieurs langues, les possibilit\u00e9s d\u2019ouvrir les \u00e9tudes et l\u2019apprentissage dans d\u2019autres pays<\/strong>, etc.<\/p>\n<p>Vous aurez en outre la possibilit\u00e9 de visiter<strong> nos installations<\/strong>.<\/p>\n<p>Nous vous remettrons \u00e9galement la documentation n\u00e9cessaire \u00e0 la finalisation de l\u2019inscription.<\/p>\n<\/div><div class=\"fusion-text fusion-text-2\"><p><strong>Voir nos <a href=\"https:\/\/liceofrancestenerife.es\/fr\/tarifas\/\">tarifs<\/a>.<\/strong><\/p>\n<\/div><div class=\"fusion-clearfix\"><\/div><\/div><\/div><\/div><\/div><div class=\"fusion-fullwidth fullwidth-box fusion-builder-row-2 nonhundred-percent-fullwidth non-hundred-percent-height-scrolling\" style=\"background-color: rgba(255,255,255,0);background-position: center center;background-repeat: no-repeat;padding-top:0px;padding-right:0px;padding-bottom:0px;padding-left:0px;margin-bottom: 0px;margin-top: 0px;border-width: 0px 0px 0px 0px;border-color:#eae9e9;border-style:solid;\" ><div class=\"fusion-builder-row fusion-row\"><div class=\"fusion-layout-column fusion_builder_column fusion-builder-column-2 fusion_builder_column_1_1 1_1 fusion-one-full fusion-column-first fusion-column-last\" style=\"margin-top:0px;margin-bottom:20px;\"><div class=\"fusion-column-wrapper fusion-flex-column-wrapper-legacy\" style=\"background-position:left top;background-repeat:no-repeat;-webkit-background-size:cover;-moz-background-size:cover;-o-background-size:cover;background-size:cover;padding: 0px 0px 0px 0px;\"><style type=\"text\/css\"><\/style><div class=\"fusion-title title fusion-title-1 fusion-sep-none fusion-title-text fusion-title-size-one\" style=\"margin-top:0px;margin-right:0px;margin-bottom:31px;margin-left:0px;\"><h1 class=\"title-heading-left\" style=\"margin:0;\"><h2><strong>Formulaire de demande de visite<\/strong><\/h2><\/h1><\/div>\n<div class=\"wpcf7 no-js\" id=\"wpcf7-f9696-o1\" lang=\"es-ES\" dir=\"ltr\" data-wpcf7-id=\"9696\">\n<div class=\"screen-reader-response\"><p role=\"status\" aria-live=\"polite\" aria-atomic=\"true\"><\/p> <ul><\/ul><\/div>\n<form action=\"\/fr\/wp-json\/wp\/v2\/pages\/9692#wpcf7-f9696-o1\" method=\"post\" class=\"wpcf7-form init\" aria-label=\"Formulario de contacto\" novalidate=\"novalidate\" data-status=\"init\">\n<fieldset class=\"hidden-fields-container\"><input type=\"hidden\" name=\"_wpcf7\" value=\"9696\" \/><input type=\"hidden\" name=\"_wpcf7_version\" value=\"6.1.5\" \/><input type=\"hidden\" name=\"_wpcf7_locale\" value=\"es_ES\" \/><input type=\"hidden\" name=\"_wpcf7_unit_tag\" value=\"wpcf7-f9696-o1\" \/><input type=\"hidden\" name=\"_wpcf7_container_post\" value=\"0\" \/><input type=\"hidden\" name=\"_wpcf7_posted_data_hash\" value=\"\" \/><input type=\"hidden\" name=\"_wpcf7_recaptcha_response\" value=\"\" \/>\n<\/fieldset>\n<p><label>Votre nom:<\/label><span class=\"wpcf7-form-control-wrap\" data-name=\"txtyourname\"><input size=\"40\" maxlength=\"400\" class=\"wpcf7-form-control wpcf7-text tz-username form-control\" aria-invalid=\"false\" value=\"\" type=\"text\" name=\"txtyourname\" \/><\/span><br \/>\n<label>Votre adresse mail*:<\/label><span class=\"wpcf7-form-control-wrap\" data-name=\"txtemailcontact\"><input size=\"40\" maxlength=\"400\" class=\"wpcf7-form-control wpcf7-email wpcf7-validates-as-required wpcf7-text wpcf7-validates-as-email tz-email form-control\" aria-required=\"true\" aria-invalid=\"false\" value=\"\" type=\"email\" name=\"txtemailcontact\" \/><\/span><br \/>\n<label>Votre num\u00e9ro de t\u00e9l\u00e9phone*:<\/label><span class=\"wpcf7-form-control-wrap\" data-name=\"telefono\"><input size=\"40\" maxlength=\"400\" class=\"wpcf7-form-control wpcf7-tel wpcf7-validates-as-required wpcf7-text wpcf7-validates-as-tel tz-username form-control\" aria-required=\"true\" aria-invalid=\"false\" placeholder=\"\" value=\"\" type=\"tel\" name=\"telefono\" \/><\/span><br \/>\n<label>Remarques:<span><\/span><\/label><span class=\"wpcf7-form-control-wrap\" data-name=\"textarea-message\"><textarea cols=\"40\" rows=\"5\" maxlength=\"2000\" class=\"wpcf7-form-control wpcf7-textarea\" aria-invalid=\"false\" name=\"textarea-message\"><\/textarea><\/span><br \/>\n<span class=\"wpcf7-form-control-wrap\" data-name=\"acceptance-351\"><span class=\"wpcf7-form-control wpcf7-acceptance\"><span class=\"wpcf7-list-item\"><input type=\"checkbox\" name=\"acceptance-351\" value=\"1\" aria-invalid=\"false\" \/><\/span><\/span><\/span> J'ai lu et accept\u00e9 la politique de confidentialit\u00e9<br \/>\n<span><\/span><br \/>\n<span><\/span><br \/>\n<button style=\"background-color: #3057AF; color: white; font-size: 20px; border: none; padding: 11px 20px; border-radius: 2px; cursor: pointer\">Envoyer<\/button>\n<\/p><div class=\"fusion-alert alert custom alert-custom fusion-alert-center wpcf7-response-output fusion-alert-capitalize alert-dismissable\" style=\"border-width:1px;\"><button type=\"button\" class=\"close toggle-alert\" data-dismiss=\"alert\" aria-hidden=\"true\">&times;<\/button><div class=\"fusion-alert-content-wrapper\"><span class=\"fusion-alert-content\"><\/span><\/div><\/div>\n<\/form>\n<\/div>\n<div class=\"fusion-clearfix\"><\/div><\/div><\/div><\/div><\/div><\/p>\n","protected":false},"excerpt":{"rendered":"","protected":false},"author":1,"featured_media":0,"parent":0,"menu_order":0,"comment_status":"closed","ping_status":"closed","template":"","meta":{"footnotes":""},"class_list":["post-9692","page","type-page","status-publish","hentry"],"_links":{"self":[{"href":"https:\/\/liceofrancestenerife.es\/fr\/wp-json\/wp\/v2\/pages\/9692","targetHints":{"allow":["GET"]}}],"collection":[{"href":"https:\/\/liceofrancestenerife.es\/fr\/wp-json\/wp\/v2\/pages"}],"about":[{"href":"https:\/\/liceofrancestenerife.es\/fr\/wp-json\/wp\/v2\/types\/page"}],"author":[{"embeddable":true,"href":"https:\/\/liceofrancestenerife.es\/fr\/wp-json\/wp\/v2\/users\/1"}],"replies":[{"embeddable":true,"href":"https:\/\/liceofrancestenerife.es\/fr\/wp-json\/wp\/v2\/comments?post=9692"}],"version-history":[{"count":24,"href":"https:\/\/liceofrancestenerife.es\/fr\/wp-json\/wp\/v2\/pages\/9692\/revisions"}],"predecessor-version":[{"id":39471,"href":"https:\/\/liceofrancestenerife.es\/fr\/wp-json\/wp\/v2\/pages\/9692\/revisions\/39471"}],"wp:attachment":[{"href":"https:\/\/liceofrancestenerife.es\/fr\/wp-json\/wp\/v2\/media?parent=9692"}],"curies":[{"name":"wp","href":"https:\/\/api.w.org\/{rel}","templated":true}]}}