{"id":9706,"date":"2016-12-02T14:39:20","date_gmt":"2016-12-02T14:39:20","guid":{"rendered":"http:\/\/liceofrancestenerife.es\/nuevaweb\/?page_id=9706\/"},"modified":"2019-06-13T11:50:17","modified_gmt":"2019-06-13T10:50:17","slug":"politique-de-cookies","status":"publish","type":"page","link":"https:\/\/liceofrancestenerife.es\/fr\/politique-de-cookies\/","title":{"rendered":"Politique de cookies"},"content":{"rendered":"<div class=\"fusion-fullwidth fullwidth-box fusion-builder-row-1 nonhundred-percent-fullwidth non-hundred-percent-height-scrolling\" style=\"background-color: rgba(255,255,255,0);background-position: center center;background-repeat: no-repeat;padding-top:0px;padding-right:0px;padding-bottom:0px;padding-left:0px;margin-bottom: 0px;margin-top: 0px;border-width: 0px 0px 0px 0px;border-color:#eae9e9;border-style:solid;\" ><div class=\"fusion-builder-row fusion-row\"><div class=\"fusion-layout-column fusion_builder_column fusion-builder-column-0 fusion_builder_column_1_1 1_1 fusion-one-full fusion-column-first fusion-column-last\" style=\"margin-top:0px;margin-bottom:0px;\"><div class=\"fusion-column-wrapper fusion-flex-column-wrapper-legacy\" style=\"background-position:left top;background-repeat:no-repeat;-webkit-background-size:cover;-moz-background-size:cover;-o-background-size:cover;background-size:cover;padding: 0px 0px 0px 0px;\"><style type=\"text\/css\"><\/style><div class=\"fusion-title title fusion-title-1 fusion-sep-none fusion-title-text fusion-title-size-one\" style=\"margin-top:0px;margin-right:0px;margin-bottom:31px;margin-left:0px;\"><h1 class=\"title-heading-left\" style=\"margin:0;\"><h1>Pol\u00edtica de cookies<\/h1><\/h1><\/div><div class=\"fusion-text fusion-text-1\"><p class=\"western\" align=\"justify\">En cumplimiento de lo establecido el art. 22.2 de la Ley 34\/2002 de Servicios de la Sociedad de la informaci\u00f3n (LSSI), desde Lyc\u00e9e Francais de Tenerife le informamos que para la correcta navegaci\u00f3n y uso de esta p\u00e1gina web se requiere de la instalaci\u00f3n de cookies.<\/p>\n<p class=\"western\" align=\"justify\">La finalidad de la instalaci\u00f3n, y por ende tratamiento de datos personales asociados al uso de esta tecnolog\u00eda es la configuraci\u00f3n de medidas t\u00e9cnicas de seguridad, personalizaci\u00f3n, y funcionamiento b\u00e1sico de la web (cookies t\u00e9cnicas), as\u00ed como la realizaci\u00f3n de an\u00e1lisis del paso por la web de los visitantes y usuarios (cookies anal\u00edticas), la configuraci\u00f3n y muestra de publicidad b\u00e1sica (cookies de publicidad).<\/p>\n<p class=\"western\" align=\"justify\">El plazo de conservaci\u00f3n de los datos recogidos por las cookies ser\u00e1 el que se indica en la tabla que aparece m\u00e1s adelante, en este mismo apartado. El plazo contar\u00e1 a partir de la finalizaci\u00f3n de cada sesi\u00f3n del usuario en la p\u00e1gina web.<\/p>\n<p class=\"western\" align=\"justify\">Usted puede elegir prestar o no su consentimiento a la instalaci\u00f3n de las cookies de Lyc\u00e9e Francais de Tenerife, en el caso de no aceptarlas, o de bloquearlas, la navegaci\u00f3n por la p\u00e1gina puede no ser correcta. Entre los fallos m\u00e1s habituales por la no instalaci\u00f3n de las cookies se encuentra el error en la carga de contenidos multimedia, la imposibilidad de entrar en la zona cliente o de configurar las preferencias de uso de la p\u00e1gina.<\/p>\n<p class=\"western\" align=\"justify\"><strong><i>\u00bfQu\u00e9 son las Cookies?<\/i><\/strong><\/p>\n<p class=\"western\" align=\"justify\">Las cookies son peque\u00f1os ficheros de texto, que guardan informaci\u00f3n del usuario y se almacenan de su propio dispositivo bien sea PC, Tablet o m\u00f3vil.<\/p>\n<p class=\"western\" align=\"justify\"><strong><i>\u00bfQui\u00e9n emite las cookies y para qu\u00e9?<\/i><\/strong><\/p>\n<p class=\"western\" align=\"justify\">Las cookies son emitidas por una p\u00e1gina web, con la finalidad de mejorar la experiencia de navegaci\u00f3n del usuario, as\u00ed como para realizar an\u00e1lisis de sus acciones dentro de la web. Las cookies permiten que la p\u00e1gina web que las ha emitido recuerde las elecciones y caracter\u00edsticas de navegaci\u00f3n del usuario.<\/p>\n<p class=\"western\" align=\"justify\"><strong><i>\u00bfQu\u00e9 tipos de cookies existen?<\/i><\/strong><\/p>\n<p class=\"western\" align=\"justify\">Las cookies pueden catalogarse seg\u00fan 3 criterios:<\/p>\n<ol>\n<li>\n<p align=\"justify\">Entidad que las gestiona: Si son propias o de terceros.<\/p>\n<\/li>\n<li>\n<p align=\"justify\">Plazo en que permanecen activas: Cookies de sesi\u00f3n o persistentes.<\/p>\n<\/li>\n<li>\n<p align=\"justify\">Seg\u00fan su finalidad.<\/p>\n<ol type=\"a\">\n<li>\n<p align=\"justify\">Cookies t\u00e9cnicas. (no requieren consentimiento)<\/p>\n<\/li>\n<li>\n<p align=\"justify\">Cookies de personalizaci\u00f3n.<\/p>\n<\/li>\n<li>\n<p align=\"justify\">Cookies de an\u00e1lisis<\/p>\n<\/li>\n<li>\n<p align=\"justify\">Cookies publicitarias<\/p>\n<\/li>\n<li>\n<p align=\"justify\">Cookies de publicidad comportamental.<\/p>\n<\/li>\n<\/ol>\n<\/li>\n<\/ol>\n<p class=\"western\" align=\"justify\"><strong><i>\u00bfC\u00f3mo administro las cookies de mis dispositivos?<\/i><\/strong><\/p>\n<p class=\"western\" align=\"justify\">Usted elige si acepta o no la instalaci\u00f3n de cookies de esta p\u00e1gina web, www.liceofrancestenerife.es , en sus dispositivos. Puede elegir el bloqueo directo de la instalaci\u00f3n de las cookies desde su navegador, as\u00ed como tambi\u00e9n puede elegir la instalaci\u00f3n de unas y el borrado de otras.<\/p>\n<p class=\"western\" align=\"justify\"><i>Como configurar las cookies seg\u00fan su navegador:<\/i><\/p>\n<ol>\n<li>\n<p align=\"justify\">Internet Explorer: Herramientas &gt; Opciones de Internet &gt; Privacidad &gt; Configuraci\u00f3n. Para m\u00e1s informaci\u00f3n, puede consultar el <u><a href=\"http:\/\/windows.microsoft.com\/es-ES\/windows\/support#1TC=windows-7\">soporte de Microsoft<\/a><\/u> o la Ayuda del navegador.<\/p>\n<\/li>\n<li>\n<p align=\"justify\">Firefox: Herramientas &gt; Opciones &gt; Privacidad &gt; Historial &gt; Configuraci\u00f3n Personalizada. Para m\u00e1s informaci\u00f3n, puede consultar el <u><a href=\"https:\/\/support.mozilla.org\/es\/\">soporte de Mozilla<\/a><\/u> o la Ayuda del navegador.<\/p>\n<\/li>\n<li>\n<p align=\"justify\">Chrome: Configuraci\u00f3n &gt; Mostrar opciones avanzadas &gt; Privacidad -&gt; Configuraci\u00f3n de contenido. Para m\u00e1s informaci\u00f3n, puede consultar el <u><a href=\"https:\/\/support.google.com\/chrome\/?hl=es#topic=3227046\">soporte de Google<\/a><\/u> o la Ayuda del navegador.<\/p>\n<\/li>\n<li>\n<p align=\"justify\">Safari: Preferencias &gt; Seguridad. Para m\u00e1s informaci\u00f3n, puede consultar el <u><a href=\"http:\/\/www.apple.com\/es\/support\/mac-apps\/safari\/\">soporte de Apple<\/a><\/u> o la Ayuda del navegador.<\/p>\n<\/li>\n<li>\n<p align=\"justify\">Opera: Configuraci\u00f3n &gt; Opciones &gt; Avanzado &gt; Para m\u00e1s informaci\u00f3n, puede consultar el <u><a href=\"http:\/\/help.opera.com\/Windows\/11.50\/es-ES\/cookies.html\">soporte de Opera<\/a><\/u> o la Ayuda del navegador.<\/p>\n<\/li>\n<\/ol>\n<p class=\"western\" align=\"justify\">*Estas configuraciones pueden no estar disponibles en dispositivos m\u00f3viles tales como tablets o smartphones.<\/p>\n<p class=\"western\" align=\"justify\">*Si usa otro navegador distinto a los anteriores, consulte su pol\u00edtica de instalaci\u00f3n, uso y bloqueo de cookies.<\/p>\n<\/div><div class=\"fusion-clearfix\"><\/div><\/div><\/div><\/div><\/div>\n","protected":false},"excerpt":{"rendered":"","protected":false},"author":1,"featured_media":0,"parent":0,"menu_order":0,"comment_status":"closed","ping_status":"closed","template":"","meta":{"footnotes":""},"class_list":["post-9706","page","type-page","status-publish","hentry"],"_links":{"self":[{"href":"https:\/\/liceofrancestenerife.es\/fr\/wp-json\/wp\/v2\/pages\/9706","targetHints":{"allow":["GET"]}}],"collection":[{"href":"https:\/\/liceofrancestenerife.es\/fr\/wp-json\/wp\/v2\/pages"}],"about":[{"href":"https:\/\/liceofrancestenerife.es\/fr\/wp-json\/wp\/v2\/types\/page"}],"author":[{"embeddable":true,"href":"https:\/\/liceofrancestenerife.es\/fr\/wp-json\/wp\/v2\/users\/1"}],"replies":[{"embeddable":true,"href":"https:\/\/liceofrancestenerife.es\/fr\/wp-json\/wp\/v2\/comments?post=9706"}],"version-history":[{"count":4,"href":"https:\/\/liceofrancestenerife.es\/fr\/wp-json\/wp\/v2\/pages\/9706\/revisions"}],"predecessor-version":[{"id":27265,"href":"https:\/\/liceofrancestenerife.es\/fr\/wp-json\/wp\/v2\/pages\/9706\/revisions\/27265"}],"wp:attachment":[{"href":"https:\/\/liceofrancestenerife.es\/fr\/wp-json\/wp\/v2\/media?parent=9706"}],"curies":[{"name":"wp","href":"https:\/\/api.w.org\/{rel}","templated":true}]}}