{"id":9712,"date":"2016-12-02T14:46:01","date_gmt":"2016-12-02T14:46:01","guid":{"rendered":"http:\/\/liceofrancestenerife.es\/nuevaweb\/?page_id=9712\/"},"modified":"2019-06-13T12:16:49","modified_gmt":"2019-06-13T11:16:49","slug":"mentions-legales","status":"publish","type":"page","link":"https:\/\/liceofrancestenerife.es\/fr\/mentions-legales\/","title":{"rendered":"Aviso legal"},"content":{"rendered":"<div class=\"fusion-fullwidth fullwidth-box fusion-builder-row-1 nonhundred-percent-fullwidth non-hundred-percent-height-scrolling\" style=\"background-color: rgba(255,255,255,0);background-position: center center;background-repeat: no-repeat;padding-top:0px;padding-right:0px;padding-bottom:0px;padding-left:0px;margin-bottom: 0px;margin-top: 0px;border-width: 0px 0px 0px 0px;border-color:#eae9e9;border-style:solid;\" ><div class=\"fusion-builder-row fusion-row\"><div class=\"fusion-layout-column fusion_builder_column fusion-builder-column-0 fusion_builder_column_1_1 1_1 fusion-one-full fusion-column-first fusion-column-last\" style=\"margin-top:0px;margin-bottom:0px;\"><div class=\"fusion-column-wrapper fusion-flex-column-wrapper-legacy\" style=\"background-position:left top;background-repeat:no-repeat;-webkit-background-size:cover;-moz-background-size:cover;-o-background-size:cover;background-size:cover;padding: 0px 0px 0px 0px;\"><style type=\"text\/css\"><\/style><div class=\"fusion-title title fusion-title-1 fusion-sep-none fusion-title-text fusion-title-size-one\" style=\"margin-top:0px;margin-right:0px;margin-bottom:31px;margin-left:0px;\"><h1 class=\"title-heading-left\" style=\"margin:0;\"><h1>Aviso legal<\/h1><\/h1><\/div><div class=\"fusion-text fusion-text-1\"><div class=\"tz_page_content post-5098 page type-page status-publish hentry\">\n<ol type=\"I\">\n<li>\n<p align=\"justify\"><a name=\"1\"><\/a> <span style=\"font-family: Times New Roman, serif;\"><b><span style=\"font-family: Verdana, serif;\"><span style=\"font-size: small;\">O<\/span><\/span><span style=\"font-family: Verdana, serif;\"><span style=\"font-size: small;\">B<\/span><\/span><span style=\"font-family: Verdana, serif;\"><span style=\"font-size: small;\">JETO <\/span><\/span><\/b><\/span><\/p>\n<\/li>\n<\/ol>\n<p align=\"justify\"><a name=\"_GoBack\"><\/a> <span style=\"font-family: Times New Roman, serif;\"><span style=\"font-family: Verdana, serif;\"><span style=\"font-size: small;\">Las presentes condiciones legales son establecidas por <\/span><\/span><span style=\"font-family: Verdana, serif;\"><span style=\"font-size: small;\">Lyc\u00e9e francais international de Tenerife Jules Verne<\/span><\/span><span style=\"font-family: Verdana, serif;\"><span style=\"font-size: small;\"> en adelante Lyc\u00e9e francais international de Tenerife, con el fin de determinar los criterios y condiciones de uso de la p\u00e1gina web: www.liceofrancestenerife.es.<\/span><\/span><\/span><\/p>\n<p align=\"justify\"><span style=\"font-family: Times New Roman, serif;\"><b><span style=\"font-family: Verdana, serif;\"><span style=\"font-size: small;\">Datos del Titular<\/span><\/span><\/b><\/span><\/p>\n<p align=\"justify\"><span style=\"font-family: Times New Roman, serif;\"><span style=\"font-family: Verdana, serif;\"><span style=\"font-size: small;\">Seg\u00fan lo establecido en la Ley de Servicios de la Sociedad de la informaci\u00f3n y Comercio Electr\u00f3nico LSSICE 34\/2002, Lyc\u00e9e Francais de Tenerife, pone a disposici\u00f3n los datos del titular de la presente p\u00e1gina web:<\/span><\/span><\/span><\/p>\n<p class=\"western\" align=\"justify\"><span style=\"font-family: Times New Roman, serif;\"><span style=\"font-family: Verdana, serif;\"><span style=\"font-size: small;\"><b>Identificaci\u00f3n y contacto<\/b><\/span><\/span><\/span><\/p>\n<p class=\"western\" align=\"justify\"><span style=\"font-family: Times New Roman, serif;\"><span style=\"font-family: Verdana, serif;\"><span style=\"font-size: small;\">Lyc\u00e9e francais international de Tenerife Jules Verne<\/span><\/span><\/span><\/p>\n<p class=\"western\" align=\"justify\"><span style=\"font-family: Times New Roman, serif;\"><span style=\"font-family: Verdana, serif;\"><span style=\"font-size: small;\">NIF: N0016376F<\/span><\/span><\/span><\/p>\n<p class=\"western\" align=\"justify\"><span style=\"font-family: Times New Roman, serif;\"><span style=\"font-family: Verdana, serif;\"><span style=\"font-size: small;\">Domicilio en: C\/ Pedro Su\u00e1rez Hern\u00e1ndez, 5. 38009, Santa Cruz De Tenerife<\/span><\/span><\/span><\/p>\n<p class=\"western\" align=\"justify\"><span style=\"font-family: Times New Roman, serif;\"><span style=\"font-family: Verdana, serif;\"><span style=\"font-size: small;\">Tel\u00e9fono<\/span><\/span><span style=\"font-family: Verdana, serif;\"><span style=\"font-size: small;\">: 922 205 518<\/span><\/span><\/span><\/p>\n<p class=\"western\" align=\"justify\"><span style=\"font-family: Times New Roman, serif;\"><span style=\"font-family: Verdana, serif;\"><span style=\"font-size: small;\">Correo electr\u00f3nico: <\/span><\/span><span style=\"color: #0000ff;\"><u><a href=\"mailto:info@liceofrancestenerife.es\"><span style=\"font-family: Verdana, serif;\"><span style=\"font-size: small;\">info@liceofrancestenerife.es<\/span><\/span><\/a><\/u><\/span><\/span><\/p>\n<p class=\"western\" align=\"justify\"><span style=\"font-family: Times New Roman, serif;\"><span style=\"font-family: Verdana, serif;\"><span style=\"font-size: small;\">Al ingresar a esta p\u00e1gina web, el navegante adquiere la condici\u00f3n de usuario. Con el acceso, uso y disfrute de esta p\u00e1gina web el usuario acepta las condiciones planteadas en el presente apartado, en la versi\u00f3n publicada en el momento en que el acceda al mismo. Lyc\u00e9e Francais de Tenerife<\/span><\/span><b> <\/b><span style=\"font-family: Verdana, serif;\"><span style=\"font-size: small;\">se reserva el derecho a modificar en cualquier momento, sus condiciones legales, as\u00ed como a realizar cuanta mejora t\u00e9cnica o visual considere oportuno. En caso de que las modificaciones infieran en la privacidad de los usuarios, se avisar\u00e1 con antelaci\u00f3n a la entrada en vigor de los cambios. <\/span><\/span><\/span><\/p>\n<ol start=\"2\" type=\"I\">\n<li>\n<p align=\"justify\"><span style=\"font-family: Times New Roman, serif;\"><b><span style=\"font-family: Verdana, serif;\"><span style=\"font-size: small;\">POL\u00cdTICA DE ENLACES<\/span><\/span><\/b><\/span><\/p>\n<\/li>\n<\/ol>\n<p align=\"justify\"><span style=\"font-family: Times New Roman, serif;\"><span style=\"font-family: Verdana, serif;\"><span style=\"font-size: small;\">En esta p\u00e1gina web podr\u00e1 encontrar enlaces a p\u00e1ginas de terceros, con la finalidad de facilitar informaci\u00f3n adicional sobre nuestra instituci\u00f3n y la Mission Laique Francaise; ampliar la informaci\u00f3n sobre nuestros servicios; incluir informaci\u00f3n sobre nuestros proveedores y p\u00e1ginas de confianza; facilitar el acceso de los usuarios a los perfiles con los que cuenta Lyc\u00e9e Francais de Tenerife en las distintas redes sociales y servicios de plataformas en internet. <\/span><\/span><\/span><\/p>\n<p align=\"justify\"><span style=\"font-family: Times New Roman, serif;\"><span style=\"font-family: Verdana, serif;\"><span style=\"font-size: small;\">Lyc\u00e9e Francais de Tenerife solo gestiona y es responsable de la p\u00e1gina web www.liceofrancestenerife.es . Los enlaces que ha puesto en su web han sido elegidos con buena fe, poniendo el cuidado debido, pero bajo ning\u00fan concepto es responsable de los contenidos, ofertas y\/o productos y servicios que pueda encontrar el usuario en las p\u00e1ginas a los que redirigen. <\/span><\/span><\/span><\/p>\n<ol start=\"3\" type=\"I\">\n<li>\n<p align=\"justify\"><span style=\"font-family: Times New Roman, serif;\"><b><span style=\"font-family: Verdana, serif;\"><span style=\"font-size: small;\">OBLIGACIONES DEL USUARIO<\/span><\/span><\/b><\/span><\/p>\n<\/li>\n<\/ol>\n<p class=\"western\" align=\"justify\"><span style=\"font-family: Times New Roman, serif;\"><span style=\"font-family: Verdana, serif;\"><span style=\"font-size: small;\">Al ingresar y hacer uso de esta p\u00e1gina web, el usuario acepta impl\u00edcitamente las siguientes condiciones generales:<\/span><\/span><\/span><\/p>\n<ol type=\"a\">\n<li>\n<p align=\"justify\"><span style=\"font-family: Times New Roman, serif;\"><span style=\"font-family: Verdana, serif;\"><span style=\"font-size: small;\"><b>Propiedad Intelectual: <\/b><\/span><\/span><span style=\"font-family: Verdana, serif;\"><span style=\"font-size: small;\">El usuario no podr\u00e1 utilizar la informaci\u00f3n aqu\u00ed contenida, ni el dise\u00f1o, ni su contenido gr\u00e1fico sin la autorizaci\u00f3n de los titulares de la web, o de los titulares de los derechos de propiedad intelectual e industrial. En caso de lo contrario estar\u00eda faltando a los derechos de propiedad intelectual e industrial. <\/span><\/span><\/span><\/p>\n<ol type=\"a\">\n<li>\n<p align=\"justify\"><span style=\"font-family: Times New Roman, serif;\"><span style=\"font-family: Verdana, serif;\"><span style=\"font-size: small;\">No se permite la reproducci\u00f3n total, ni parcial de los contenidos de la web. <\/span><\/span><\/span><\/p>\n<\/li>\n<li>\n<p align=\"justify\"><span style=\"font-family: Times New Roman, serif;\"><span style=\"font-family: Verdana, serif;\"><span style=\"font-size: small;\">No se permite el uso del nombre comercial, marca, imagen, ni del logotipo de Lyc\u00e9e Francais de Tenerife<\/span><\/span><\/span><\/p>\n<\/li>\n<li>\n<p align=\"justify\"><span style=\"font-family: Times New Roman, serif;\"><span style=\"font-family: Verdana, serif;\"><span style=\"font-size: small;\">Si usted quiere reproducir o utilizar las publicaciones del blog, deber\u00e1 solicitar el consentimiento del titular de la web.<\/span><\/span><\/span><\/p>\n<\/li>\n<\/ol>\n<\/li>\n<li>\n<p align=\"justify\"><span style=\"font-family: Times New Roman, serif;\"><span style=\"font-family: Verdana, serif;\"><span style=\"font-size: small;\">El usuario se har\u00e1 responsable de la veracidad de los datos que suministra y se compromete a comunicar cualquier cambio que surja en ellos. <\/span><\/span><\/span><\/p>\n<\/li>\n<\/ol>\n<ol start=\"4\" type=\"I\">\n<li>\n<p align=\"justify\"><span style=\"font-family: Times New Roman, serif;\"><b><span style=\"font-family: Verdana, serif;\"><span style=\"font-size: small;\">EXCLUSIONES DE RESPONSABILIDAD <\/span><\/span><\/b><\/span><\/p>\n<\/li>\n<\/ol>\n<p class=\"western\" align=\"justify\"><span style=\"font-family: Times New Roman, serif;\"><span style=\"font-family: Verdana, serif;\"><span style=\"font-size: small;\"><b>Protecci\u00f3n De Datos:<\/b><\/span><\/span><span style=\"font-family: Verdana, serif;\"><span style=\"font-size: small;\"> Lyc\u00e9e francais international de Tenerife<\/span><\/span><span style=\"font-family: Verdana, serif;\"><span style=\"font-size: small;\">, ha establecido e implantado las medidas de \u00edndole t\u00e9cnica y organizativas necesarias que garanticen la seguridad de los datos de car\u00e1cter personal suministrados por el usuario del tal manera que eviten su alteraci\u00f3n, p\u00e9rdida, tratamiento y\/o acceso no autorizado, habida cuenta del estado de la tecnolog\u00eda, la naturaleza de los datos almacenados y los riesgos a que est\u00e1n expuestos, ya provengan de la acci\u00f3n humana o del medio f\u00edsico o natural. <\/span><\/span><\/span><\/p>\n<\/div>\n<\/div><div class=\"fusion-clearfix\"><\/div><\/div><\/div><\/div><\/div>\n","protected":false},"excerpt":{"rendered":"","protected":false},"author":1,"featured_media":0,"parent":0,"menu_order":0,"comment_status":"closed","ping_status":"closed","template":"","meta":{"footnotes":""},"class_list":["post-9712","page","type-page","status-publish","hentry"],"_links":{"self":[{"href":"https:\/\/liceofrancestenerife.es\/fr\/wp-json\/wp\/v2\/pages\/9712","targetHints":{"allow":["GET"]}}],"collection":[{"href":"https:\/\/liceofrancestenerife.es\/fr\/wp-json\/wp\/v2\/pages"}],"about":[{"href":"https:\/\/liceofrancestenerife.es\/fr\/wp-json\/wp\/v2\/types\/page"}],"author":[{"embeddable":true,"href":"https:\/\/liceofrancestenerife.es\/fr\/wp-json\/wp\/v2\/users\/1"}],"replies":[{"embeddable":true,"href":"https:\/\/liceofrancestenerife.es\/fr\/wp-json\/wp\/v2\/comments?post=9712"}],"version-history":[{"count":3,"href":"https:\/\/liceofrancestenerife.es\/fr\/wp-json\/wp\/v2\/pages\/9712\/revisions"}],"predecessor-version":[{"id":27272,"href":"https:\/\/liceofrancestenerife.es\/fr\/wp-json\/wp\/v2\/pages\/9712\/revisions\/27272"}],"wp:attachment":[{"href":"https:\/\/liceofrancestenerife.es\/fr\/wp-json\/wp\/v2\/media?parent=9712"}],"curies":[{"name":"wp","href":"https:\/\/api.w.org\/{rel}","templated":true}]}}