{"id":9724,"date":"2016-12-05T12:57:12","date_gmt":"2016-12-05T12:57:12","guid":{"rendered":"http:\/\/liceofrancestenerife.es\/nuevaweb\/ampa\/"},"modified":"2024-06-28T11:51:15","modified_gmt":"2024-06-28T10:51:15","slug":"ampa","status":"publish","type":"page","link":"https:\/\/liceofrancestenerife.es\/fr\/ampa\/","title":{"rendered":"Repr\u00e9sentants de parents"},"content":{"rendered":"<div class=\"fusion-fullwidth fullwidth-box fusion-builder-row-1 nonhundred-percent-fullwidth non-hundred-percent-height-scrolling\" style=\"background-color: rgba(255,255,255,0);background-position: center center;background-repeat: no-repeat;padding-top:20px;padding-right:0px;padding-bottom:20px;padding-left:0px;margin-bottom: 0px;margin-top: 0px;border-width: 0px 0px 0px 0px;border-color:#eae9e9;border-style:solid;\" ><div class=\"fusion-builder-row fusion-row\"><div class=\"fusion-layout-column fusion_builder_column fusion-builder-column-0 fusion_builder_column_1_1 1_1 fusion-one-full fusion-column-first fusion-column-last\" style=\"margin-top:0px;margin-bottom:20px;\"><div class=\"fusion-column-wrapper fusion-flex-column-wrapper-legacy\" style=\"background-position:left top;background-repeat:no-repeat;-webkit-background-size:cover;-moz-background-size:cover;-o-background-size:cover;background-size:cover;padding: 0px 0px 0px 0px;\"><span class=\" fusion-imageframe imageframe-none imageframe-1 hover-type-none\"><img decoding=\"async\" width=\"631\" height=\"433\" title=\"foto inauguraci\u00f3n\" src=\"https:\/\/liceofrancestenerife.es\/nuevaweb\/wp-content\/uploads\/2016\/12\/foto-inauguraci\u00f3n.jpg\" data-orig-src=\"http:\/\/liceofrancestenerife.es\/nuevaweb\/wp-content\/uploads\/2016\/12\/foto-inauguraci\u00f3n.jpg\" class=\"lazyload img-responsive wp-image-16221\" srcset=\"data:image\/svg+xml,%3Csvg%20xmlns%3D%27http%3A%2F%2Fwww.w3.org%2F2000%2Fsvg%27%20width%3D%27631%27%20height%3D%27433%27%20viewBox%3D%270%200%20631%20433%27%3E%3Crect%20width%3D%27631%27%20height%3D%27433%27%20fill-opacity%3D%220%22%2F%3E%3C%2Fsvg%3E\" data-srcset=\"https:\/\/liceofrancestenerife.es\/nuevaweb\/wp-content\/uploads\/2016\/12\/foto-inauguraci\u00f3n-200x137.jpg 200w, https:\/\/liceofrancestenerife.es\/nuevaweb\/wp-content\/uploads\/2016\/12\/foto-inauguraci\u00f3n-400x274.jpg 400w, https:\/\/liceofrancestenerife.es\/nuevaweb\/wp-content\/uploads\/2016\/12\/foto-inauguraci\u00f3n-600x412.jpg 600w, https:\/\/liceofrancestenerife.es\/nuevaweb\/wp-content\/uploads\/2016\/12\/foto-inauguraci\u00f3n.jpg 631w\" data-sizes=\"auto\" data-orig-sizes=\"(max-width: 800px) 100vw, 631px\" \/><\/span><div class=\"fusion-clearfix\"><\/div><\/div><\/div><div class=\"fusion-layout-column fusion_builder_column fusion-builder-column-1 fusion_builder_column_1_1 1_1 fusion-one-full fusion-column-first fusion-column-last\" style=\"margin-top:0px;margin-bottom:20px;\"><div class=\"fusion-column-wrapper fusion-flex-column-wrapper-legacy\" style=\"background-position:left top;background-repeat:no-repeat;-webkit-background-size:cover;-moz-background-size:cover;-o-background-size:cover;background-size:cover;padding: 0px 0px 0px 0px;\"><style type=\"text\/css\"><\/style><div class=\"fusion-title title fusion-title-1 fusion-sep-none fusion-title-text fusion-title-size-three\" style=\"margin-top:0px;margin-right:0px;margin-bottom:31px;margin-left:0px;\"><h3 class=\"title-heading-left\" style=\"margin:0;\"><h2><strong><span style=\"color: #1675a0;\">Repr\u00e9sentants de parents d&#8217;\u00e9l\u00e8ves<br \/>\n<\/span><\/strong><\/h2><\/h3><\/div><div class=\"fusion-text fusion-text-1\"><div>Vous pouvez contacter les repr\u00e9sentants des parents d&#8217;\u00e9l\u00e8ves du LFIT en leur \u00e9crivant un email aux adresses suivantes:<\/div>\n<div>&#8211; pour le primaire: <a href=\"mailto:consejoescolarlfit@gmail.com\" target=\"_blank\" rel=\"noopener\">consejoescolarlfit@gmail.com<\/a><\/div>\n<div>&#8211; pour le secondaire: <a href=\"mailto:consejoestablecimientolfit@gmail.com\" target=\"_blank\" rel=\"noopener\">consejoestablecimientolfit@<wbr \/>gmail.com<\/a><\/div>\n<\/div><div class=\"fusion-clearfix\"><\/div><\/div><\/div><\/div><\/div>\n","protected":false},"excerpt":{"rendered":"","protected":false},"author":1,"featured_media":0,"parent":0,"menu_order":0,"comment_status":"closed","ping_status":"closed","template":"","meta":{"footnotes":""},"class_list":["post-9724","page","type-page","status-publish","hentry"],"_links":{"self":[{"href":"https:\/\/liceofrancestenerife.es\/fr\/wp-json\/wp\/v2\/pages\/9724","targetHints":{"allow":["GET"]}}],"collection":[{"href":"https:\/\/liceofrancestenerife.es\/fr\/wp-json\/wp\/v2\/pages"}],"about":[{"href":"https:\/\/liceofrancestenerife.es\/fr\/wp-json\/wp\/v2\/types\/page"}],"author":[{"embeddable":true,"href":"https:\/\/liceofrancestenerife.es\/fr\/wp-json\/wp\/v2\/users\/1"}],"replies":[{"embeddable":true,"href":"https:\/\/liceofrancestenerife.es\/fr\/wp-json\/wp\/v2\/comments?post=9724"}],"version-history":[{"count":8,"href":"https:\/\/liceofrancestenerife.es\/fr\/wp-json\/wp\/v2\/pages\/9724\/revisions"}],"predecessor-version":[{"id":41490,"href":"https:\/\/liceofrancestenerife.es\/fr\/wp-json\/wp\/v2\/pages\/9724\/revisions\/41490"}],"wp:attachment":[{"href":"https:\/\/liceofrancestenerife.es\/fr\/wp-json\/wp\/v2\/media?parent=9724"}],"curies":[{"name":"wp","href":"https:\/\/api.w.org\/{rel}","templated":true}]}}