{"id":9750,"date":"2016-12-09T12:38:11","date_gmt":"2016-12-09T12:38:11","guid":{"rendered":"http:\/\/liceofrancestenerife.es\/nuevaweb\/?page_id=9750\/"},"modified":"2025-12-10T15:04:20","modified_gmt":"2025-12-10T15:04:20","slug":"mission-laique-francaise","status":"publish","type":"page","link":"https:\/\/liceofrancestenerife.es\/fr\/mission-laique-francaise\/","title":{"rendered":"MISSION LA\u00cfQUE FRAN\u00c7AISE"},"content":{"rendered":"<div class=\"fusion-fullwidth fullwidth-box fusion-builder-row-1 nonhundred-percent-fullwidth non-hundred-percent-height-scrolling\" style=\"background-color: rgba(255,255,255,0);background-position: center center;background-repeat: no-repeat;padding-top:0px;padding-right:0px;padding-bottom:20px;padding-left:0px;margin-bottom: 0px;margin-top: 0px;border-width: 0px 0px 0px 0px;border-color:#eae9e9;border-style:solid;\" ><div class=\"fusion-builder-row fusion-row\"><div class=\"fusion-layout-column fusion_builder_column fusion-builder-column-0 fusion_builder_column_1_1 1_1 fusion-one-full fusion-column-first fusion-column-last\" style=\"margin-top:0px;margin-bottom:20px;\"><div class=\"fusion-column-wrapper fusion-flex-column-wrapper-legacy\" style=\"background-position:left top;background-repeat:no-repeat;-webkit-background-size:cover;-moz-background-size:cover;-o-background-size:cover;background-size:cover;padding: 0px 0px 0px 0px;\"><style type=\"text\/css\"><\/style><div class=\"fusion-title title fusion-title-1 fusion-sep-none fusion-title-text fusion-title-size-three\" style=\"margin-top:0px;margin-right:0px;margin-bottom:31px;margin-left:0px;\"><h3 class=\"title-heading-left\" style=\"margin:0;\"><h2>Statuts et objectifs<\/h2><\/h3><\/div><div class=\"fusion-text fusion-text-1\"><div class=\"tz_page_content post-3621 page type-page status-publish hentry\">\n<p>La <strong>Mission la\u00efque fran\u00e7aise <\/strong>est une association cr\u00e9\u00e9e \u00e0 Paris en 1902 et reconnue d\u2019<img decoding=\"async\" class=\"lazyload wp-image-42502 size-full alignright\" src=\"https:\/\/liceofrancestenerife.es\/nuevaweb\/wp-content\/uploads\/2025\/05\/Copie-de-reseau-mlfmonde-mlf-blue.jpg\" data-orig-src=\"https:\/\/liceofrancestenerife.es\/nuevaweb\/wp-content\/uploads\/2025\/05\/Copie-de-reseau-mlfmonde-mlf-blue.jpg\" alt=\"\" width=\"600\" height=\"216\" srcset=\"data:image\/svg+xml,%3Csvg%20xmlns%3D%27http%3A%2F%2Fwww.w3.org%2F2000%2Fsvg%27%20width%3D%27600%27%20height%3D%27216%27%20viewBox%3D%270%200%20600%20216%27%3E%3Crect%20width%3D%27600%27%20height%3D%27216%27%20fill-opacity%3D%220%22%2F%3E%3C%2Fsvg%3E\" data-srcset=\"https:\/\/liceofrancestenerife.es\/nuevaweb\/wp-content\/uploads\/2025\/05\/Copie-de-reseau-mlfmonde-mlf-blue-200x72.jpg 200w, https:\/\/liceofrancestenerife.es\/nuevaweb\/wp-content\/uploads\/2025\/05\/Copie-de-reseau-mlfmonde-mlf-blue-300x108.jpg 300w, https:\/\/liceofrancestenerife.es\/nuevaweb\/wp-content\/uploads\/2025\/05\/Copie-de-reseau-mlfmonde-mlf-blue-400x144.jpg 400w, https:\/\/liceofrancestenerife.es\/nuevaweb\/wp-content\/uploads\/2025\/05\/Copie-de-reseau-mlfmonde-mlf-blue.jpg 600w\" data-sizes=\"auto\" data-orig-sizes=\"(max-width: 600px) 100vw, 600px\" \/>utilit\u00e9 publique d\u00e8s 1907.<\/p>\n<p>Elle a pour objectif, dans l\u2019article I de ses statuts, <strong>\u201cla diffusion \u00e0 travers le monde de la langue et de la culture fran\u00e7aises, en particulier par un enseignement \u00e0 caract\u00e8re la\u00efque et interculturel \u201c<\/strong>. La Mission la\u00efque fran\u00e7aise est op\u00e9rateur des minist\u00e8res des Affaires \u00e9trang\u00e8res et de l\u2019\u00c9ducation nationale.<\/p>\n<h5><span style=\"color: #808080;\"><strong>La Mission la\u00efque fran\u00e7aise :<\/strong><\/span><\/h5>\n<ul>\n<li>Cr\u00e9e et g\u00e8re des \u00e9tablissements scolaires relevant d\u2019elle, directement ou par convention, reconnus par le minist\u00e8re de l\u2019\u00c9ducation fran\u00e7ais de l\u2019\u00c9ducation nationale.<\/li>\n<li>Assiste des \u00e9tablissements d\u2019enseignement \u00e0 caract\u00e8re la\u00efque et interculturel, anim\u00e9s de son esprit, partageant les m\u00eames id\u00e9es.<\/li>\n<li>\u00a0Favorise le d\u00e9veloppement d\u2019activit\u00e9s post et p\u00e9riscolaires.<\/li>\n<li>\u00a0Prend en charge pour ses agents des op\u00e9rations de formation initiale et continue, en France ou \u00e0 l\u2019\u00e9tranger.<\/li>\n<\/ul>\n<p>L\u2019association est \u00e9galement, depuis trente ans, partenaire de quelque\u00a050 grands groupes exportateurs fran\u00e7ais et \u00e9trangers \u00e0 travers <strong>le r\u00e9seau des \u00e9coles d\u2019entreprise.<\/strong><\/p>\n<\/div>\n<\/div><div class=\"fusion-clearfix\"><\/div><\/div><\/div><div class=\"fusion-layout-column fusion_builder_column fusion-builder-column-1 fusion_builder_column_1_1 1_1 fusion-one-full fusion-column-first fusion-column-last\" style=\"margin-top:0px;margin-bottom:20px;\"><div class=\"fusion-column-wrapper fusion-flex-column-wrapper-legacy\" style=\"background-position:left top;background-repeat:no-repeat;-webkit-background-size:cover;-moz-background-size:cover;-o-background-size:cover;background-size:cover;padding: 0px 0px 0px 0px;\"><style type=\"text\/css\"><\/style><div class=\"fusion-title title fusion-title-2 fusion-sep-none fusion-title-text fusion-title-size-three\" style=\"margin-top:0px;margin-right:0px;margin-bottom:31px;margin-left:0px;\"><h3 class=\"title-heading-left\" style=\"margin:0;\"><h2>Le r\u00e9seau \u00e9ducatif<\/h2><\/h3><\/div><div class=\"fusion-text fusion-text-2\"><p>Le <strong>r\u00e9seau \u00e9ducatif fran\u00e7ais en Espagne<\/strong> compte 22 \u00e9tablissements situ\u00e9s dans 10 Communaut\u00e9s Autonomes espagnoles.<\/p>\n<p>Tous les centres du r\u00e9seau sont li\u00e9s par un instrument original, la carte d\u2019association, et coordonn\u00e9s par le <strong>\u201d Service de Coop\u00e9ration et d\u2019Action Culturelle \u201c<\/strong> de l\u2019ambassade de France en Espagne.<\/p>\n<p>Le taux \u00e9lev\u00e9 de r\u00e9ussite au baccalaur\u00e9at qui atteint les 98 %, et l\u2019importante proportion d\u2019\u00e9l\u00e8ves qui obtiennent leur dipl\u00f4me avec mention \u2013 plus de la moiti\u00e9 \u2013 sont la preuve de<strong> la qualit\u00e9 du r\u00e9seau \u00e9ducatif fran\u00e7ais en Espagne.<\/strong><\/p>\n<p><strong>Des \u00e9tablissements \u00e0 l\u2019int\u00e9rieur d\u2019un r\u00e9seau :<\/strong><\/p>\n<p style=\"padding-left: 30px;\">Tous les \u00e9tablissements sont <strong>homologu\u00e9s par le minist\u00e8re fran\u00e7ais de l\u2019Education nationale, de l\u2019enseignement sup\u00e9rieur et de la recherche<\/strong>. Ils se diff\u00e9rencient seulement par la mani\u00e8re dont ils sont g\u00e9r\u00e9s :<\/p>\n<ul>\n<li>Etablissements directement g\u00e9r\u00e9s par la France, \u201d \u00e9tablissements en gestion directe \u201c<br \/>\nEtablissements conventionn\u00e9s par l\u2019Etat fran\u00e7ais et qui d\u00e9pendent de :<\/p>\n<ul>\n<li>associations de droit local<\/li>\n<li>la <a href=\"http:\/\/www.mlfmonde.org\/\">Mission La\u00efque fran\u00e7aise<\/a><\/li>\n<li>Etablissements autofinanc\u00e9s<\/li>\n<\/ul>\n<\/li>\n<\/ul>\n<p><strong>L\u2019existence d\u2019un r\u00e9seau avec ces caract\u00e9ristiques et son fonctionnement sont le fruit d\u2019une exemplaire association entre les acteurs :<\/strong><\/p>\n<ul>\n<li>l\u2019Agence pour l\u2019Enseignement du Fran\u00e7ais \u00e0 l\u2019Etranger,<\/li>\n<li>\u00a0la Mission La\u00efque Fran\u00e7aise,<\/li>\n<li>l\u2019Ambassade de France en Espagne,<\/li>\n<li>les \u00e9tablissements eux-m\u00eames qui, par leur diversit\u00e9, contribuent \u00e0 enrichir le r\u00e9seau.<\/li>\n<\/ul>\n<p style=\"padding-left: 30px;\">Avec la signature de le Carte d\u2019Association, approuv\u00e9e en septembre 2004, les diff\u00e9rents membres du r\u00e9seau se compromettent \u00e0 contribuer au d\u00e9veloppement de la coop\u00e9ration \u00e9ducative et de l\u2019offre de formation de France en Espagne.<\/p>\n<p><span style=\"color: #808080;\"><strong>Le r\u00e9seau \u00e9ducatif fran\u00e7ais est \u00e0 votre disposition et facilite la mobilit\u00e9 professionnelle au sein de l\u2019Union Europ\u00e9enne :<\/strong><\/span><\/p>\n<ul>\n<li>parce qu\u2019il offre une continuit\u00e9 de qualit\u00e9 dans la scolarisation de vos enfants.<\/li>\n<li>parce qu\u2019il pr\u00e9pare le futur en formant chaque ann\u00e9e des milliers de jeunes qui, quand ils terminent leurs \u00e9tudes au sein du r\u00e9seau, se convertissent en futurs professionnels plurilingues et multiculturels<\/li>\n<\/ul>\n<p style=\"padding-left: 30px;\">Enfin, parce que les \u00e9l\u00e8ves des \u00e9tablissements d\u2019enseignement fran\u00e7ais , sont de diff\u00e9rentes nationalit\u00e9s et cette diversit\u00e9 favorise l\u2019\u00e9mergence d\u2019une citoyennet\u00e9 europ\u00e9enne, facteur d\u2019enrichissement r\u00e9ciproque et de respect mutuel.<\/p>\n<p>Pour plus d\u2019information :<span style=\"color: #1675a0;\"><a href=\"http:\/\/www.mlfmonde.org\/\" target=\"_blank\" rel=\"noopener\">\u00a0www.mlfmonde.org<\/a><\/span><\/p>\n<\/div><div class=\"fusion-clearfix\"><\/div><\/div><\/div><div class=\"fusion-layout-column fusion_builder_column fusion-builder-column-2 fusion_builder_column_1_1 1_1 fusion-one-full fusion-column-first fusion-column-last\" style=\"margin-top:0px;margin-bottom:20px;\"><div class=\"fusion-column-wrapper fusion-flex-column-wrapper-legacy\" style=\"background-position:left top;background-repeat:no-repeat;-webkit-background-size:cover;-moz-background-size:cover;-o-background-size:cover;background-size:cover;padding: 0px 0px 0px 0px;\"><style type=\"text\/css\"><\/style><div class=\"fusion-title title fusion-title-3 fusion-sep-none fusion-title-text fusion-title-size-three\" style=\"margin-top:0px;margin-right:0px;margin-bottom:31px;margin-left:0px;\"><h3 class=\"title-heading-left\" style=\"margin:0;\"><h2>Pour vos Enfants<\/h2><\/h3><\/div><div class=\"fusion-clearfix\"><\/div><\/div><\/div><div class=\"fusion-layout-column fusion_builder_column fusion-builder-column-3 fusion_builder_column_1_1 1_1 fusion-one-full fusion-column-first fusion-column-last\" style=\"margin-top:0px;margin-bottom:20px;\"><div class=\"fusion-column-wrapper fusion-flex-column-wrapper-legacy\" style=\"background-position:left top;background-repeat:no-repeat;-webkit-background-size:cover;-moz-background-size:cover;-o-background-size:cover;background-size:cover;padding: 0px 0px 0px 0px;\"><div class=\"fusion-text fusion-text-3\"><ul>\n<li>\n<h3>La garantie d\u2019un enseignement de qualit\u00e9<\/h3>\n<\/li>\n<\/ul>\n<p style=\"padding-left: 30px;\">Une experiencia n\u00e9e de la tradition d\u2019un si\u00e8cle d\u2019\u00e9cole fran\u00e7aise.<br \/>\nEcoles, coll\u00e8ges, lyc\u00e9es reconnus par le Minist\u00e8re fran\u00e7ais de l\u2019Eduation Nationale et par des enseignants s\u00e9lectionn\u00e9s localement.<\/p>\n<ul>\n<li>\n<h3>Une \u00e9cole engag\u00e9e dans la modernit\u00e9 qui offre \u00e0 ses \u00e9l\u00e8ves le capital culturel garant de leur avenir<\/h3>\n<\/li>\n<\/ul>\n<p style=\"padding-left: 30px;\">Gr\u00e2ce \u00e0 un enseignement pluriculturel et \u00e0 l\u2019adaptation de l\u2019\u00e9tablissement aux suj\u00e9tions locales, l\u2019\u00e9l\u00e8ve a la possibilit\u00e9, \u00e0 tout moment de choisir le syst\u00e8me \u00e9ducatif fran\u00e7ais ou local. Les 2 curricula lui sont la plupart du temps propos\u00e9s. Un enseignement plurilingue permet aux \u00e9l\u00e8ves l\u2019apprentissage pr\u00e9coce de leur langue maternelle, du fran\u00e7ais et de l\u2019anglais.<\/p>\n<ul>\n<li>\n<h3>Una \u00e9cole respectueuse de la libert\u00e9 de conscience et des cultures de chacun<\/h3>\n<\/li>\n<\/ul>\n<p style=\"padding-left: 30px;\">Fond\u00e9e en 1902 pour promouvoir la la\u00efcit\u00e9 en action \u00e0 travers l\u2019\u00e9cole, la Mission la\u00efque fran\u00e7aise accueille dans chacun de ses \u00e9tablissements les enfants de toute nationalit\u00e9s, de toute culture et confession dans un esprit de dialogue et de compr\u00e9hension mutuelle.<\/p>\n<ul>\n<li>\n<h3>Une \u00e9cole pour un monde solidaire, au service de la paix<\/h3>\n<\/li>\n<\/ul>\n<p style=\"padding-left: 30px;\">Engag\u00e9e sur des terrains o\u00f9 l\u2019\u00e9cole est menac\u00e9e, o\u00f9 les \u00e9l\u00e8ves ne b\u00e9n\u00e9ficient pas des meilleures conditions d\u2019enseignement, la Mission la\u00efque s\u2019investit dans des op\u00e9rations de solidarit\u00e9 et de coop\u00e9ration avec les syst\u00e8mes \u00e9ducatifs \u00e9trangers.<\/p>\n<ul>\n<li>\n<h3>Un r\u00e9seau dynamique d\u2019\u00e9coles au service des entreprises pour favoriser la mobilit\u00e9 internationale<\/h3>\n<\/li>\n<\/ul>\n<p style=\"padding-left: 30px;\">Le r\u00e9seau d\u2019\u00e9coles d\u2019entreprise de la Mission la\u00efque fran\u00e7aise garantit la continuit\u00e9 scolaire aux familles expatri\u00e9es tout en leur offrant l\u2019enrichissement d\u2019un autre environnement culturel.<\/p>\n<\/div><div class=\"fusion-clearfix\"><\/div><\/div><\/div><\/div><\/div>\n","protected":false},"excerpt":{"rendered":"","protected":false},"author":1,"featured_media":0,"parent":0,"menu_order":0,"comment_status":"closed","ping_status":"closed","template":"","meta":{"footnotes":""},"class_list":["post-9750","page","type-page","status-publish","hentry"],"_links":{"self":[{"href":"https:\/\/liceofrancestenerife.es\/fr\/wp-json\/wp\/v2\/pages\/9750","targetHints":{"allow":["GET"]}}],"collection":[{"href":"https:\/\/liceofrancestenerife.es\/fr\/wp-json\/wp\/v2\/pages"}],"about":[{"href":"https:\/\/liceofrancestenerife.es\/fr\/wp-json\/wp\/v2\/types\/page"}],"author":[{"embeddable":true,"href":"https:\/\/liceofrancestenerife.es\/fr\/wp-json\/wp\/v2\/users\/1"}],"replies":[{"embeddable":true,"href":"https:\/\/liceofrancestenerife.es\/fr\/wp-json\/wp\/v2\/comments?post=9750"}],"version-history":[{"count":15,"href":"https:\/\/liceofrancestenerife.es\/fr\/wp-json\/wp\/v2\/pages\/9750\/revisions"}],"predecessor-version":[{"id":43026,"href":"https:\/\/liceofrancestenerife.es\/fr\/wp-json\/wp\/v2\/pages\/9750\/revisions\/43026"}],"wp:attachment":[{"href":"https:\/\/liceofrancestenerife.es\/fr\/wp-json\/wp\/v2\/media?parent=9750"}],"curies":[{"name":"wp","href":"https:\/\/api.w.org\/{rel}","templated":true}]}}