{"id":9814,"date":"2016-12-09T15:28:00","date_gmt":"2016-12-09T15:28:00","guid":{"rendered":"http:\/\/liceofrancestenerife.es\/nuevaweb\/?page_id=9814\/"},"modified":"2018-09-24T09:00:28","modified_gmt":"2018-09-24T08:00:28","slug":"activites-periscolaires","status":"publish","type":"page","link":"https:\/\/liceofrancestenerife.es\/fr\/activites-periscolaires\/","title":{"rendered":"Activit\u00e9s P\u00e9riscolaires"},"content":{"rendered":"<p><div class=\"fusion-fullwidth fullwidth-box fusion-builder-row-1 nonhundred-percent-fullwidth non-hundred-percent-height-scrolling\" style=\"background-color: rgba(255,255,255,0);background-position: center center;background-repeat: no-repeat;padding-top:20px;padding-right:0px;padding-bottom:20px;padding-left:0px;margin-bottom: 0px;margin-top: 0px;border-width: 0px 0px 0px 0px;border-color:#eae9e9;border-style:solid;\" ><div class=\"fusion-builder-row fusion-row\"><div class=\"fusion-layout-column fusion_builder_column fusion-builder-column-0 fusion_builder_column_1_1 1_1 fusion-one-full fusion-column-first fusion-column-last\" style=\"margin-top:0px;margin-bottom:20px;\"><div class=\"fusion-column-wrapper fusion-flex-column-wrapper-legacy\" style=\"background-position:left top;background-repeat:no-repeat;-webkit-background-size:cover;-moz-background-size:cover;-o-background-size:cover;background-size:cover;padding: 0px 0px 0px 0px;\"><span class=\" fusion-imageframe imageframe-none imageframe-1 hover-type-none\"><a href=\"http:\/\/liceofrancestenerife.es\/nuevaweb\/wp-content\/uploads\/2018\/09\/Tableau-activite\u0301s-en-franc\u0327ais-.jpg\" class=\"fusion-lightbox\" data-rel=\"iLightbox[68d0a7eda5fe52ee193]\" title=\"Tableau activite\u0301s en franc\u0327ais\"><img decoding=\"async\" width=\"2000\" height=\"2829\" alt=\"ACTIVIT\u00c9S-P\u00c9RISCOLAIRES\" src=\"https:\/\/liceofrancestenerife.es\/nuevaweb\/wp-content\/uploads\/2018\/09\/Tableau-activite\u0301s-en-franc\u0327ais-.jpg\" data-orig-src=\"http:\/\/liceofrancestenerife.es\/nuevaweb\/wp-content\/uploads\/2018\/09\/Tableau-activite\u0301s-en-franc\u0327ais-.jpg\" class=\"lazyload img-responsive wp-image-23793\" srcset=\"data:image\/svg+xml,%3Csvg%20xmlns%3D%27http%3A%2F%2Fwww.w3.org%2F2000%2Fsvg%27%20width%3D%272000%27%20height%3D%272829%27%20viewBox%3D%270%200%202000%202829%27%3E%3Crect%20width%3D%272000%27%20height%3D%272829%27%20fill-opacity%3D%220%22%2F%3E%3C%2Fsvg%3E\" data-srcset=\"https:\/\/liceofrancestenerife.es\/nuevaweb\/wp-content\/uploads\/2018\/09\/Tableau-activite\u0301s-en-franc\u0327ais--200x283.jpg 200w, https:\/\/liceofrancestenerife.es\/nuevaweb\/wp-content\/uploads\/2018\/09\/Tableau-activite\u0301s-en-franc\u0327ais--400x566.jpg 400w, https:\/\/liceofrancestenerife.es\/nuevaweb\/wp-content\/uploads\/2018\/09\/Tableau-activite\u0301s-en-franc\u0327ais--600x849.jpg 600w, https:\/\/liceofrancestenerife.es\/nuevaweb\/wp-content\/uploads\/2018\/09\/Tableau-activite\u0301s-en-franc\u0327ais--800x1132.jpg 800w, https:\/\/liceofrancestenerife.es\/nuevaweb\/wp-content\/uploads\/2018\/09\/Tableau-activite\u0301s-en-franc\u0327ais--1200x1697.jpg 1200w, https:\/\/liceofrancestenerife.es\/nuevaweb\/wp-content\/uploads\/2018\/09\/Tableau-activite\u0301s-en-franc\u0327ais-.jpg 2000w\" data-sizes=\"auto\" data-orig-sizes=\"(max-width: 800px) 100vw, 2000px\" \/><\/a><\/span><div class=\"fusion-clearfix\"><\/div><\/div><\/div><div class=\"fusion-layout-column fusion_builder_column fusion-builder-column-1 fusion_builder_column_1_1 1_1 fusion-one-full fusion-column-first fusion-column-last\" style=\"margin-top:0px;margin-bottom:20px;\"><div class=\"fusion-column-wrapper fusion-flex-column-wrapper-legacy\" style=\"background-position:left top;background-repeat:no-repeat;-webkit-background-size:cover;-moz-background-size:cover;-o-background-size:cover;background-size:cover;padding: 0px 0px 0px 0px;\"><style type=\"text\/css\"><\/style><div class=\"fusion-title title fusion-title-1 fusion-sep-none fusion-title-text fusion-title-size-three\" style=\"margin-top:0px;margin-right:0px;margin-bottom:31px;margin-left:0px;\"><h3 class=\"title-heading-left\" style=\"margin:0;\"><h2><span style=\"color: #1675a0;\"><strong>Activit\u00e9s P\u00e9riscolaires<\/strong><\/span><\/h2><\/h3><\/div><div class=\"fusion-text fusion-text-1\"><p class=\"rtejustify\">Une <a href=\"http:\/\/www.educacion-activa.es\/\" target=\"_blank\" rel=\"noopener\"><strong>\u00e9ducation active<\/strong><\/a> en partenariat avec l\u2019\u00e9cole Fran\u00e7ais de Tenerife organise des activit\u00e9s extra scolaires depuis plus de 5 ans.<\/p>\n<p class=\"rtejustify\">Form\u00e9 par des professionnels des services d\u2019enseignement bilingues qui organise, g\u00e8re et d\u00e9veloppe toutes sortes d\u2019extra scolaires, \u00e9ducatives, sportives, culturelles et de loisirs.<\/p>\n<p class=\"rtejustify\">Les activit\u00e9s sont diverses : Meridian, l\u2019apr\u00e8s-midi, les camps, les campus de sport, ou au sein du club Jules Verne o\u00f9 l\u2019\u00e9quipe de football se gagne, l\u2019un apr\u00e8s l\u2019autre.<\/p>\n<h3><span style=\"color: #1675a0;\"><strong>Contact<\/strong>:<\/span><\/h3>\n<p><strong>662097852<\/strong>\u00a0\u00a0 \u00a6 \u00a0 <strong>clubjulesverne@yahoo.es<\/strong>\u00a0\u00a0 \u00a6<strong>\u00a0 \u00a0<\/strong><strong><a href=\"http:\/\/www.educacion-activa.es\/\">www.educacion-activa.es<\/a><\/strong><\/p>\n<\/div><div class=\"fusion-clearfix\"><\/div><\/div><\/div><\/div><\/div><div class=\"fusion-fullwidth fullwidth-box fusion-builder-row-2 nonhundred-percent-fullwidth non-hundred-percent-height-scrolling\" style=\"background-color: rgba(255,255,255,0);background-position: center center;background-repeat: no-repeat;padding-top:0px;padding-right:0px;padding-bottom:0px;padding-left:0px;margin-bottom: 0px;margin-top: 0px;border-width: 0px 0px 0px 0px;border-color:#eae9e9;border-style:solid;\" ><div class=\"fusion-builder-row fusion-row\"><div class=\"fusion-layout-column fusion_builder_column fusion-builder-column-2 fusion_builder_column_1_2 1_2 fusion-one-half fusion-column-first\" style=\"width:50%;width:calc(50% - ( ( 4% ) * 0.5 ) );margin-right: 4%;margin-top:0px;margin-bottom:20px;\"><div class=\"fusion-column-wrapper fusion-flex-column-wrapper-legacy\" style=\"background-position:left top;background-repeat:no-repeat;-webkit-background-size:cover;-moz-background-size:cover;-o-background-size:cover;background-size:cover;padding: 0px 0px 0px 0px;\"><div class=\"fusion-alignleft\"><style type=\"text\/css\">.fusion-button.button-1 {border-radius:2px;}<\/style><a class=\"fusion-button button-flat fusion-button-default-size button-default button-1 fusion-button-default-span fusion-button-default-type\" target=\"_self\" href=\"http:\/\/liceofrancestenerife.es\/fr\/activites-periscolaires\/las-actividades\/\"><i class=\" fa fa-fort-awesome button-icon-left\" aria-hidden=\"true\"><\/i><span class=\"fusion-button-text\">Des activit\u00e9s<\/span><\/a><\/div><div class=\"fusion-clearfix\"><\/div><\/div><\/div><div class=\"fusion-layout-column fusion_builder_column fusion-builder-column-3 fusion_builder_column_1_2 1_2 fusion-one-half fusion-column-last\" style=\"width:50%;width:calc(50% - ( ( 4% ) * 0.5 ) );margin-top:0px;margin-bottom:20px;\"><div class=\"fusion-column-wrapper fusion-flex-column-wrapper-legacy\" style=\"background-position:left top;background-repeat:no-repeat;-webkit-background-size:cover;-moz-background-size:cover;-o-background-size:cover;background-size:cover;padding: 0px 0px 0px 0px;\"><div class=\"fusion-alignright\"><style type=\"text\/css\">.fusion-button.button-2 {border-radius:2px;}<\/style><a class=\"fusion-button button-flat fusion-button-default-size button-default button-2 fusion-button-default-span fusion-button-default-type\" target=\"_self\" href=\"http:\/\/liceofrancestenerife.es\/nuevaweb\/wp-content\/uploads\/2018\/09\/INSCRIPTION-ACTIVITE\u0301S-FR-2018-19-copia.pdf\"><i class=\" fa fa-pencil button-icon-left\" aria-hidden=\"true\"><\/i><span class=\"fusion-button-text\">Inscrivez-vous<\/span><\/a><\/div><div class=\"fusion-clearfix\"><\/div><\/div><\/div><div class=\"fusion-layout-column fusion_builder_column fusion-builder-column-4 fusion_builder_column_1_2 1_2 fusion-one-half fusion-column-first\" style=\"width:50%;width:calc(50% - ( ( 4% ) * 0.5 ) );margin-right: 4%;margin-top:0px;margin-bottom:20px;\"><div class=\"fusion-column-wrapper fusion-flex-column-wrapper-legacy\" style=\"background-position:left top;background-repeat:no-repeat;-webkit-background-size:cover;-moz-background-size:cover;-o-background-size:cover;background-size:cover;padding: 0px 0px 0px 0px;\"><div class=\"fusion-alignleft\"><style type=\"text\/css\">.fusion-button.button-3 {border-radius:2px;}<\/style><a class=\"fusion-button button-flat fusion-button-default-size button-default button-3 fusion-button-default-span fusion-button-default-type\" target=\"_self\" href=\"http:\/\/liceofrancestenerife.es\/fr\/activites-periscolaires\/normas-de-uso\/\"><i class=\" fa fa-list-alt button-icon-left\" aria-hidden=\"true\"><\/i><span class=\"fusion-button-text\">R\u00c8GLES DE FONCTIONNEMENT<\/span><\/a><\/div><div class=\"fusion-clearfix\"><\/div><\/div><\/div><div class=\"fusion-layout-column fusion_builder_column fusion-builder-column-5 fusion_builder_column_1_2 1_2 fusion-one-half fusion-column-last\" style=\"width:50%;width:calc(50% - ( ( 4% ) * 0.5 ) );margin-top:0px;margin-bottom:20px;\"><div class=\"fusion-column-wrapper fusion-flex-column-wrapper-legacy\" style=\"background-position:left top;background-repeat:no-repeat;-webkit-background-size:cover;-moz-background-size:cover;-o-background-size:cover;background-size:cover;padding: 0px 0px 0px 0px;\"><div class=\"fusion-alignright\"><style type=\"text\/css\">.fusion-button.button-4 {border-radius:2px;}<\/style><a class=\"fusion-button button-flat fusion-button-default-size button-default button-4 fusion-button-default-span fusion-button-default-type\" target=\"_self\" href=\"http:\/\/liceofrancestenerife.es\/fr\/activites-periscolaires\/campamentos\/\"><i class=\" fa fa-comments-o button-icon-left\" aria-hidden=\"true\"><\/i><span class=\"fusion-button-text\">CENTRE DE LOISIRS EN FRAN\u00c7AIS<\/span><\/a><\/div><div class=\"fusion-clearfix\"><\/div><\/div><\/div><div class=\"fusion-layout-column fusion_builder_column fusion-builder-column-6 fusion_builder_column_1_1 1_1 fusion-one-full fusion-column-first fusion-column-last\" style=\"margin-top:0px;margin-bottom:20px;\"><div class=\"fusion-column-wrapper fusion-flex-column-wrapper-legacy\" style=\"background-position:left top;background-repeat:no-repeat;-webkit-background-size:cover;-moz-background-size:cover;-o-background-size:cover;background-size:cover;padding: 0px 0px 0px 0px;\"><div class=\"fusion-aligncenter\"><style type=\"text\/css\">.fusion-button.button-5 {border-radius:2px;}<\/style><a class=\"fusion-button button-flat fusion-button-default-size button-default button-5 fusion-button-default-span fusion-button-default-type\" target=\"_self\" href=\"http:\/\/liceofrancestenerife.es\/fr\/activites-periscolaires\/campus-deportivos\/\"><i class=\" fa fa-futbol-o button-icon-left\" aria-hidden=\"true\"><\/i><span class=\"fusion-button-text\">Campus sportif<\/span><\/a><\/div><div class=\"fusion-clearfix\"><\/div><\/div><\/div><\/div><\/div><\/p>\n","protected":false},"excerpt":{"rendered":"","protected":false},"author":1,"featured_media":0,"parent":0,"menu_order":0,"comment_status":"closed","ping_status":"closed","template":"","meta":{"footnotes":""},"class_list":["post-9814","page","type-page","status-publish","hentry"],"_links":{"self":[{"href":"https:\/\/liceofrancestenerife.es\/fr\/wp-json\/wp\/v2\/pages\/9814","targetHints":{"allow":["GET"]}}],"collection":[{"href":"https:\/\/liceofrancestenerife.es\/fr\/wp-json\/wp\/v2\/pages"}],"about":[{"href":"https:\/\/liceofrancestenerife.es\/fr\/wp-json\/wp\/v2\/types\/page"}],"author":[{"embeddable":true,"href":"https:\/\/liceofrancestenerife.es\/fr\/wp-json\/wp\/v2\/users\/1"}],"replies":[{"embeddable":true,"href":"https:\/\/liceofrancestenerife.es\/fr\/wp-json\/wp\/v2\/comments?post=9814"}],"version-history":[{"count":12,"href":"https:\/\/liceofrancestenerife.es\/fr\/wp-json\/wp\/v2\/pages\/9814\/revisions"}],"predecessor-version":[{"id":23795,"href":"https:\/\/liceofrancestenerife.es\/fr\/wp-json\/wp\/v2\/pages\/9814\/revisions\/23795"}],"wp:attachment":[{"href":"https:\/\/liceofrancestenerife.es\/fr\/wp-json\/wp\/v2\/media?parent=9814"}],"curies":[{"name":"wp","href":"https:\/\/api.w.org\/{rel}","templated":true}]}}